{"id":6355,"date":"2016-11-22T18:33:49","date_gmt":"2016-11-22T17:33:49","guid":{"rendered":"https:\/\/www.resonnance.org\/shop\/?post_type=product&#038;p=6355"},"modified":"2016-11-25T20:55:03","modified_gmt":"2016-11-25T19:55:03","slug":"piano-a-quatre-mains-elizabeth-sombart-jean-claude-denervaud","status":"publish","type":"product","link":"https:\/\/www.resonnance.org\/shop\/produit\/piano-a-quatre-mains-elizabeth-sombart-jean-claude-denervaud\/","title":{"rendered":"Piano \u00e0 quatre Mains &#8211; Elizabeth Sombart &#038; Jean-Claude D\u00e9nervaud"},"content":{"rendered":"<h5 class=\"uppercase white\">Piano \u00e0 quatre Mains : <br \/>\n Elizabeth Sombart &amp; Jean-Claude D\u00e9nervaud<\/h5>\n<p class=\"nomarginbottom\">Elizabeth Sombart &amp;<br \/>\n Jean-Claude D\u00e9nervaud, pianistes \u00a0<\/p>\n<div class=\"tracks\">\n<hr class=\"total-divider\" \/>\n<p><audio id=\"localAudio\"><\/audio> <!-- localAudio --><\/p>\n<p class=\"nomarginbottom rt-teaser\">Sonate pour piano \u00e0 4 mains en do majeur, KV 521<br \/>\nWolfgang Amadeus Mozart (1759-1791)<\/p>\n<div class=\"mp3Player\" data-src=\"https:\/\/s3-us-west-2.amazonaws.com\/resshop\/audio\/piano4mains\/excerpts\/track-01.mp3\" data-pos=\"0\">\n<p><button class=\"btnPlayPause\"><span class=\"controller\" aria-hidden=\"true\" data-icon=\"\ue002\"><\/span><span class=\"screen-reader-text\">Play<\/span><\/button> <span class=\"pull-right\">6:50<\/span><\/p>\n<ol class=\"trackinfo\" start=\"1\">\n<li>1er mouvement &#8211; Allegro<\/li>\n<\/ol>\n<\/div>\n<div class=\"mp3Player\" data-src=\"https:\/\/s3-us-west-2.amazonaws.com\/resshop\/audio\/piano4mains\/excerpts\/track-02.mp3\" data-pos=\"0\">\n<p><button class=\"btnPlayPause\"><span class=\"controller\" aria-hidden=\"true\" data-icon=\"\ue002\"><\/span><span class=\"screen-reader-text\">Play<\/span><\/button> <span class=\"pull-right\">6:20<\/span><\/p>\n<ol class=\"trackinfo\" start=\"2\">\n<li>2\u00e8me mouvement &#8211; Andante<\/li>\n<\/ol>\n<\/div>\n<div class=\"mp3Player\" data-src=\"https:\/\/s3-us-west-2.amazonaws.com\/resshop\/audio\/piano4mains\/excerpts\/track-03.mp3\" data-pos=\"0\">\n<p><button class=\"btnPlayPause\"><span class=\"controller\" aria-hidden=\"true\" data-icon=\"\ue002\"><\/span><span class=\"screen-reader-text\">Play<\/span><\/button> <span class=\"pull-right\">7:29<\/span><\/p>\n<ol class=\"trackinfo\" start=\"3\">\n<li>3\u00e8me mouvement &#8211; Allegro<\/li>\n<\/ol>\n<\/div>\n<hr class=\"total-divider\" \/>\n<p class=\"nomarginbottom rt-teaser\">Fantaisie pour piano \u00e0 4 mains en fa mineur, Op. 103, D. 940<br \/>\nFranz Schubert (1797-1828)<\/p>\n<div class=\"mp3Player\" data-src=\"https:\/\/s3-us-west-2.amazonaws.com\/resshop\/audio\/piano4mains\/excerpts\/track-04.mp3\" data-pos=\"0\">\n<p><button class=\"btnPlayPause\"><span class=\"controller\" aria-hidden=\"true\" data-icon=\"\ue002\"><\/span><span class=\"screen-reader-text\">Play<\/span><\/button> <span class=\"pull-right\">17:23<\/span><\/p>\n<ol class=\"trackinfo\" start=\"4\">\n<li>4 mouvements<\/li>\n<\/ol>\n<\/div>\n<hr class=\"total-divider\" \/>\n<p class=\"nomarginbottom rt-teaser\">Variations sur un th\u00e8me en mi b\u00e9mol majeur de Robert Schumann, Op. 23<br \/>\nJohannes Brahms (1833-1897)<\/p>\n<div class=\"mp3Player\" data-src=\"https:\/\/s3-us-west-2.amazonaws.com\/resshop\/audio\/piano4mains\/excerpts\/track-05.mp3\" data-pos=\"0\">\n<p><button class=\"btnPlayPause\"><span class=\"controller\" aria-hidden=\"true\" data-icon=\"\ue002\"><\/span><span class=\"screen-reader-text\">Play<\/span><\/button> <span class=\"pull-right\">1:28<\/span><\/p>\n<ol class=\"trackinfo\" start=\"5\">\n<li>Th\u00e8me<\/li>\n<\/ol>\n<\/div>\n<div class=\"mp3Player\" data-src=\"https:\/\/s3-us-west-2.amazonaws.com\/resshop\/audio\/piano4mains\/excerpts\/track-06.mp3\" data-pos=\"0\">\n<p><button class=\"btnPlayPause\"><span class=\"controller\" aria-hidden=\"true\" data-icon=\"\ue002\"><\/span><span class=\"screen-reader-text\">Play<\/span><\/button> <span class=\"pull-right\">1:30<\/span><\/p>\n<ol class=\"trackinfo\" start=\"6\">\n<li>Variation I<\/li>\n<\/ol>\n<\/div>\n<div class=\"mp3Player\" data-src=\"https:\/\/s3-us-west-2.amazonaws.com\/resshop\/audio\/piano4mains\/excerpts\/track-07.mp3\" data-pos=\"0\">\n<p><button class=\"btnPlayPause\"><span class=\"controller\" aria-hidden=\"true\" data-icon=\"\ue002\"><\/span><span class=\"screen-reader-text\">Play<\/span><\/button> <span class=\"pull-right\">2:15<\/span><\/p>\n<ol class=\"trackinfo\" start=\"7\">\n<li>Variation II<\/li>\n<\/ol>\n<\/div>\n<div class=\"mp3Player\" data-src=\"https:\/\/s3-us-west-2.amazonaws.com\/resshop\/audio\/piano4mains\/excerpts\/track-08.mp3\" data-pos=\"0\">\n<p><button class=\"btnPlayPause\"><span class=\"controller\" aria-hidden=\"true\" data-icon=\"\ue002\"><\/span><span class=\"screen-reader-text\">Play<\/span><\/button> <span class=\"pull-right\">1:26<\/span><\/p>\n<ol class=\"trackinfo\" start=\"8\">\n<li>Variation III<\/li>\n<\/ol>\n<\/div>\n<div class=\"mp3Player\" data-src=\"https:\/\/s3-us-west-2.amazonaws.com\/resshop\/audio\/piano4mains\/excerpts\/track-09.mp3\" data-pos=\"0\">\n<p><button class=\"btnPlayPause\"><span class=\"controller\" aria-hidden=\"true\" data-icon=\"\ue002\"><\/span><span class=\"screen-reader-text\">Play<\/span><\/button> <span class=\"pull-right\">1:33<\/span><\/p>\n<ol class=\"trackinfo\" start=\"9\">\n<li>Variation IV<\/li>\n<\/ol>\n<\/div>\n<div class=\"mp3Player\" data-src=\"https:\/\/s3-us-west-2.amazonaws.com\/resshop\/audio\/piano4mains\/excerpts\/track-10.mp3\" data-pos=\"0\">\n<p><button class=\"btnPlayPause\"><span class=\"controller\" aria-hidden=\"true\" data-icon=\"\ue002\"><\/span><span class=\"screen-reader-text\">Play<\/span><\/button> <span class=\"pull-right\">1:49<\/span><\/p>\n<ol class=\"trackinfo\" start=\"10\">\n<li>Variation V<\/li>\n<\/ol>\n<\/div>\n<div class=\"mp3Player\" data-src=\"https:\/\/s3-us-west-2.amazonaws.com\/resshop\/audio\/piano4mains\/excerpts\/track-11.mp3\" data-pos=\"0\">\n<p><button class=\"btnPlayPause\"><span class=\"controller\" aria-hidden=\"true\" data-icon=\"\ue002\"><\/span><span class=\"screen-reader-text\">Play<\/span><\/button> <span class=\"pull-right\">0:50<\/span><\/p>\n<ol class=\"trackinfo\" start=\"11\">\n<li>Variation VI<\/li>\n<\/ol>\n<\/div>\n<div class=\"mp3Player\" data-src=\"https:\/\/s3-us-west-2.amazonaws.com\/resshop\/audio\/piano4mains\/excerpts\/track-12.mp3\" data-pos=\"0\">\n<p><button class=\"btnPlayPause\"><span class=\"controller\" aria-hidden=\"true\" data-icon=\"\ue002\"><\/span><span class=\"screen-reader-text\">Play<\/span><\/button> <span class=\"pull-right\">0:48<\/span><\/p>\n<ol class=\"trackinfo\" start=\"12\">\n<li>Variation VII<\/li>\n<\/ol>\n<\/div>\n<div class=\"mp3Player\" data-src=\"https:\/\/s3-us-west-2.amazonaws.com\/resshop\/audio\/piano4mains\/excerpts\/track-13.mp3\" data-pos=\"0\">\n<p><button class=\"btnPlayPause\"><span class=\"controller\" aria-hidden=\"true\" data-icon=\"\ue002\"><\/span><span class=\"screen-reader-text\">Play<\/span><\/button> <span class=\"pull-right\">0:46<\/span><\/p>\n<ol class=\"trackinfo\" start=\"13\">\n<li>Variation VIII<\/li>\n<\/ol>\n<\/div>\n<div class=\"mp3Player\" data-src=\"https:\/\/s3-us-west-2.amazonaws.com\/resshop\/audio\/piano4mains\/excerpts\/track-14.mp3\" data-pos=\"0\">\n<p><button class=\"btnPlayPause\"><span class=\"controller\" aria-hidden=\"true\" data-icon=\"\ue002\"><\/span><span class=\"screen-reader-text\">Play<\/span><\/button> <span class=\"pull-right\">1:32<\/span><\/p>\n<ol class=\"trackinfo\" start=\"14\">\n<li>Variation IX<\/li>\n<\/ol>\n<\/div>\n<div class=\"mp3Player\" data-src=\"https:\/\/s3-us-west-2.amazonaws.com\/resshop\/audio\/piano4mains\/excerpts\/track-15.mp3\" data-pos=\"0\">\n<p><button class=\"btnPlayPause\"><span class=\"controller\" aria-hidden=\"true\" data-icon=\"\ue002\"><\/span><span class=\"screen-reader-text\">Play<\/span><\/button> <span class=\"pull-right\">2:26<\/span><\/p>\n<ol class=\"trackinfo\" start=\"15\">\n<li>Variation X<\/li>\n<\/ol>\n<\/div>\n<hr class=\"total-divider\" \/>\n<div class=\"mp3Player\"><span class=\"pull-right\">54:25<\/span> <span class=\"infoLabel\">Dur\u00e9e totale<\/span><\/div>\n<\/div>\n<p><!-- tracks --><\/p>\n","protected":false},"excerpt":{"rendered":"<p>Piano \u00e0 quatre Mains : Elizabeth Sombart &amp; Jean-Claude D\u00e9nervaud Elizabeth Sombart &amp; Jean-Claude D\u00e9nervaud, pianistes \u00a0 Sonate pour piano \u00e0 4 mains en do majeur, KV 521 Wolfgang Amadeus Mozart (1759-1791) Play 6:50 1er mouvement &#8211; Allegro Play 6:20 2\u00e8me mouvement &#8211; Andante Play 7:29 3\u00e8me mouvement &#8211; Allegro Fantaisie pour piano \u00e0 4 [&hellip;]<\/p>\n","protected":false},"featured_media":6241,"comment_status":"open","ping_status":"closed","template":"","meta":{"_acf_changed":false},"product_brand":[],"product_cat":[48,50],"product_tag":[],"class_list":{"0":"post-6355","1":"product","2":"type-product","3":"status-publish","4":"has-post-thumbnail","6":"product_cat-cd","7":"product_cat-elizabeth-sombart","10":"first","11":"instock","12":"shipping-taxable","13":"purchasable","14":"product-type-simple"},"acf":[],"yoast_head":"<!-- This site is optimized with the Yoast SEO plugin v23.9 - https:\/\/yoast.com\/wordpress\/plugins\/seo\/ -->\n<title>Piano \u00e0 quatre Mains - Elizabeth Sombart &amp; Jean-Claude D\u00e9nervaud - La Boutique<\/title>\n<meta name=\"robots\" content=\"index, follow, max-snippet:-1, max-image-preview:large, max-video-preview:-1\" \/>\n<link rel=\"canonical\" href=\"https:\/\/www.resonnance.org\/shop\/produit\/piano-a-quatre-mains-elizabeth-sombart-jean-claude-denervaud\/\" \/>\n<meta property=\"og:locale\" content=\"fr_FR\" \/>\n<meta property=\"og:type\" content=\"article\" \/>\n<meta property=\"og:title\" content=\"Piano \u00e0 quatre Mains - Elizabeth Sombart &amp; Jean-Claude D\u00e9nervaud - La Boutique\" \/>\n<meta property=\"og:description\" content=\"Piano \u00e0 quatre Mains : Elizabeth Sombart &amp; Jean-Claude D\u00e9nervaud Elizabeth Sombart &amp; Jean-Claude D\u00e9nervaud, pianistes \u00a0 Sonate pour piano \u00e0 4 mains en do majeur, KV 521 Wolfgang Amadeus Mozart (1759-1791) Play 6:50 1er mouvement &#8211; Allegro Play 6:20 2\u00e8me mouvement &#8211; Andante Play 7:29 3\u00e8me mouvement &#8211; Allegro Fantaisie pour piano \u00e0 4 [&hellip;]\" \/>\n<meta property=\"og:url\" content=\"https:\/\/www.resonnance.org\/shop\/produit\/piano-a-quatre-mains-elizabeth-sombart-jean-claude-denervaud\/\" \/>\n<meta property=\"og:site_name\" content=\"La Boutique\" \/>\n<meta property=\"article:modified_time\" content=\"2016-11-25T19:55:03+00:00\" \/>\n<meta property=\"og:image\" content=\"https:\/\/www.resonnance.org\/shop\/wp-content\/uploads\/sites\/19\/2016\/11\/front-lg-11.jpg\" \/>\n\t<meta property=\"og:image:width\" content=\"230\" \/>\n\t<meta property=\"og:image:height\" content=\"230\" \/>\n\t<meta property=\"og:image:type\" content=\"image\/jpeg\" \/>\n<meta name=\"twitter:card\" content=\"summary_large_image\" \/>\n<meta name=\"twitter:label1\" content=\"Dur\u00e9e de lecture estim\u00e9e\" \/>\n\t<meta name=\"twitter:data1\" content=\"1 minute\" \/>\n<script type=\"application\/ld+json\" class=\"yoast-schema-graph\">{\"@context\":\"https:\/\/schema.org\",\"@graph\":[{\"@type\":\"WebPage\",\"@id\":\"https:\/\/www.resonnance.org\/shop\/produit\/piano-a-quatre-mains-elizabeth-sombart-jean-claude-denervaud\/\",\"url\":\"https:\/\/www.resonnance.org\/shop\/produit\/piano-a-quatre-mains-elizabeth-sombart-jean-claude-denervaud\/\",\"name\":\"Piano \u00e0 quatre Mains - Elizabeth Sombart & Jean-Claude D\u00e9nervaud - La Boutique\",\"isPartOf\":{\"@id\":\"https:\/\/www.resonnance.org\/shop\/#website\"},\"primaryImageOfPage\":{\"@id\":\"https:\/\/www.resonnance.org\/shop\/produit\/piano-a-quatre-mains-elizabeth-sombart-jean-claude-denervaud\/#primaryimage\"},\"image\":{\"@id\":\"https:\/\/www.resonnance.org\/shop\/produit\/piano-a-quatre-mains-elizabeth-sombart-jean-claude-denervaud\/#primaryimage\"},\"thumbnailUrl\":\"https:\/\/www.resonnance.org\/shop\/wp-content\/uploads\/sites\/19\/2016\/11\/front-lg-11.jpg\",\"datePublished\":\"2016-11-22T17:33:49+00:00\",\"dateModified\":\"2016-11-25T19:55:03+00:00\",\"breadcrumb\":{\"@id\":\"https:\/\/www.resonnance.org\/shop\/produit\/piano-a-quatre-mains-elizabeth-sombart-jean-claude-denervaud\/#breadcrumb\"},\"inLanguage\":\"fr-FR\",\"potentialAction\":[{\"@type\":\"ReadAction\",\"target\":[\"https:\/\/www.resonnance.org\/shop\/produit\/piano-a-quatre-mains-elizabeth-sombart-jean-claude-denervaud\/\"]}]},{\"@type\":\"ImageObject\",\"inLanguage\":\"fr-FR\",\"@id\":\"https:\/\/www.resonnance.org\/shop\/produit\/piano-a-quatre-mains-elizabeth-sombart-jean-claude-denervaud\/#primaryimage\",\"url\":\"https:\/\/www.resonnance.org\/shop\/wp-content\/uploads\/sites\/19\/2016\/11\/front-lg-11.jpg\",\"contentUrl\":\"https:\/\/www.resonnance.org\/shop\/wp-content\/uploads\/sites\/19\/2016\/11\/front-lg-11.jpg\",\"width\":230,\"height\":230,\"caption\":\"Piano \u00e0 quatre Mains - Elizabeth Sombart & Jean-Claude D\u00e9nervaud\"},{\"@type\":\"BreadcrumbList\",\"@id\":\"https:\/\/www.resonnance.org\/shop\/produit\/piano-a-quatre-mains-elizabeth-sombart-jean-claude-denervaud\/#breadcrumb\",\"itemListElement\":[{\"@type\":\"ListItem\",\"position\":1,\"name\":\"Accueil\",\"item\":\"https:\/\/www.resonnance.org\/shop\/\"},{\"@type\":\"ListItem\",\"position\":2,\"name\":\"Boutique\",\"item\":\"https:\/\/www.resonnance.org\/shop\/\"},{\"@type\":\"ListItem\",\"position\":3,\"name\":\"Piano \u00e0 quatre Mains &#8211; Elizabeth Sombart &#038; Jean-Claude D\u00e9nervaud\"}]},{\"@type\":\"WebSite\",\"@id\":\"https:\/\/www.resonnance.org\/shop\/#website\",\"url\":\"https:\/\/www.resonnance.org\/shop\/\",\"name\":\"La Boutique\",\"description\":\"La boutique R\u00e9sonnance\",\"potentialAction\":[{\"@type\":\"SearchAction\",\"target\":{\"@type\":\"EntryPoint\",\"urlTemplate\":\"https:\/\/www.resonnance.org\/shop\/?s={search_term_string}\"},\"query-input\":{\"@type\":\"PropertyValueSpecification\",\"valueRequired\":true,\"valueName\":\"search_term_string\"}}],\"inLanguage\":\"fr-FR\"}]}<\/script>\n<!-- \/ Yoast SEO plugin. -->","yoast_head_json":{"title":"Piano \u00e0 quatre Mains - Elizabeth Sombart & Jean-Claude D\u00e9nervaud - La Boutique","robots":{"index":"index","follow":"follow","max-snippet":"max-snippet:-1","max-image-preview":"max-image-preview:large","max-video-preview":"max-video-preview:-1"},"canonical":"https:\/\/www.resonnance.org\/shop\/produit\/piano-a-quatre-mains-elizabeth-sombart-jean-claude-denervaud\/","og_locale":"fr_FR","og_type":"article","og_title":"Piano \u00e0 quatre Mains - Elizabeth Sombart & Jean-Claude D\u00e9nervaud - La Boutique","og_description":"Piano \u00e0 quatre Mains : Elizabeth Sombart &amp; Jean-Claude D\u00e9nervaud Elizabeth Sombart &amp; Jean-Claude D\u00e9nervaud, pianistes \u00a0 Sonate pour piano \u00e0 4 mains en do majeur, KV 521 Wolfgang Amadeus Mozart (1759-1791) Play 6:50 1er mouvement &#8211; Allegro Play 6:20 2\u00e8me mouvement &#8211; Andante Play 7:29 3\u00e8me mouvement &#8211; Allegro Fantaisie pour piano \u00e0 4 [&hellip;]","og_url":"https:\/\/www.resonnance.org\/shop\/produit\/piano-a-quatre-mains-elizabeth-sombart-jean-claude-denervaud\/","og_site_name":"La Boutique","article_modified_time":"2016-11-25T19:55:03+00:00","og_image":[{"width":230,"height":230,"url":"https:\/\/www.resonnance.org\/shop\/wp-content\/uploads\/sites\/19\/2016\/11\/front-lg-11.jpg","type":"image\/jpeg"}],"twitter_card":"summary_large_image","twitter_misc":{"Dur\u00e9e de lecture estim\u00e9e":"1 minute"},"schema":{"@context":"https:\/\/schema.org","@graph":[{"@type":"WebPage","@id":"https:\/\/www.resonnance.org\/shop\/produit\/piano-a-quatre-mains-elizabeth-sombart-jean-claude-denervaud\/","url":"https:\/\/www.resonnance.org\/shop\/produit\/piano-a-quatre-mains-elizabeth-sombart-jean-claude-denervaud\/","name":"Piano \u00e0 quatre Mains - Elizabeth Sombart & Jean-Claude D\u00e9nervaud - La Boutique","isPartOf":{"@id":"https:\/\/www.resonnance.org\/shop\/#website"},"primaryImageOfPage":{"@id":"https:\/\/www.resonnance.org\/shop\/produit\/piano-a-quatre-mains-elizabeth-sombart-jean-claude-denervaud\/#primaryimage"},"image":{"@id":"https:\/\/www.resonnance.org\/shop\/produit\/piano-a-quatre-mains-elizabeth-sombart-jean-claude-denervaud\/#primaryimage"},"thumbnailUrl":"https:\/\/www.resonnance.org\/shop\/wp-content\/uploads\/sites\/19\/2016\/11\/front-lg-11.jpg","datePublished":"2016-11-22T17:33:49+00:00","dateModified":"2016-11-25T19:55:03+00:00","breadcrumb":{"@id":"https:\/\/www.resonnance.org\/shop\/produit\/piano-a-quatre-mains-elizabeth-sombart-jean-claude-denervaud\/#breadcrumb"},"inLanguage":"fr-FR","potentialAction":[{"@type":"ReadAction","target":["https:\/\/www.resonnance.org\/shop\/produit\/piano-a-quatre-mains-elizabeth-sombart-jean-claude-denervaud\/"]}]},{"@type":"ImageObject","inLanguage":"fr-FR","@id":"https:\/\/www.resonnance.org\/shop\/produit\/piano-a-quatre-mains-elizabeth-sombart-jean-claude-denervaud\/#primaryimage","url":"https:\/\/www.resonnance.org\/shop\/wp-content\/uploads\/sites\/19\/2016\/11\/front-lg-11.jpg","contentUrl":"https:\/\/www.resonnance.org\/shop\/wp-content\/uploads\/sites\/19\/2016\/11\/front-lg-11.jpg","width":230,"height":230,"caption":"Piano \u00e0 quatre Mains - Elizabeth Sombart & Jean-Claude D\u00e9nervaud"},{"@type":"BreadcrumbList","@id":"https:\/\/www.resonnance.org\/shop\/produit\/piano-a-quatre-mains-elizabeth-sombart-jean-claude-denervaud\/#breadcrumb","itemListElement":[{"@type":"ListItem","position":1,"name":"Accueil","item":"https:\/\/www.resonnance.org\/shop\/"},{"@type":"ListItem","position":2,"name":"Boutique","item":"https:\/\/www.resonnance.org\/shop\/"},{"@type":"ListItem","position":3,"name":"Piano \u00e0 quatre Mains &#8211; Elizabeth Sombart &#038; Jean-Claude D\u00e9nervaud"}]},{"@type":"WebSite","@id":"https:\/\/www.resonnance.org\/shop\/#website","url":"https:\/\/www.resonnance.org\/shop\/","name":"La Boutique","description":"La boutique R\u00e9sonnance","potentialAction":[{"@type":"SearchAction","target":{"@type":"EntryPoint","urlTemplate":"https:\/\/www.resonnance.org\/shop\/?s={search_term_string}"},"query-input":{"@type":"PropertyValueSpecification","valueRequired":true,"valueName":"search_term_string"}}],"inLanguage":"fr-FR"}]}},"_links":{"self":[{"href":"https:\/\/www.resonnance.org\/shop\/wp-json\/wp\/v2\/product\/6355","targetHints":{"allow":["GET"]}}],"collection":[{"href":"https:\/\/www.resonnance.org\/shop\/wp-json\/wp\/v2\/product"}],"about":[{"href":"https:\/\/www.resonnance.org\/shop\/wp-json\/wp\/v2\/types\/product"}],"replies":[{"embeddable":true,"href":"https:\/\/www.resonnance.org\/shop\/wp-json\/wp\/v2\/comments?post=6355"}],"wp:featuredmedia":[{"embeddable":true,"href":"https:\/\/www.resonnance.org\/shop\/wp-json\/wp\/v2\/media\/6241"}],"wp:attachment":[{"href":"https:\/\/www.resonnance.org\/shop\/wp-json\/wp\/v2\/media?parent=6355"}],"wp:term":[{"taxonomy":"product_brand","embeddable":true,"href":"https:\/\/www.resonnance.org\/shop\/wp-json\/wp\/v2\/product_brand?post=6355"},{"taxonomy":"product_cat","embeddable":true,"href":"https:\/\/www.resonnance.org\/shop\/wp-json\/wp\/v2\/product_cat?post=6355"},{"taxonomy":"product_tag","embeddable":true,"href":"https:\/\/www.resonnance.org\/shop\/wp-json\/wp\/v2\/product_tag?post=6355"}],"curies":[{"name":"wp","href":"https:\/\/api.w.org\/{rel}","templated":true}]}}