{"id":6352,"date":"2016-11-22T18:29:13","date_gmt":"2016-11-22T17:29:13","guid":{"rendered":"https:\/\/www.resonnance.org\/shop\/?post_type=product&#038;p=6352"},"modified":"2016-11-25T21:33:57","modified_gmt":"2016-11-25T20:33:57","slug":"jean-sebastien-bach","status":"publish","type":"product","link":"https:\/\/www.resonnance.org\/shop\/produit\/jean-sebastien-bach\/","title":{"rendered":"Jean-S\u00e9bastien Bach"},"content":{"rendered":"<h5 class=\"uppercase white\">Jean-S\u00e9bastien Bach<\/h5>\n<p class=\"nomarginbottom\">Elizabeth Sombart, pianiste<br \/>\nJohann Sebastian Bach (1685-1750)<\/p>\n<div class=\"tracks\">\n<hr class=\"total-divider\" \/>\n<p><audio id=\"localAudio\"><\/audio> <!-- localAudio --><\/p>\n<div class=\"mp3Player\" data-src=\"https:\/\/s3-us-west-2.amazonaws.com\/resshop\/audio\/jsbach\/excerpts\/track-01.mp3\" data-pos=\"0\">\n<p><button class=\"btnPlayPause\"> <span class=\"screen-reader-text\">Play<\/span> <\/button> <span class=\"pull-right\">3:46<\/span><\/p>\n<ol class=\"trackinfo\" start=\"1\">\n<li>Pr\u00e9lude et Fugue en la mineur, BWV\u00a0543\u00a0: Pr\u00e9lude (arr. Liszt)<\/li>\n<\/ol>\n<\/div>\n<div class=\"mp3Player\" data-src=\"https:\/\/s3-us-west-2.amazonaws.com\/resshop\/audio\/jsbach\/excerpts\/track-02.mp3\" data-pos=\"0\">\n<p><button class=\"btnPlayPause\"> <span class=\"screen-reader-text\">Play<\/span> <\/button> <span class=\"pull-right\">6:48<\/span><\/p>\n<ol class=\"trackinfo\" start=\"2\">\n<li>Pr\u00e9lude et Fugue en la mineur, BWV\u00a0543\u00a0: Fugue (arr. Liszt)<\/li>\n<\/ol>\n<\/div>\n<div class=\"mp3Player\" data-src=\"https:\/\/s3-us-west-2.amazonaws.com\/resshop\/audio\/jsbach\/excerpts\/track-03.mp3\" data-pos=\"0\">\n<p><button class=\"btnPlayPause\"> <span class=\"screen-reader-text\">Play<\/span> <\/button> <span class=\"pull-right\">3:55<\/span><\/p>\n<ol class=\"trackinfo\" start=\"3\">\n<li>Choral en fa mineur \u201cIch ruf zu Dir, Herr\u00a0\u00bb, BWV\u00a0639 (arr. Busoni)<\/li>\n<\/ol>\n<\/div>\n<div class=\"mp3Player\" data-src=\"https:\/\/s3-us-west-2.amazonaws.com\/resshop\/audio\/jsbach\/excerpts\/track-04.mp3\" data-pos=\"0\">\n<p><button class=\"btnPlayPause\"> <span class=\"screen-reader-text\">Play<\/span> <\/button> <span class=\"pull-right\">5:30<\/span><\/p>\n<ol class=\"trackinfo\" start=\"4\">\n<li>Choral en sol mineur \u201cNun Komm der Heiden Heiland\u00a0\u00bb, <br \/>\nBWV\u00a0659 (arr. Busoni)<\/li>\n<\/ol>\n<\/div>\n<div class=\"mp3Player\" data-src=\"https:\/\/s3-us-west-2.amazonaws.com\/resshop\/audio\/jsbach\/excerpts\/track-05.mp3\" data-pos=\"0\">\n<p><button class=\"btnPlayPause\"> <span class=\"screen-reader-text\">Play<\/span> <\/button> <span class=\"pull-right\">4:16<\/span><\/p>\n<ol class=\"trackinfo\" start=\"5\">\n<li>Adagio en sol majeur, BWV\u00a0968<\/li>\n<\/ol>\n<\/div>\n<div class=\"mp3Player\" data-src=\"https:\/\/s3-us-west-2.amazonaws.com\/resshop\/audio\/jsbach\/excerpts\/track-06.mp3\" data-pos=\"0\">\n<p><button class=\"btnPlayPause\"> <span class=\"screen-reader-text\">Play<\/span> <\/button> <span class=\"pull-right\">3:42<\/span><\/p>\n<ol class=\"trackinfo\" start=\"6\">\n<li>Sicilienne en sol mineur, BWV\u00a01031 (Transcription par W. Kempff)<\/li>\n<\/ol>\n<\/div>\n<div class=\"mp3Player\" data-src=\"https:\/\/s3-us-west-2.amazonaws.com\/resshop\/audio\/jsbach\/excerpts\/track-07.mp3\" data-pos=\"0\">\n<p><button class=\"btnPlayPause\"> <span class=\"screen-reader-text\">Play<\/span> <\/button> <span class=\"pull-right\">4:34<\/span><\/p>\n<ol class=\"trackinfo\" start=\"7\">\n<li>Fugue en sol mineur, BWV\u00a0578<\/li>\n<\/ol>\n<\/div>\n<div class=\"mp3Player\" data-src=\"https:\/\/s3-us-west-2.amazonaws.com\/resshop\/audio\/jsbach\/excerpts\/track-08.mp3\" data-pos=\"0\">\n<p><button class=\"btnPlayPause\"> <span class=\"screen-reader-text\">Play<\/span> <\/button> <span class=\"pull-right\">2:50<\/span><\/p>\n<ol class=\"trackinfo\" start=\"8\">\n<li>Pr\u00e9lude (Fantaisie) en do mineur, BWV\u00a0921<\/li>\n<\/ol>\n<\/div>\n<div class=\"mp3Player\" data-src=\"https:\/\/s3-us-west-2.amazonaws.com\/resshop\/audio\/jsbach\/excerpts\/track-09.mp3\" data-pos=\"0\">\n<p><button class=\"btnPlayPause\"> <span class=\"screen-reader-text\">Play<\/span> <\/button> <span class=\"pull-right\">2:33<\/span><\/p>\n<ol class=\"trackinfo\" start=\"9\">\n<li>Fantaisie en do mineur, BWV\u00a0906<\/li>\n<\/ol>\n<\/div>\n<div class=\"mp3Player\" data-src=\"https:\/\/s3-us-west-2.amazonaws.com\/resshop\/audio\/jsbach\/excerpts\/track-10.mp3\" data-pos=\"0\">\n<p><button class=\"btnPlayPause\"> <span class=\"screen-reader-text\">Play<\/span> <\/button> <span class=\"pull-right\">8:06<\/span><\/p>\n<ol class=\"trackinfo\" start=\"10\">\n<li>Pr\u00e9lude (Fantaisie) en la mineur, BWV\u00a0922<\/li>\n<\/ol>\n<\/div>\n<div class=\"mp3Player\" data-src=\"https:\/\/s3-us-west-2.amazonaws.com\/resshop\/audio\/jsbach\/excerpts\/track-11.mp3\" data-pos=\"0\">\n<p><button class=\"btnPlayPause\"> <span class=\"screen-reader-text\">Play<\/span> <\/button> <span class=\"pull-right\">4:05<\/span><\/p>\n<ol class=\"trackinfo\" start=\"11\">\n<li>Intermezzo (Adagio) en la mineur<\/li>\n<\/ol>\n<\/div>\n<div class=\"mp3Player\" data-src=\"https:\/\/s3-us-west-2.amazonaws.com\/resshop\/audio\/jsbach\/excerpts\/track-12.mp3\" data-pos=\"0\">\n<p><button class=\"btnPlayPause\"> <span class=\"screen-reader-text\">Play<\/span> <\/button> <span class=\"pull-right\">1:44<\/span><\/p>\n<ol class=\"trackinfo\" start=\"12\">\n<li>Partita n\u00b01, BWV\u00a0825\u00a0: Pr\u00e9lude<\/li>\n<\/ol>\n<\/div>\n<div class=\"mp3Player\" data-src=\"https:\/\/s3-us-west-2.amazonaws.com\/resshop\/audio\/jsbach\/excerpts\/track-13.mp3\" data-pos=\"0\">\n<p><button class=\"btnPlayPause\"> <span class=\"screen-reader-text\">Play<\/span> <\/button> <span class=\"pull-right\">1:40<\/span><\/p>\n<ol class=\"trackinfo\" start=\"13\">\n<li>Partita n\u00b01, BWV\u00a0825\u00a0: Allemande<\/li>\n<\/ol>\n<\/div>\n<div class=\"mp3Player\" data-src=\"https:\/\/s3-us-west-2.amazonaws.com\/resshop\/audio\/jsbach\/excerpts\/track-14.mp3\" data-pos=\"0\">\n<p><button class=\"btnPlayPause\"> <span class=\"screen-reader-text\">Play<\/span> <\/button> <span class=\"pull-right\">1:40<\/span><\/p>\n<ol class=\"trackinfo\" start=\"14\">\n<li>Partita n\u00b01, BWV\u00a0825\u00a0: Courante<\/li>\n<\/ol>\n<\/div>\n<div class=\"mp3Player\" data-src=\"https:\/\/s3-us-west-2.amazonaws.com\/resshop\/audio\/jsbach\/excerpts\/track-15.mp3\" data-pos=\"0\">\n<p><button class=\"btnPlayPause\"> <span class=\"screen-reader-text\">Play<\/span> <\/button> <span class=\"pull-right\">3:16<\/span><\/p>\n<ol class=\"trackinfo\" start=\"15\">\n<li>Partita n\u00b01, BWV\u00a0825\u00a0: Sarabande<\/li>\n<\/ol>\n<\/div>\n<div class=\"mp3Player\" data-src=\"https:\/\/s3-us-west-2.amazonaws.com\/resshop\/audio\/jsbach\/excerpts\/track-16.mp3\" data-pos=\"0\">\n<p><button class=\"btnPlayPause\"> <span class=\"screen-reader-text\">Play<\/span> <\/button> <span class=\"pull-right\">3:14<\/span><\/p>\n<ol class=\"trackinfo\" start=\"16\">\n<li>Partita n\u00b01, BWV\u00a0825\u00a0: Menuet\u00a01 \/ Menuet\u00a02<\/li>\n<\/ol>\n<\/div>\n<div class=\"mp3Player\" data-src=\"https:\/\/s3-us-west-2.amazonaws.com\/resshop\/audio\/jsbach\/excerpts\/track-17.mp3\" data-pos=\"0\">\n<p><button class=\"btnPlayPause\"> <span class=\"screen-reader-text\">Play<\/span> <\/button> <span class=\"pull-right\">1:46<\/span><\/p>\n<ol class=\"trackinfo\" start=\"17\">\n<li>Partita n\u00b01, BWV\u00a0825\u00a0: Gigue<\/li>\n<\/ol>\n<\/div>\n<div class=\"mp3Player\" data-src=\"https:\/\/s3-us-west-2.amazonaws.com\/resshop\/audio\/jsbach\/excerpts\/track-18.mp3\" data-pos=\"0\">\n<p><button class=\"btnPlayPause\"> <span class=\"screen-reader-text\">Play<\/span> <\/button> <span class=\"pull-right\">1:49<\/span><\/p>\n<ol class=\"trackinfo\" start=\"18\">\n<li>Pr\u00e9lude en si mineur (Transcription par A. Siloti)<\/li>\n<\/ol>\n<\/div>\n<p><!-- Total Playtime --><\/p>\n<hr class=\"total-divider\" \/>\n<div class=\"mp3Player\"><span class=\"pull-right\">1:06:27<\/span> <span class=\"infoLabel\">Dur\u00e9e totale<\/span><\/div>\n<\/div>\n<p><!-- tracks --><\/p>\n","protected":false},"excerpt":{"rendered":"<p>Jean-S\u00e9bastien Bach Elizabeth Sombart, pianiste Johann Sebastian Bach (1685-1750) Play 3:46 Pr\u00e9lude et Fugue en la mineur, BWV\u00a0543\u00a0: Pr\u00e9lude (arr. Liszt) Play 6:48 Pr\u00e9lude et Fugue en la mineur, BWV\u00a0543\u00a0: Fugue (arr. Liszt) Play 3:55 Choral en fa mineur \u201cIch ruf zu Dir, Herr\u00a0\u00bb, BWV\u00a0639 (arr. Busoni) Play 5:30 Choral en sol mineur \u201cNun Komm [&hellip;]<\/p>\n","protected":false},"featured_media":6228,"comment_status":"open","ping_status":"closed","template":"","meta":{"_acf_changed":false},"product_brand":[],"product_cat":[48,50],"product_tag":[],"class_list":{"0":"post-6352","1":"product","2":"type-product","3":"status-publish","4":"has-post-thumbnail","6":"product_cat-cd","7":"product_cat-elizabeth-sombart","10":"first","11":"instock","12":"shipping-taxable","13":"purchasable","14":"product-type-simple"},"acf":[],"yoast_head":"<!-- This site is optimized with the Yoast SEO plugin v23.9 - https:\/\/yoast.com\/wordpress\/plugins\/seo\/ -->\n<title>Jean-S\u00e9bastien Bach - La Boutique<\/title>\n<meta name=\"robots\" content=\"index, follow, max-snippet:-1, max-image-preview:large, max-video-preview:-1\" \/>\n<link rel=\"canonical\" href=\"http:\/\/www.resonnance.org\/shop\/produit\/jean-sebastien-bach\/\" \/>\n<meta property=\"og:locale\" content=\"fr_FR\" \/>\n<meta property=\"og:type\" content=\"article\" \/>\n<meta property=\"og:title\" content=\"Jean-S\u00e9bastien Bach - La Boutique\" \/>\n<meta property=\"og:description\" content=\"Jean-S\u00e9bastien Bach Elizabeth Sombart, pianiste Johann Sebastian Bach (1685-1750) Play 3:46 Pr\u00e9lude et Fugue en la mineur, BWV\u00a0543\u00a0: Pr\u00e9lude (arr. Liszt) Play 6:48 Pr\u00e9lude et Fugue en la mineur, BWV\u00a0543\u00a0: Fugue (arr. Liszt) Play 3:55 Choral en fa mineur \u201cIch ruf zu Dir, Herr\u00a0\u00bb, BWV\u00a0639 (arr. Busoni) Play 5:30 Choral en sol mineur \u201cNun Komm [&hellip;]\" \/>\n<meta property=\"og:url\" content=\"http:\/\/www.resonnance.org\/shop\/produit\/jean-sebastien-bach\/\" \/>\n<meta property=\"og:site_name\" content=\"La Boutique\" \/>\n<meta property=\"article:modified_time\" content=\"2016-11-25T20:33:57+00:00\" \/>\n<meta property=\"og:image\" content=\"http:\/\/www.resonnance.org\/shop\/wp-content\/uploads\/sites\/19\/2016\/11\/front-lg-4.jpg\" \/>\n\t<meta property=\"og:image:width\" content=\"230\" \/>\n\t<meta property=\"og:image:height\" content=\"230\" \/>\n\t<meta property=\"og:image:type\" content=\"image\/jpeg\" \/>\n<meta name=\"twitter:card\" content=\"summary_large_image\" \/>\n<meta name=\"twitter:label1\" content=\"Dur\u00e9e de lecture estim\u00e9e\" \/>\n\t<meta name=\"twitter:data1\" content=\"1 minute\" \/>\n<script type=\"application\/ld+json\" class=\"yoast-schema-graph\">{\"@context\":\"https:\/\/schema.org\",\"@graph\":[{\"@type\":\"WebPage\",\"@id\":\"http:\/\/www.resonnance.org\/shop\/produit\/jean-sebastien-bach\/\",\"url\":\"http:\/\/www.resonnance.org\/shop\/produit\/jean-sebastien-bach\/\",\"name\":\"Jean-S\u00e9bastien Bach - La Boutique\",\"isPartOf\":{\"@id\":\"https:\/\/www.resonnance.org\/shop\/#website\"},\"primaryImageOfPage\":{\"@id\":\"http:\/\/www.resonnance.org\/shop\/produit\/jean-sebastien-bach\/#primaryimage\"},\"image\":{\"@id\":\"http:\/\/www.resonnance.org\/shop\/produit\/jean-sebastien-bach\/#primaryimage\"},\"thumbnailUrl\":\"https:\/\/www.resonnance.org\/shop\/wp-content\/uploads\/sites\/19\/2016\/11\/front-lg-4.jpg\",\"datePublished\":\"2016-11-22T17:29:13+00:00\",\"dateModified\":\"2016-11-25T20:33:57+00:00\",\"breadcrumb\":{\"@id\":\"http:\/\/www.resonnance.org\/shop\/produit\/jean-sebastien-bach\/#breadcrumb\"},\"inLanguage\":\"fr-FR\",\"potentialAction\":[{\"@type\":\"ReadAction\",\"target\":[\"http:\/\/www.resonnance.org\/shop\/produit\/jean-sebastien-bach\/\"]}]},{\"@type\":\"ImageObject\",\"inLanguage\":\"fr-FR\",\"@id\":\"http:\/\/www.resonnance.org\/shop\/produit\/jean-sebastien-bach\/#primaryimage\",\"url\":\"https:\/\/www.resonnance.org\/shop\/wp-content\/uploads\/sites\/19\/2016\/11\/front-lg-4.jpg\",\"contentUrl\":\"https:\/\/www.resonnance.org\/shop\/wp-content\/uploads\/sites\/19\/2016\/11\/front-lg-4.jpg\",\"width\":230,\"height\":230,\"caption\":\"Jean-S\u00e9bastien Bach\"},{\"@type\":\"BreadcrumbList\",\"@id\":\"http:\/\/www.resonnance.org\/shop\/produit\/jean-sebastien-bach\/#breadcrumb\",\"itemListElement\":[{\"@type\":\"ListItem\",\"position\":1,\"name\":\"Accueil\",\"item\":\"https:\/\/www.resonnance.org\/shop\/\"},{\"@type\":\"ListItem\",\"position\":2,\"name\":\"Boutique\",\"item\":\"https:\/\/www.resonnance.org\/shop\/\"},{\"@type\":\"ListItem\",\"position\":3,\"name\":\"Jean-S\u00e9bastien Bach\"}]},{\"@type\":\"WebSite\",\"@id\":\"https:\/\/www.resonnance.org\/shop\/#website\",\"url\":\"https:\/\/www.resonnance.org\/shop\/\",\"name\":\"La Boutique\",\"description\":\"La boutique R\u00e9sonnance\",\"potentialAction\":[{\"@type\":\"SearchAction\",\"target\":{\"@type\":\"EntryPoint\",\"urlTemplate\":\"https:\/\/www.resonnance.org\/shop\/?s={search_term_string}\"},\"query-input\":{\"@type\":\"PropertyValueSpecification\",\"valueRequired\":true,\"valueName\":\"search_term_string\"}}],\"inLanguage\":\"fr-FR\"}]}<\/script>\n<!-- \/ Yoast SEO plugin. -->","yoast_head_json":{"title":"Jean-S\u00e9bastien Bach - La Boutique","robots":{"index":"index","follow":"follow","max-snippet":"max-snippet:-1","max-image-preview":"max-image-preview:large","max-video-preview":"max-video-preview:-1"},"canonical":"http:\/\/www.resonnance.org\/shop\/produit\/jean-sebastien-bach\/","og_locale":"fr_FR","og_type":"article","og_title":"Jean-S\u00e9bastien Bach - La Boutique","og_description":"Jean-S\u00e9bastien Bach Elizabeth Sombart, pianiste Johann Sebastian Bach (1685-1750) Play 3:46 Pr\u00e9lude et Fugue en la mineur, BWV\u00a0543\u00a0: Pr\u00e9lude (arr. Liszt) Play 6:48 Pr\u00e9lude et Fugue en la mineur, BWV\u00a0543\u00a0: Fugue (arr. Liszt) Play 3:55 Choral en fa mineur \u201cIch ruf zu Dir, Herr\u00a0\u00bb, BWV\u00a0639 (arr. Busoni) Play 5:30 Choral en sol mineur \u201cNun Komm [&hellip;]","og_url":"http:\/\/www.resonnance.org\/shop\/produit\/jean-sebastien-bach\/","og_site_name":"La Boutique","article_modified_time":"2016-11-25T20:33:57+00:00","og_image":[{"width":230,"height":230,"url":"http:\/\/www.resonnance.org\/shop\/wp-content\/uploads\/sites\/19\/2016\/11\/front-lg-4.jpg","type":"image\/jpeg"}],"twitter_card":"summary_large_image","twitter_misc":{"Dur\u00e9e de lecture estim\u00e9e":"1 minute"},"schema":{"@context":"https:\/\/schema.org","@graph":[{"@type":"WebPage","@id":"http:\/\/www.resonnance.org\/shop\/produit\/jean-sebastien-bach\/","url":"http:\/\/www.resonnance.org\/shop\/produit\/jean-sebastien-bach\/","name":"Jean-S\u00e9bastien Bach - La Boutique","isPartOf":{"@id":"https:\/\/www.resonnance.org\/shop\/#website"},"primaryImageOfPage":{"@id":"http:\/\/www.resonnance.org\/shop\/produit\/jean-sebastien-bach\/#primaryimage"},"image":{"@id":"http:\/\/www.resonnance.org\/shop\/produit\/jean-sebastien-bach\/#primaryimage"},"thumbnailUrl":"https:\/\/www.resonnance.org\/shop\/wp-content\/uploads\/sites\/19\/2016\/11\/front-lg-4.jpg","datePublished":"2016-11-22T17:29:13+00:00","dateModified":"2016-11-25T20:33:57+00:00","breadcrumb":{"@id":"http:\/\/www.resonnance.org\/shop\/produit\/jean-sebastien-bach\/#breadcrumb"},"inLanguage":"fr-FR","potentialAction":[{"@type":"ReadAction","target":["http:\/\/www.resonnance.org\/shop\/produit\/jean-sebastien-bach\/"]}]},{"@type":"ImageObject","inLanguage":"fr-FR","@id":"http:\/\/www.resonnance.org\/shop\/produit\/jean-sebastien-bach\/#primaryimage","url":"https:\/\/www.resonnance.org\/shop\/wp-content\/uploads\/sites\/19\/2016\/11\/front-lg-4.jpg","contentUrl":"https:\/\/www.resonnance.org\/shop\/wp-content\/uploads\/sites\/19\/2016\/11\/front-lg-4.jpg","width":230,"height":230,"caption":"Jean-S\u00e9bastien Bach"},{"@type":"BreadcrumbList","@id":"http:\/\/www.resonnance.org\/shop\/produit\/jean-sebastien-bach\/#breadcrumb","itemListElement":[{"@type":"ListItem","position":1,"name":"Accueil","item":"https:\/\/www.resonnance.org\/shop\/"},{"@type":"ListItem","position":2,"name":"Boutique","item":"https:\/\/www.resonnance.org\/shop\/"},{"@type":"ListItem","position":3,"name":"Jean-S\u00e9bastien Bach"}]},{"@type":"WebSite","@id":"https:\/\/www.resonnance.org\/shop\/#website","url":"https:\/\/www.resonnance.org\/shop\/","name":"La Boutique","description":"La boutique R\u00e9sonnance","potentialAction":[{"@type":"SearchAction","target":{"@type":"EntryPoint","urlTemplate":"https:\/\/www.resonnance.org\/shop\/?s={search_term_string}"},"query-input":{"@type":"PropertyValueSpecification","valueRequired":true,"valueName":"search_term_string"}}],"inLanguage":"fr-FR"}]}},"_links":{"self":[{"href":"https:\/\/www.resonnance.org\/shop\/wp-json\/wp\/v2\/product\/6352","targetHints":{"allow":["GET"]}}],"collection":[{"href":"https:\/\/www.resonnance.org\/shop\/wp-json\/wp\/v2\/product"}],"about":[{"href":"https:\/\/www.resonnance.org\/shop\/wp-json\/wp\/v2\/types\/product"}],"replies":[{"embeddable":true,"href":"https:\/\/www.resonnance.org\/shop\/wp-json\/wp\/v2\/comments?post=6352"}],"wp:featuredmedia":[{"embeddable":true,"href":"https:\/\/www.resonnance.org\/shop\/wp-json\/wp\/v2\/media\/6228"}],"wp:attachment":[{"href":"https:\/\/www.resonnance.org\/shop\/wp-json\/wp\/v2\/media?parent=6352"}],"wp:term":[{"taxonomy":"product_brand","embeddable":true,"href":"https:\/\/www.resonnance.org\/shop\/wp-json\/wp\/v2\/product_brand?post=6352"},{"taxonomy":"product_cat","embeddable":true,"href":"https:\/\/www.resonnance.org\/shop\/wp-json\/wp\/v2\/product_cat?post=6352"},{"taxonomy":"product_tag","embeddable":true,"href":"https:\/\/www.resonnance.org\/shop\/wp-json\/wp\/v2\/product_tag?post=6352"}],"curies":[{"name":"wp","href":"https:\/\/api.w.org\/{rel}","templated":true}]}}