{"id":6350,"date":"2016-11-22T18:26:30","date_gmt":"2016-11-22T17:26:30","guid":{"rendered":"https:\/\/www.resonnance.org\/shop\/?post_type=product&#038;p=6350"},"modified":"2016-11-25T21:50:55","modified_gmt":"2016-11-25T20:50:55","slug":"le-chemin-de-croix","status":"publish","type":"product","link":"https:\/\/www.resonnance.org\/shop\/produit\/le-chemin-de-croix\/","title":{"rendered":"Le Chemin de Croix"},"content":{"rendered":"<h5 class=\"uppercase white\">Le Chemin de Croix<\/h5>\n<p class=\"nomarginbottom\">Elizabeth Sombart, pianiste<br \/>\n &amp; Nicolas Buttet, pr\u00eatre \u00a0<\/p>\n<div id=\"cd14-coverart\" class=\"fadeitout\"><!-- <img decoding=\"async\" class=\"largeart\" src=\"https:\/\/s3-us-west-2.amazonaws.com\/resshop\/audio\/chemindecroix\/art\/front-lg.jpg\" width=\"230px\" height=\"230px\" align=\"right\"> --><\/div>\n<p><!-- fadeitout --><\/p>\n<div class=\"tracks\">\n<hr class=\"total-divider\" \/>\n<p><audio id=\"localAudio\"><\/audio> <!-- localAudio --><\/p>\n<div class=\"mp3Player\" data-src=\"https:\/\/s3-us-west-2.amazonaws.com\/resshop\/audio\/chemindecroix\/excerpts\/track-01.mp3\" data-pos=\"0\">\n<p><button class=\"btnPlayPause\"><span class=\"screen-reader-text\">Play<\/span><\/button> <span class=\"pull-right\">4:26<\/span><\/p>\n<ol class=\"trackinfo\" start=\"1\">\n<li>Pr\u00e9lude, Fugue et Variation, Op\u00a018\u00a0: Pr\u00e9lude<br \/>\n C\u00e9sar Franck (1822-1890)<\/li>\n<\/ol>\n<\/div>\n<div class=\"mp3Player\" data-src=\"https:\/\/s3-us-west-2.amazonaws.com\/resshop\/audio\/chemindecroix\/excerpts\/track-02.mp3\" data-pos=\"0\">\n<p><button class=\"btnPlayPause\"><span class=\"screen-reader-text\">Play<\/span><\/button> <span class=\"pull-right\">1:16<\/span><\/p>\n<ol class=\"trackinfo\" start=\"2\">\n<li>1\u00e8re station\u00a0:<br \/>\nJ\u00e9sus est condamn\u00e9 \u00e0 mort<br \/>\n Nicolas Buttet<\/li>\n<\/ol>\n<\/div>\n<div class=\"mp3Player\" data-src=\"https:\/\/s3-us-west-2.amazonaws.com\/resshop\/audio\/chemindecroix\/excerpts\/track-03.mp3\" data-pos=\"0\">\n<p><button class=\"btnPlayPause\"><span class=\"screen-reader-text\">Play<\/span><\/button> <span class=\"pull-right\">2:59<\/span><\/p>\n<ol class=\"trackinfo\" start=\"3\">\n<li>Etude Op. 10 N\u00b0 12, en do mineur, \u00ab\u00a0La R\u00e9volutionnaire\u00a0\u00bb<br \/>\n Fr\u00e9d\u00e9ric Chopin (1810-1849)<\/li>\n<\/ol>\n<\/div>\n<div class=\"mp3Player\" data-src=\"https:\/\/s3-us-west-2.amazonaws.com\/resshop\/audio\/chemindecroix\/excerpts\/track-04.mp3\" data-pos=\"0\">\n<p><button class=\"btnPlayPause\"><span class=\"screen-reader-text\">Play<\/span><\/button> <span class=\"pull-right\">1:05<\/span><\/p>\n<ol class=\"trackinfo\" start=\"4\">\n<li>2\u00e8me station\u00a0:<br \/>\nJ\u00e9sus est charg\u00e9 de sa croix<br \/>\n Nicolas Buttet<\/li>\n<\/ol>\n<\/div>\n<div class=\"mp3Player\" data-src=\"https:\/\/s3-us-west-2.amazonaws.com\/resshop\/audio\/chemindecroix\/excerpts\/track-05.mp3\" data-pos=\"0\">\n<p><button class=\"btnPlayPause\"><span class=\"screen-reader-text\">Play<\/span><\/button> <span class=\"pull-right\">7:17<\/span><\/p>\n<ol class=\"trackinfo\" start=\"5\">\n<li>Sonate N\u00b0 2 en r\u00e9 b\u00e9mol majeur, Op.\u00a035\u00a0: 3\u00e8me mouvement &#8211; Marche fun\u00e8bre &#8211; Lento<br \/>\n Fr\u00e9d\u00e9ric Chopin (1810-1849)<\/li>\n<\/ol>\n<\/div>\n<div class=\"mp3Player\" data-src=\"https:\/\/s3-us-west-2.amazonaws.com\/resshop\/audio\/chemindecroix\/excerpts\/track-06.mp3\" data-pos=\"0\">\n<p><button class=\"btnPlayPause\"><span class=\"screen-reader-text\">Play<\/span><\/button> <span class=\"pull-right\">1:13<\/span><\/p>\n<ol class=\"trackinfo\" start=\"6\">\n<li>3\u00e8me station\u00a0:<br \/>\nJ\u00e9sus tombe pour la premi\u00e8re fois<br \/>\n Nicolas Buttet<\/li>\n<\/ol>\n<\/div>\n<div class=\"mp3Player\" data-src=\"https:\/\/s3-us-west-2.amazonaws.com\/resshop\/audio\/chemindecroix\/excerpts\/track-07.mp3\" data-pos=\"0\">\n<p><button class=\"btnPlayPause\"><span class=\"screen-reader-text\">Play<\/span><\/button> <span class=\"pull-right\">2:22<\/span><\/p>\n<ol class=\"trackinfo\" start=\"7\">\n<li>Pr\u00e9lude Op. 28 N\u00b0 6 en si mineur &#8211; Lento assai<br \/>\n Fr\u00e9d\u00e9ric Chopin (1810-1849)<\/li>\n<\/ol>\n<\/div>\n<div class=\"mp3Player\" data-src=\"https:\/\/s3-us-west-2.amazonaws.com\/resshop\/audio\/chemindecroix\/excerpts\/track-08.mp3\" data-pos=\"0\">\n<p><button class=\"btnPlayPause\"><span class=\"screen-reader-text\">Play<\/span><\/button> <span class=\"pull-right\">1:40<\/span><\/p>\n<ol class=\"trackinfo\" start=\"8\">\n<li>4\u00e8me station\u00a0:<br \/>\nJ\u00e9sus rencontre sa m\u00e8re<br \/>\n Nicolas Buttet<\/li>\n<\/ol>\n<\/div>\n<div class=\"mp3Player\" data-src=\"https:\/\/s3-us-west-2.amazonaws.com\/resshop\/audio\/chemindecroix\/excerpts\/track-09.mp3\" data-pos=\"0\">\n<p><button class=\"btnPlayPause\"><span class=\"screen-reader-text\">Play<\/span><\/button> <span class=\"pull-right\">9:13<\/span><\/p>\n<ol class=\"trackinfo\" start=\"9\">\n<li>Klavierst\u00fcck N\u00b0 2, D. 946 en mi b\u00e9mol majeur<br \/>\n Franz Schubert (1797-1828)<\/li>\n<\/ol>\n<\/div>\n<div class=\"mp3Player\" data-src=\"https:\/\/s3-us-west-2.amazonaws.com\/resshop\/audio\/chemindecroix\/excerpts\/track-10.mp3\" data-pos=\"0\">\n<p><button class=\"btnPlayPause\"><span class=\"screen-reader-text\">Play<\/span><\/button> <span class=\"pull-right\">1:24<\/span><\/p>\n<ol class=\"trackinfo\" start=\"10\">\n<li>5\u00e8me station\u00a0:<br \/>\nSimon de Cyr\u00e8ne aide J\u00e9sus<br \/>\n\u00e0 porter sa croix<br \/>\n Nicolas Buttet<\/li>\n<\/ol>\n<\/div>\n<div class=\"mp3Player\" data-src=\"https:\/\/s3-us-west-2.amazonaws.com\/resshop\/audio\/chemindecroix\/excerpts\/track-11.mp3\" data-pos=\"0\">\n<p><button class=\"btnPlayPause\"><span class=\"screen-reader-text\">Play<\/span><\/button> <span class=\"pull-right\">4:37<\/span><\/p>\n<ol class=\"trackinfo\" start=\"11\">\n<li>Consolation N\u00b0 3, S. 172<br \/>\n Franz Liszt (1811-1886)<\/li>\n<\/ol>\n<\/div>\n<div class=\"mp3Player\" data-src=\"https:\/\/s3-us-west-2.amazonaws.com\/resshop\/audio\/chemindecroix\/excerpts\/track-12.mp3\" data-pos=\"0\">\n<p><button class=\"btnPlayPause\"><span class=\"screen-reader-text\">Play<\/span><\/button> <span class=\"pull-right\">0:52<\/span><\/p>\n<ol class=\"trackinfo\" start=\"12\">\n<li>6\u00e8me station\u00a0:<br \/>\nV\u00e9ronique essuie<br \/>\nle visage de J\u00e9sus<br \/>\n Nicolas Buttet<\/li>\n<\/ol>\n<\/div>\n<div class=\"mp3Player\" data-src=\"https:\/\/s3-us-west-2.amazonaws.com\/resshop\/audio\/chemindecroix\/excerpts\/track-13.mp3\" data-pos=\"0\">\n<p><button class=\"btnPlayPause\"><span class=\"screen-reader-text\">Play<\/span><\/button> <span class=\"pull-right\">2:21<\/span><\/p>\n<ol class=\"trackinfo\" start=\"13\">\n<li>Variation posthume N\u00b0 5<br \/>\n Robert Schumann (1810-1856)<\/li>\n<\/ol>\n<\/div>\n<div class=\"mp3Player\" data-src=\"https:\/\/s3-us-west-2.amazonaws.com\/resshop\/audio\/chemindecroix\/excerpts\/track-14.mp3\" data-pos=\"0\">\n<p><button class=\"btnPlayPause\"><span class=\"screen-reader-text\">Play<\/span><\/button> <span class=\"pull-right\">0:56<\/span><\/p>\n<ol class=\"trackinfo\" start=\"14\">\n<li>7\u00e8me station\u00a0:<br \/>\nJ\u00e9sus tombe pour la deuxi\u00e8me fois<br \/>\n Nicolas Buttet<\/li>\n<\/ol>\n<\/div>\n<div class=\"mp3Player\" data-src=\"https:\/\/s3-us-west-2.amazonaws.com\/resshop\/audio\/chemindecroix\/excerpts\/track-15.mp3\" data-pos=\"0\">\n<p><button class=\"btnPlayPause\"><span class=\"screen-reader-text\">Play<\/span><\/button> <span class=\"pull-right\">2:16<\/span><\/p>\n<ol class=\"trackinfo\" start=\"15\">\n<li>Pr\u00e9lude Op. 28 N\u00b0 4 en mi mineur &#8211; Largo<br \/>\n Fr\u00e9d\u00e9ric Chopin (1810-1849)<\/li>\n<\/ol>\n<\/div>\n<div class=\"mp3Player\" data-src=\"https:\/\/s3-us-west-2.amazonaws.com\/resshop\/audio\/chemindecroix\/excerpts\/track-16.mp3\" data-pos=\"0\">\n<p><button class=\"btnPlayPause\"><span class=\"screen-reader-text\">Play<\/span><\/button> <span class=\"pull-right\">0:56<\/span><\/p>\n<ol class=\"trackinfo\" start=\"16\">\n<li>8\u00e8me station\u00a0:<br \/>\nJ\u00e9sus console les femmes<br \/>\nde J\u00e9rusalem<br \/>\n Nicolas Buttet<\/li>\n<\/ol>\n<\/div>\n<div class=\"mp3Player\" data-src=\"https:\/\/s3-us-west-2.amazonaws.com\/resshop\/audio\/chemindecroix\/excerpts\/track-17.mp3\" data-pos=\"0\">\n<p><button class=\"btnPlayPause\"><span class=\"screen-reader-text\">Play<\/span><\/button> <span class=\"pull-right\">4:16<\/span><\/p>\n<ol class=\"trackinfo\" start=\"17\">\n<li>Etude Op. 10 N\u00b0 3, en mi majeur, \u00ab\u00a0La Tristesse\u00a0\u00bb<br \/>\n Fr\u00e9d\u00e9ric Chopin (1810-1849)<\/li>\n<\/ol>\n<\/div>\n<div class=\"mp3Player\" data-src=\"https:\/\/s3-us-west-2.amazonaws.com\/resshop\/audio\/chemindecroix\/excerpts\/track-18.mp3\" data-pos=\"0\">\n<p><button class=\"btnPlayPause\"><span class=\"screen-reader-text\">Play<\/span><\/button> <span class=\"pull-right\">1:13<\/span><\/p>\n<ol class=\"trackinfo\" start=\"18\">\n<li>9\u00e8me station\u00a0:<br \/>\nJ\u00e9sus tombe pour la troisi\u00e8me fois<br \/>\n Nicolas Buttet<\/li>\n<\/ol>\n<\/div>\n<div class=\"mp3Player\" data-src=\"https:\/\/s3-us-west-2.amazonaws.com\/resshop\/audio\/chemindecroix\/excerpts\/track-19.mp3\" data-pos=\"0\">\n<p><button class=\"btnPlayPause\"><span class=\"screen-reader-text\">Play<\/span><\/button> <span class=\"pull-right\">3:47<\/span><\/p>\n<ol class=\"trackinfo\" start=\"19\">\n<li>Intermezzo en la mineur, BWV 564<br \/>\n(arrangement Busoni)<br \/>\n Johann Sebastian Bach (1685-1750)<br \/>\n Ferruccio Busoni (1866-1924)<\/li>\n<\/ol>\n<\/div>\n<div class=\"mp3Player\" data-src=\"https:\/\/s3-us-west-2.amazonaws.com\/resshop\/audio\/chemindecroix\/excerpts\/track-20.mp3\" data-pos=\"0\">\n<p><button class=\"btnPlayPause\"><span class=\"screen-reader-text\">Play<\/span><\/button> <span class=\"pull-right\">1:09<\/span><\/p>\n<ol class=\"trackinfo\" start=\"20\">\n<li>10\u00e8me station\u00a0:<br \/>\nJ\u00e9sus est d\u00e9pouill\u00e9<br \/>\nde ses v\u00eatements<br \/>\n Nicolas Buttet<\/li>\n<\/ol>\n<\/div>\n<div class=\"mp3Player\" data-src=\"https:\/\/s3-us-west-2.amazonaws.com\/resshop\/audio\/chemindecroix\/excerpts\/track-21.mp3\" data-pos=\"0\">\n<p><button class=\"btnPlayPause\"><span class=\"screen-reader-text\">Play<\/span><\/button> <span class=\"pull-right\">2:25<\/span><\/p>\n<ol class=\"trackinfo\" start=\"21\">\n<li>Suite Op. 14 N\u00b0 3, Sz. 62, BB 70 &#8211; Allegro molto<br \/>\n B\u00e9la Bart\u00f3k (1881-1945)<\/li>\n<\/ol>\n<\/div>\n<div class=\"mp3Player\" data-src=\"https:\/\/s3-us-west-2.amazonaws.com\/resshop\/audio\/chemindecroix\/excerpts\/track-22.mp3\" data-pos=\"0\">\n<p><button class=\"btnPlayPause\"><span class=\"screen-reader-text\">Play<\/span><\/button> <span class=\"pull-right\">1:05<\/span><\/p>\n<ol class=\"trackinfo\" start=\"22\">\n<li>11\u00e8me station\u00a0:<br \/>\nJ\u00e9sus est crucifi\u00e9<br \/>\n Nicolas Buttet<\/li>\n<\/ol>\n<\/div>\n<div class=\"mp3Player\" data-src=\"https:\/\/s3-us-west-2.amazonaws.com\/resshop\/audio\/chemindecroix\/excerpts\/track-23.mp3\" data-pos=\"0\">\n<p><button class=\"btnPlayPause\"><span class=\"screen-reader-text\">Play<\/span><\/button> <span class=\"pull-right\">1:30<\/span><\/p>\n<ol class=\"trackinfo\" start=\"23\">\n<li>Sonate N\u00b0 2 en r\u00e9 b\u00e9mol majeur, Op.\u00a035\u00a0: 4\u00e8me mouvement &#8211; Finale &#8211; Presto<br \/>\n Fr\u00e9d\u00e9ric Chopin (1810-1849)<\/li>\n<\/ol>\n<\/div>\n<div class=\"mp3Player\" data-src=\"https:\/\/s3-us-west-2.amazonaws.com\/resshop\/audio\/chemindecroix\/excerpts\/track-24.mp3\" data-pos=\"0\">\n<p><button class=\"btnPlayPause\"><span class=\"screen-reader-text\">Play<\/span><\/button> <span class=\"pull-right\">1:18<\/span><\/p>\n<ol class=\"trackinfo\" start=\"24\">\n<li>12\u00e8me station\u00a0:<br \/>\nJ\u00e9sus meurt sur la croix<br \/>\n Nicolas Buttet<\/li>\n<\/ol>\n<\/div>\n<div class=\"mp3Player\" data-src=\"https:\/\/s3-us-west-2.amazonaws.com\/resshop\/audio\/chemindecroix\/excerpts\/track-25.mp3\" data-pos=\"0\">\n<p><button class=\"btnPlayPause\"><span class=\"screen-reader-text\">Play<\/span><\/button> <span class=\"pull-right\">3:16<\/span><\/p>\n<ol class=\"trackinfo\" start=\"25\">\n<li>Choral en fa mineur \u00ab\u00a0Je t\u2019appelle, Seigneur\u00a0\u00bb, BWV\u00a0639<br \/>\n(arrangement Busoni) <br \/>\n Johann Sebastian Bach (1685-1750) <br \/>\n Ferruccio Busoni (1866-1924)<\/li>\n<\/ol>\n<\/div>\n<div class=\"mp3Player\" data-src=\"https:\/\/s3-us-west-2.amazonaws.com\/resshop\/audio\/chemindecroix\/excerpts\/track-26.mp3\" data-pos=\"0\">\n<p><button class=\"btnPlayPause\"><span class=\"screen-reader-text\">Play<\/span><\/button> <span class=\"pull-right\">1:11<\/span><\/p>\n<ol class=\"trackinfo\" start=\"26\">\n<li>13\u00e8me station\u00a0:<br \/>\nJ\u00e9sus est remis<br \/>\ndans les bras de sa m\u00e8re<br \/>\n Nicolas Buttet<\/li>\n<\/ol>\n<\/div>\n<div class=\"mp3Player\" data-src=\"https:\/\/s3-us-west-2.amazonaws.com\/resshop\/audio\/chemindecroix\/excerpts\/track-27.mp3\" data-pos=\"0\">\n<p><button class=\"btnPlayPause\"><span class=\"screen-reader-text\">Play<\/span><\/button> <span class=\"pull-right\">2:35<\/span><\/p>\n<ol class=\"trackinfo\" start=\"27\">\n<li>Ave Maria de Schubert,<br \/>\n(transcription d\u2019Elizabeth Sombart)<br \/>\n Franz Schubert (1797-1828)<\/li>\n<\/ol>\n<\/div>\n<div class=\"mp3Player\" data-src=\"https:\/\/s3-us-west-2.amazonaws.com\/resshop\/audio\/chemindecroix\/excerpts\/track-28.mp3\" data-pos=\"0\">\n<p><button class=\"btnPlayPause\"><span class=\"screen-reader-text\">Play<\/span><\/button> <span class=\"pull-right\">0:48<\/span><\/p>\n<ol class=\"trackinfo\" start=\"28\">\n<li>14\u00e8me station\u00a0:<br \/>\nJ\u00e9sus est mis au tombeau<br \/>\n Nicolas Buttet<\/li>\n<\/ol>\n<\/div>\n<div class=\"mp3Player\" data-src=\"https:\/\/s3-us-west-2.amazonaws.com\/resshop\/audio\/chemindecroix\/excerpts\/track-29.mp3\" data-pos=\"0\">\n<p><button class=\"btnPlayPause\"><span class=\"screen-reader-text\">Play<\/span><\/button> <span class=\"pull-right\">1:33<\/span><\/p>\n<ol class=\"trackinfo\" start=\"29\">\n<li>Pr\u00e9lude Op. 28 N\u00b0 20 en do mineur &#8211; Largo<br \/>\n Fr\u00e9d\u00e9ric Chopin (1810-1849)<\/li>\n<\/ol>\n<\/div>\n<div class=\"mp3Player\" data-src=\"https:\/\/s3-us-west-2.amazonaws.com\/resshop\/audio\/chemindecroix\/excerpts\/track-30.mp3\" data-pos=\"0\">\n<p><button class=\"btnPlayPause\"><span class=\"screen-reader-text\">Play<\/span><\/button> <span class=\"pull-right\">0:58<\/span><\/p>\n<ol class=\"trackinfo\" start=\"30\">\n<li>La r\u00e9surrection\u00a0:<br \/>\nJ\u00e9sus ressuscite d\u2019entre les morts<br \/>\n Nicolas Buttet<\/li>\n<\/ol>\n<\/div>\n<div class=\"mp3Player\" data-src=\"https:\/\/s3-us-west-2.amazonaws.com\/resshop\/audio\/chemindecroix\/excerpts\/track-31.mp3\" data-pos=\"0\">\n<p><button class=\"btnPlayPause\"><span class=\"screen-reader-text\">Play<\/span><\/button> <span class=\"pull-right\">3:15<\/span><\/p>\n<ol class=\"trackinfo\" start=\"31\">\n<li>Choral \u00ab\u00a0J\u00e9sus, que ma joie demeure\u00a0\u00bb, BWV 147<br \/>\n Johann Sebastian Bach (1685-1750)<\/li>\n<\/ol>\n<\/div>\n<hr class=\"total-divider\" \/>\n<div class=\"mp3Player\"><span class=\"pull-right\">1:15:12<\/span> <span class=\"infoLabel\">Dur\u00e9e totale<\/span><\/div>\n<\/div>\n<p><!-- tracks --><\/p>\n","protected":false},"excerpt":{"rendered":"<p>Le Chemin de Croix Elizabeth Sombart, pianiste &amp; Nicolas Buttet, pr\u00eatre \u00a0 Play 4:26 Pr\u00e9lude, Fugue et Variation, Op\u00a018\u00a0: Pr\u00e9lude C\u00e9sar Franck (1822-1890) Play 1:16 1\u00e8re station\u00a0: J\u00e9sus est condamn\u00e9 \u00e0 mort Nicolas Buttet Play 2:59 Etude Op. 10 N\u00b0 12, en do mineur, \u00ab\u00a0La R\u00e9volutionnaire\u00a0\u00bb Fr\u00e9d\u00e9ric Chopin (1810-1849) Play 1:05 2\u00e8me station\u00a0: J\u00e9sus est [&hellip;]<\/p>\n","protected":false},"featured_media":6246,"comment_status":"open","ping_status":"closed","template":"","meta":{"_acf_changed":false},"product_brand":[],"product_cat":[48,50],"product_tag":[],"class_list":{"0":"post-6350","1":"product","2":"type-product","3":"status-publish","4":"has-post-thumbnail","6":"product_cat-cd","7":"product_cat-elizabeth-sombart","10":"first","11":"instock","12":"shipping-taxable","13":"purchasable","14":"product-type-simple"},"acf":[],"yoast_head":"<!-- This site is optimized with the Yoast SEO plugin v23.9 - https:\/\/yoast.com\/wordpress\/plugins\/seo\/ -->\n<title>Le Chemin de Croix - La Boutique<\/title>\n<meta name=\"robots\" content=\"index, follow, max-snippet:-1, max-image-preview:large, max-video-preview:-1\" \/>\n<link rel=\"canonical\" href=\"http:\/\/www.resonnance.org\/shop\/produit\/le-chemin-de-croix\/\" \/>\n<meta property=\"og:locale\" content=\"fr_FR\" \/>\n<meta property=\"og:type\" content=\"article\" \/>\n<meta property=\"og:title\" content=\"Le Chemin de Croix - La Boutique\" \/>\n<meta property=\"og:description\" content=\"Le Chemin de Croix Elizabeth Sombart, pianiste &amp; Nicolas Buttet, pr\u00eatre \u00a0 Play 4:26 Pr\u00e9lude, Fugue et Variation, Op\u00a018\u00a0: Pr\u00e9lude C\u00e9sar Franck (1822-1890) Play 1:16 1\u00e8re station\u00a0: J\u00e9sus est condamn\u00e9 \u00e0 mort Nicolas Buttet Play 2:59 Etude Op. 10 N\u00b0 12, en do mineur, \u00ab\u00a0La R\u00e9volutionnaire\u00a0\u00bb Fr\u00e9d\u00e9ric Chopin (1810-1849) Play 1:05 2\u00e8me station\u00a0: J\u00e9sus est [&hellip;]\" \/>\n<meta property=\"og:url\" content=\"http:\/\/www.resonnance.org\/shop\/produit\/le-chemin-de-croix\/\" \/>\n<meta property=\"og:site_name\" content=\"La Boutique\" \/>\n<meta property=\"article:modified_time\" content=\"2016-11-25T20:50:55+00:00\" \/>\n<meta property=\"og:image\" content=\"http:\/\/www.resonnance.org\/shop\/wp-content\/uploads\/sites\/19\/2016\/11\/front-lg-13.jpg\" \/>\n\t<meta property=\"og:image:width\" content=\"230\" \/>\n\t<meta property=\"og:image:height\" content=\"230\" \/>\n\t<meta property=\"og:image:type\" content=\"image\/jpeg\" \/>\n<meta name=\"twitter:card\" content=\"summary_large_image\" \/>\n<meta name=\"twitter:label1\" content=\"Dur\u00e9e de lecture estim\u00e9e\" \/>\n\t<meta name=\"twitter:data1\" content=\"2 minutes\" \/>\n<script type=\"application\/ld+json\" class=\"yoast-schema-graph\">{\"@context\":\"https:\/\/schema.org\",\"@graph\":[{\"@type\":\"WebPage\",\"@id\":\"http:\/\/www.resonnance.org\/shop\/produit\/le-chemin-de-croix\/\",\"url\":\"http:\/\/www.resonnance.org\/shop\/produit\/le-chemin-de-croix\/\",\"name\":\"Le Chemin de Croix - La Boutique\",\"isPartOf\":{\"@id\":\"https:\/\/www.resonnance.org\/shop\/#website\"},\"primaryImageOfPage\":{\"@id\":\"http:\/\/www.resonnance.org\/shop\/produit\/le-chemin-de-croix\/#primaryimage\"},\"image\":{\"@id\":\"http:\/\/www.resonnance.org\/shop\/produit\/le-chemin-de-croix\/#primaryimage\"},\"thumbnailUrl\":\"https:\/\/www.resonnance.org\/shop\/wp-content\/uploads\/sites\/19\/2016\/11\/front-lg-13.jpg\",\"datePublished\":\"2016-11-22T17:26:30+00:00\",\"dateModified\":\"2016-11-25T20:50:55+00:00\",\"breadcrumb\":{\"@id\":\"http:\/\/www.resonnance.org\/shop\/produit\/le-chemin-de-croix\/#breadcrumb\"},\"inLanguage\":\"fr-FR\",\"potentialAction\":[{\"@type\":\"ReadAction\",\"target\":[\"http:\/\/www.resonnance.org\/shop\/produit\/le-chemin-de-croix\/\"]}]},{\"@type\":\"ImageObject\",\"inLanguage\":\"fr-FR\",\"@id\":\"http:\/\/www.resonnance.org\/shop\/produit\/le-chemin-de-croix\/#primaryimage\",\"url\":\"https:\/\/www.resonnance.org\/shop\/wp-content\/uploads\/sites\/19\/2016\/11\/front-lg-13.jpg\",\"contentUrl\":\"https:\/\/www.resonnance.org\/shop\/wp-content\/uploads\/sites\/19\/2016\/11\/front-lg-13.jpg\",\"width\":230,\"height\":230,\"caption\":\"Le Chemin de Croix\"},{\"@type\":\"BreadcrumbList\",\"@id\":\"http:\/\/www.resonnance.org\/shop\/produit\/le-chemin-de-croix\/#breadcrumb\",\"itemListElement\":[{\"@type\":\"ListItem\",\"position\":1,\"name\":\"Accueil\",\"item\":\"https:\/\/www.resonnance.org\/shop\/\"},{\"@type\":\"ListItem\",\"position\":2,\"name\":\"Boutique\",\"item\":\"https:\/\/www.resonnance.org\/shop\/\"},{\"@type\":\"ListItem\",\"position\":3,\"name\":\"Le Chemin de Croix\"}]},{\"@type\":\"WebSite\",\"@id\":\"https:\/\/www.resonnance.org\/shop\/#website\",\"url\":\"https:\/\/www.resonnance.org\/shop\/\",\"name\":\"La Boutique\",\"description\":\"La boutique R\u00e9sonnance\",\"potentialAction\":[{\"@type\":\"SearchAction\",\"target\":{\"@type\":\"EntryPoint\",\"urlTemplate\":\"https:\/\/www.resonnance.org\/shop\/?s={search_term_string}\"},\"query-input\":{\"@type\":\"PropertyValueSpecification\",\"valueRequired\":true,\"valueName\":\"search_term_string\"}}],\"inLanguage\":\"fr-FR\"}]}<\/script>\n<!-- \/ Yoast SEO plugin. -->","yoast_head_json":{"title":"Le Chemin de Croix - La Boutique","robots":{"index":"index","follow":"follow","max-snippet":"max-snippet:-1","max-image-preview":"max-image-preview:large","max-video-preview":"max-video-preview:-1"},"canonical":"http:\/\/www.resonnance.org\/shop\/produit\/le-chemin-de-croix\/","og_locale":"fr_FR","og_type":"article","og_title":"Le Chemin de Croix - La Boutique","og_description":"Le Chemin de Croix Elizabeth Sombart, pianiste &amp; Nicolas Buttet, pr\u00eatre \u00a0 Play 4:26 Pr\u00e9lude, Fugue et Variation, Op\u00a018\u00a0: Pr\u00e9lude C\u00e9sar Franck (1822-1890) Play 1:16 1\u00e8re station\u00a0: J\u00e9sus est condamn\u00e9 \u00e0 mort Nicolas Buttet Play 2:59 Etude Op. 10 N\u00b0 12, en do mineur, \u00ab\u00a0La R\u00e9volutionnaire\u00a0\u00bb Fr\u00e9d\u00e9ric Chopin (1810-1849) Play 1:05 2\u00e8me station\u00a0: J\u00e9sus est [&hellip;]","og_url":"http:\/\/www.resonnance.org\/shop\/produit\/le-chemin-de-croix\/","og_site_name":"La Boutique","article_modified_time":"2016-11-25T20:50:55+00:00","og_image":[{"width":230,"height":230,"url":"http:\/\/www.resonnance.org\/shop\/wp-content\/uploads\/sites\/19\/2016\/11\/front-lg-13.jpg","type":"image\/jpeg"}],"twitter_card":"summary_large_image","twitter_misc":{"Dur\u00e9e de lecture estim\u00e9e":"2 minutes"},"schema":{"@context":"https:\/\/schema.org","@graph":[{"@type":"WebPage","@id":"http:\/\/www.resonnance.org\/shop\/produit\/le-chemin-de-croix\/","url":"http:\/\/www.resonnance.org\/shop\/produit\/le-chemin-de-croix\/","name":"Le Chemin de Croix - La Boutique","isPartOf":{"@id":"https:\/\/www.resonnance.org\/shop\/#website"},"primaryImageOfPage":{"@id":"http:\/\/www.resonnance.org\/shop\/produit\/le-chemin-de-croix\/#primaryimage"},"image":{"@id":"http:\/\/www.resonnance.org\/shop\/produit\/le-chemin-de-croix\/#primaryimage"},"thumbnailUrl":"https:\/\/www.resonnance.org\/shop\/wp-content\/uploads\/sites\/19\/2016\/11\/front-lg-13.jpg","datePublished":"2016-11-22T17:26:30+00:00","dateModified":"2016-11-25T20:50:55+00:00","breadcrumb":{"@id":"http:\/\/www.resonnance.org\/shop\/produit\/le-chemin-de-croix\/#breadcrumb"},"inLanguage":"fr-FR","potentialAction":[{"@type":"ReadAction","target":["http:\/\/www.resonnance.org\/shop\/produit\/le-chemin-de-croix\/"]}]},{"@type":"ImageObject","inLanguage":"fr-FR","@id":"http:\/\/www.resonnance.org\/shop\/produit\/le-chemin-de-croix\/#primaryimage","url":"https:\/\/www.resonnance.org\/shop\/wp-content\/uploads\/sites\/19\/2016\/11\/front-lg-13.jpg","contentUrl":"https:\/\/www.resonnance.org\/shop\/wp-content\/uploads\/sites\/19\/2016\/11\/front-lg-13.jpg","width":230,"height":230,"caption":"Le Chemin de Croix"},{"@type":"BreadcrumbList","@id":"http:\/\/www.resonnance.org\/shop\/produit\/le-chemin-de-croix\/#breadcrumb","itemListElement":[{"@type":"ListItem","position":1,"name":"Accueil","item":"https:\/\/www.resonnance.org\/shop\/"},{"@type":"ListItem","position":2,"name":"Boutique","item":"https:\/\/www.resonnance.org\/shop\/"},{"@type":"ListItem","position":3,"name":"Le Chemin de Croix"}]},{"@type":"WebSite","@id":"https:\/\/www.resonnance.org\/shop\/#website","url":"https:\/\/www.resonnance.org\/shop\/","name":"La Boutique","description":"La boutique R\u00e9sonnance","potentialAction":[{"@type":"SearchAction","target":{"@type":"EntryPoint","urlTemplate":"https:\/\/www.resonnance.org\/shop\/?s={search_term_string}"},"query-input":{"@type":"PropertyValueSpecification","valueRequired":true,"valueName":"search_term_string"}}],"inLanguage":"fr-FR"}]}},"_links":{"self":[{"href":"https:\/\/www.resonnance.org\/shop\/wp-json\/wp\/v2\/product\/6350","targetHints":{"allow":["GET"]}}],"collection":[{"href":"https:\/\/www.resonnance.org\/shop\/wp-json\/wp\/v2\/product"}],"about":[{"href":"https:\/\/www.resonnance.org\/shop\/wp-json\/wp\/v2\/types\/product"}],"replies":[{"embeddable":true,"href":"https:\/\/www.resonnance.org\/shop\/wp-json\/wp\/v2\/comments?post=6350"}],"wp:featuredmedia":[{"embeddable":true,"href":"https:\/\/www.resonnance.org\/shop\/wp-json\/wp\/v2\/media\/6246"}],"wp:attachment":[{"href":"https:\/\/www.resonnance.org\/shop\/wp-json\/wp\/v2\/media?parent=6350"}],"wp:term":[{"taxonomy":"product_brand","embeddable":true,"href":"https:\/\/www.resonnance.org\/shop\/wp-json\/wp\/v2\/product_brand?post=6350"},{"taxonomy":"product_cat","embeddable":true,"href":"https:\/\/www.resonnance.org\/shop\/wp-json\/wp\/v2\/product_cat?post=6350"},{"taxonomy":"product_tag","embeddable":true,"href":"https:\/\/www.resonnance.org\/shop\/wp-json\/wp\/v2\/product_tag?post=6350"}],"curies":[{"name":"wp","href":"https:\/\/api.w.org\/{rel}","templated":true}]}}