{"id":6336,"date":"2016-11-22T18:11:50","date_gmt":"2016-11-22T17:11:50","guid":{"rendered":"https:\/\/www.resonnance.org\/shop\/?post_type=product&#038;p=6336"},"modified":"2025-06-10T11:56:15","modified_gmt":"2025-06-10T09:56:15","slug":"on-mappelle-plume","status":"publish","type":"product","link":"https:\/\/www.resonnance.org\/shop\/produit\/on-mappelle-plume\/","title":{"rendered":"On m\u2019Appelle Plume"},"content":{"rendered":"<h5 class=\"\">On m\u2019appelle Plume<\/h5>\n<p>&nbsp;<\/p>\n<p><span style=\"color: #ff0000\">RUPTURE DE STOCK<\/span><\/p>\n<p class=\"\">Confidences recueillies par Elizabeth Sombart<\/p>\n<div id=\"\" class=\"\">&lt;!&#8211; <img \/> &#8211;&gt;<\/div>\n<p><!-- fadeitout --><\/p>\n<div class=\"\"><\/div>\n<p><!-- tracks --><\/p>\n<p class=\"\">Que peut-il y avoir de commun entre le monde de la musique classique et celui de la toxicomanie\u00a0? A priori rien, si ce n&rsquo;est la richesse du ressenti, terrain commun \u00e0 toutes les exp\u00e9riences. La rencontre entre les deux femmes se cristallise en don r\u00e9ciproque&amp;nbsp: dans la complicit\u00e9 de l&rsquo;\u00e9coute partag\u00e9e, un message d&rsquo;espoir qui nous rappelle que la vie est belle et qu&rsquo;elle vaut toujours la peine d&rsquo;\u00eatre v\u00e9cue.<\/p>\n<p class=\"\">(Editions l\u2019H\u00e8be)<\/p>\n<p class=\"\">Livre + CD<\/p>\n","protected":false},"excerpt":{"rendered":"<p>On m\u2019appelle Plume &nbsp; RUPTURE DE STOCK Confidences recueillies par Elizabeth Sombart &lt;!&#8211; &#8211;&gt; Que peut-il y avoir de commun entre le monde de la musique classique et celui de la toxicomanie\u00a0? A priori rien, si ce n&rsquo;est la richesse du ressenti, terrain commun \u00e0 toutes les exp\u00e9riences. La rencontre entre les deux femmes se [&hellip;]<\/p>\n","protected":false},"featured_media":6288,"comment_status":"open","ping_status":"closed","template":"","meta":{"_acf_changed":false},"product_brand":[],"product_cat":[47,126],"product_tag":[],"class_list":{"0":"post-6336","1":"product","2":"type-product","3":"status-publish","4":"has-post-thumbnail","6":"product_cat-livres","7":"product_cat-ouvrages","10":"first","11":"outofstock","12":"shipping-taxable","13":"purchasable","14":"product-type-simple"},"acf":[],"yoast_head":"<!-- This site is optimized with the Yoast SEO plugin v23.9 - https:\/\/yoast.com\/wordpress\/plugins\/seo\/ -->\n<title>On m\u2019Appelle Plume - La Boutique<\/title>\n<meta name=\"robots\" content=\"index, follow, max-snippet:-1, max-image-preview:large, max-video-preview:-1\" \/>\n<link rel=\"canonical\" href=\"http:\/\/www.resonnance.org\/shop\/produit\/on-mappelle-plume\/\" \/>\n<meta property=\"og:locale\" content=\"fr_FR\" \/>\n<meta property=\"og:type\" content=\"article\" \/>\n<meta property=\"og:title\" content=\"On m\u2019Appelle Plume - La Boutique\" \/>\n<meta property=\"og:description\" content=\"On m\u2019appelle Plume &nbsp; RUPTURE DE STOCK Confidences recueillies par Elizabeth Sombart &lt;!&#8211; &#8211;&gt; Que peut-il y avoir de commun entre le monde de la musique classique et celui de la toxicomanie\u00a0? A priori rien, si ce n&rsquo;est la richesse du ressenti, terrain commun \u00e0 toutes les exp\u00e9riences. La rencontre entre les deux femmes se [&hellip;]\" \/>\n<meta property=\"og:url\" content=\"http:\/\/www.resonnance.org\/shop\/produit\/on-mappelle-plume\/\" \/>\n<meta property=\"og:site_name\" content=\"La Boutique\" \/>\n<meta property=\"article:modified_time\" content=\"2025-06-10T09:56:15+00:00\" \/>\n<meta property=\"og:image\" content=\"http:\/\/www.resonnance.org\/shop\/wp-content\/uploads\/sites\/19\/2016\/11\/front-lg-34.jpg\" \/>\n\t<meta property=\"og:image:width\" content=\"230\" \/>\n\t<meta property=\"og:image:height\" content=\"316\" \/>\n\t<meta property=\"og:image:type\" content=\"image\/jpeg\" \/>\n<meta name=\"twitter:card\" content=\"summary_large_image\" \/>\n<meta name=\"twitter:label1\" content=\"Dur\u00e9e de lecture estim\u00e9e\" \/>\n\t<meta name=\"twitter:data1\" content=\"1 minute\" \/>\n<script type=\"application\/ld+json\" class=\"yoast-schema-graph\">{\"@context\":\"https:\/\/schema.org\",\"@graph\":[{\"@type\":\"WebPage\",\"@id\":\"http:\/\/www.resonnance.org\/shop\/produit\/on-mappelle-plume\/\",\"url\":\"http:\/\/www.resonnance.org\/shop\/produit\/on-mappelle-plume\/\",\"name\":\"On m\u2019Appelle Plume - La Boutique\",\"isPartOf\":{\"@id\":\"http:\/\/www.resonnance.org\/shop\/#website\"},\"primaryImageOfPage\":{\"@id\":\"http:\/\/www.resonnance.org\/shop\/produit\/on-mappelle-plume\/#primaryimage\"},\"image\":{\"@id\":\"http:\/\/www.resonnance.org\/shop\/produit\/on-mappelle-plume\/#primaryimage\"},\"thumbnailUrl\":\"https:\/\/www.resonnance.org\/shop\/wp-content\/uploads\/sites\/19\/2016\/11\/front-lg-34.jpg\",\"datePublished\":\"2016-11-22T17:11:50+00:00\",\"dateModified\":\"2025-06-10T09:56:15+00:00\",\"breadcrumb\":{\"@id\":\"http:\/\/www.resonnance.org\/shop\/produit\/on-mappelle-plume\/#breadcrumb\"},\"inLanguage\":\"fr-FR\",\"potentialAction\":[{\"@type\":\"ReadAction\",\"target\":[\"http:\/\/www.resonnance.org\/shop\/produit\/on-mappelle-plume\/\"]}]},{\"@type\":\"ImageObject\",\"inLanguage\":\"fr-FR\",\"@id\":\"http:\/\/www.resonnance.org\/shop\/produit\/on-mappelle-plume\/#primaryimage\",\"url\":\"https:\/\/www.resonnance.org\/shop\/wp-content\/uploads\/sites\/19\/2016\/11\/front-lg-34.jpg\",\"contentUrl\":\"https:\/\/www.resonnance.org\/shop\/wp-content\/uploads\/sites\/19\/2016\/11\/front-lg-34.jpg\",\"width\":230,\"height\":316,\"caption\":\"On m\u2019Appelle Plume\"},{\"@type\":\"BreadcrumbList\",\"@id\":\"http:\/\/www.resonnance.org\/shop\/produit\/on-mappelle-plume\/#breadcrumb\",\"itemListElement\":[{\"@type\":\"ListItem\",\"position\":1,\"name\":\"Accueil\",\"item\":\"http:\/\/www.resonnance.org\/shop\/\"},{\"@type\":\"ListItem\",\"position\":2,\"name\":\"Boutique\",\"item\":\"http:\/\/www.resonnance.org\/shop\/\"},{\"@type\":\"ListItem\",\"position\":3,\"name\":\"On m\u2019Appelle Plume\"}]},{\"@type\":\"WebSite\",\"@id\":\"http:\/\/www.resonnance.org\/shop\/#website\",\"url\":\"http:\/\/www.resonnance.org\/shop\/\",\"name\":\"La Boutique\",\"description\":\"La boutique R\u00e9sonnance\",\"potentialAction\":[{\"@type\":\"SearchAction\",\"target\":{\"@type\":\"EntryPoint\",\"urlTemplate\":\"http:\/\/www.resonnance.org\/shop\/?s={search_term_string}\"},\"query-input\":{\"@type\":\"PropertyValueSpecification\",\"valueRequired\":true,\"valueName\":\"search_term_string\"}}],\"inLanguage\":\"fr-FR\"}]}<\/script>\n<!-- \/ Yoast SEO plugin. -->","yoast_head_json":{"title":"On m\u2019Appelle Plume - La Boutique","robots":{"index":"index","follow":"follow","max-snippet":"max-snippet:-1","max-image-preview":"max-image-preview:large","max-video-preview":"max-video-preview:-1"},"canonical":"http:\/\/www.resonnance.org\/shop\/produit\/on-mappelle-plume\/","og_locale":"fr_FR","og_type":"article","og_title":"On m\u2019Appelle Plume - La Boutique","og_description":"On m\u2019appelle Plume &nbsp; RUPTURE DE STOCK Confidences recueillies par Elizabeth Sombart &lt;!&#8211; &#8211;&gt; Que peut-il y avoir de commun entre le monde de la musique classique et celui de la toxicomanie\u00a0? A priori rien, si ce n&rsquo;est la richesse du ressenti, terrain commun \u00e0 toutes les exp\u00e9riences. La rencontre entre les deux femmes se [&hellip;]","og_url":"http:\/\/www.resonnance.org\/shop\/produit\/on-mappelle-plume\/","og_site_name":"La Boutique","article_modified_time":"2025-06-10T09:56:15+00:00","og_image":[{"width":230,"height":316,"url":"http:\/\/www.resonnance.org\/shop\/wp-content\/uploads\/sites\/19\/2016\/11\/front-lg-34.jpg","type":"image\/jpeg"}],"twitter_card":"summary_large_image","twitter_misc":{"Dur\u00e9e de lecture estim\u00e9e":"1 minute"},"schema":{"@context":"https:\/\/schema.org","@graph":[{"@type":"WebPage","@id":"http:\/\/www.resonnance.org\/shop\/produit\/on-mappelle-plume\/","url":"http:\/\/www.resonnance.org\/shop\/produit\/on-mappelle-plume\/","name":"On m\u2019Appelle Plume - La Boutique","isPartOf":{"@id":"http:\/\/www.resonnance.org\/shop\/#website"},"primaryImageOfPage":{"@id":"http:\/\/www.resonnance.org\/shop\/produit\/on-mappelle-plume\/#primaryimage"},"image":{"@id":"http:\/\/www.resonnance.org\/shop\/produit\/on-mappelle-plume\/#primaryimage"},"thumbnailUrl":"https:\/\/www.resonnance.org\/shop\/wp-content\/uploads\/sites\/19\/2016\/11\/front-lg-34.jpg","datePublished":"2016-11-22T17:11:50+00:00","dateModified":"2025-06-10T09:56:15+00:00","breadcrumb":{"@id":"http:\/\/www.resonnance.org\/shop\/produit\/on-mappelle-plume\/#breadcrumb"},"inLanguage":"fr-FR","potentialAction":[{"@type":"ReadAction","target":["http:\/\/www.resonnance.org\/shop\/produit\/on-mappelle-plume\/"]}]},{"@type":"ImageObject","inLanguage":"fr-FR","@id":"http:\/\/www.resonnance.org\/shop\/produit\/on-mappelle-plume\/#primaryimage","url":"https:\/\/www.resonnance.org\/shop\/wp-content\/uploads\/sites\/19\/2016\/11\/front-lg-34.jpg","contentUrl":"https:\/\/www.resonnance.org\/shop\/wp-content\/uploads\/sites\/19\/2016\/11\/front-lg-34.jpg","width":230,"height":316,"caption":"On m\u2019Appelle Plume"},{"@type":"BreadcrumbList","@id":"http:\/\/www.resonnance.org\/shop\/produit\/on-mappelle-plume\/#breadcrumb","itemListElement":[{"@type":"ListItem","position":1,"name":"Accueil","item":"http:\/\/www.resonnance.org\/shop\/"},{"@type":"ListItem","position":2,"name":"Boutique","item":"http:\/\/www.resonnance.org\/shop\/"},{"@type":"ListItem","position":3,"name":"On m\u2019Appelle Plume"}]},{"@type":"WebSite","@id":"http:\/\/www.resonnance.org\/shop\/#website","url":"http:\/\/www.resonnance.org\/shop\/","name":"La Boutique","description":"La boutique R\u00e9sonnance","potentialAction":[{"@type":"SearchAction","target":{"@type":"EntryPoint","urlTemplate":"http:\/\/www.resonnance.org\/shop\/?s={search_term_string}"},"query-input":{"@type":"PropertyValueSpecification","valueRequired":true,"valueName":"search_term_string"}}],"inLanguage":"fr-FR"}]}},"_links":{"self":[{"href":"https:\/\/www.resonnance.org\/shop\/wp-json\/wp\/v2\/product\/6336","targetHints":{"allow":["GET"]}}],"collection":[{"href":"https:\/\/www.resonnance.org\/shop\/wp-json\/wp\/v2\/product"}],"about":[{"href":"https:\/\/www.resonnance.org\/shop\/wp-json\/wp\/v2\/types\/product"}],"replies":[{"embeddable":true,"href":"https:\/\/www.resonnance.org\/shop\/wp-json\/wp\/v2\/comments?post=6336"}],"wp:featuredmedia":[{"embeddable":true,"href":"https:\/\/www.resonnance.org\/shop\/wp-json\/wp\/v2\/media\/6288"}],"wp:attachment":[{"href":"https:\/\/www.resonnance.org\/shop\/wp-json\/wp\/v2\/media?parent=6336"}],"wp:term":[{"taxonomy":"product_brand","embeddable":true,"href":"https:\/\/www.resonnance.org\/shop\/wp-json\/wp\/v2\/product_brand?post=6336"},{"taxonomy":"product_cat","embeddable":true,"href":"https:\/\/www.resonnance.org\/shop\/wp-json\/wp\/v2\/product_cat?post=6336"},{"taxonomy":"product_tag","embeddable":true,"href":"https:\/\/www.resonnance.org\/shop\/wp-json\/wp\/v2\/product_tag?post=6336"}],"curies":[{"name":"wp","href":"https:\/\/api.w.org\/{rel}","templated":true}]}}