{"id":6324,"date":"2016-11-22T17:35:12","date_gmt":"2016-11-22T16:35:12","guid":{"rendered":"https:\/\/www.resonnance.org\/shop\/?post_type=product&#038;p=6324"},"modified":"2016-11-25T22:52:12","modified_gmt":"2016-11-25T21:52:12","slug":"piano-et-resonances-op-1-cahier-n-3","status":"publish","type":"product","link":"https:\/\/www.resonnance.org\/shop\/produit\/piano-et-resonances-op-1-cahier-n-3\/","title":{"rendered":"Piano et R\u00e9sonances Op. 1, Cahier n\u00b0 3"},"content":{"rendered":"<h5 class=\"\">Piano et R\u00e9sonances<br \/>\nOpus 1 : Gestuelle et Dynamique Pianistique<\/h5>\n<div id=\"\" class=\"\"><!-- <img decoding=\"async\" class=\"\"largeart\"\" src=\"\"files\/book\/pianoetresonances3\/art\/front-lg.jpg\"\" width=\"\"230px\"\" height=\"\"325px\"\" align=\"\"right\"\"> --><\/div>\n<p><!-- fadeitout --><\/p>\n<div class=\"\"><\/div>\n<p class=\"\">Cahier n\u00b0 3 : Le Petit Equilibre<\/p>\n<p class=\"\">\n<p class=\"\">La MAIN, dernier maillon d&rsquo;une longue cha\u00eene de transmission, assure toute la r\u00e9ussite du projet technique et musical.<\/p>\n<p class=\"\">Cet ouvrage pr\u00e9cise comment positionner et construire la main, pour finaliser l&rsquo;\u00e9quilibre au piano et lib\u00e9rer le jeu.<\/p>\n<p class=\"\">\n<p class=\"\">Marie-Christine Calvet<\/p>\n<p class=\"\">(Edition du CREP)<\/p>\n<p><!-- tracks --><\/p>\n","protected":false},"excerpt":{"rendered":"<p>Piano et R\u00e9sonances Opus 1 : Gestuelle et Dynamique Pianistique Cahier n\u00b0 3 : Le Petit Equilibre La MAIN, dernier maillon d&rsquo;une longue cha\u00eene de transmission, assure toute la r\u00e9ussite du projet technique et musical. Cet ouvrage pr\u00e9cise comment positionner et construire la main, pour finaliser l&rsquo;\u00e9quilibre au piano et lib\u00e9rer le jeu. Marie-Christine Calvet [&hellip;]<\/p>\n","protected":false},"featured_media":6298,"comment_status":"open","ping_status":"closed","template":"","meta":{"_acf_changed":false},"product_brand":[],"product_cat":[125],"product_tag":[],"class_list":{"0":"post-6324","1":"product","2":"type-product","3":"status-publish","4":"has-post-thumbnail","6":"product_cat-gestuelle-et-dynamique-pianistique","9":"first","10":"outofstock","11":"shipping-taxable","12":"product-type-simple"},"acf":[],"yoast_head":"<!-- This site is optimized with the Yoast SEO plugin v23.9 - https:\/\/yoast.com\/wordpress\/plugins\/seo\/ -->\n<title>Piano et R\u00e9sonances Op. 1, Cahier n\u00b0 3 - La Boutique<\/title>\n<meta name=\"robots\" content=\"index, follow, max-snippet:-1, max-image-preview:large, max-video-preview:-1\" \/>\n<link rel=\"canonical\" href=\"https:\/\/www.resonnance.org\/shop\/produit\/piano-et-resonances-op-1-cahier-n-3\/\" \/>\n<meta property=\"og:locale\" content=\"fr_FR\" \/>\n<meta property=\"og:type\" content=\"article\" \/>\n<meta property=\"og:title\" content=\"Piano et R\u00e9sonances Op. 1, Cahier n\u00b0 3 - La Boutique\" \/>\n<meta property=\"og:description\" content=\"Piano et R\u00e9sonances Opus 1 : Gestuelle et Dynamique Pianistique Cahier n\u00b0 3 : Le Petit Equilibre La MAIN, dernier maillon d&rsquo;une longue cha\u00eene de transmission, assure toute la r\u00e9ussite du projet technique et musical. Cet ouvrage pr\u00e9cise comment positionner et construire la main, pour finaliser l&rsquo;\u00e9quilibre au piano et lib\u00e9rer le jeu. Marie-Christine Calvet [&hellip;]\" \/>\n<meta property=\"og:url\" content=\"https:\/\/www.resonnance.org\/shop\/produit\/piano-et-resonances-op-1-cahier-n-3\/\" \/>\n<meta property=\"og:site_name\" content=\"La Boutique\" \/>\n<meta property=\"article:modified_time\" content=\"2016-11-25T21:52:12+00:00\" \/>\n<meta property=\"og:image\" content=\"https:\/\/www.resonnance.org\/shop\/wp-content\/uploads\/sites\/19\/2016\/11\/front-lg-39.jpg\" \/>\n\t<meta property=\"og:image:width\" content=\"230\" \/>\n\t<meta property=\"og:image:height\" content=\"325\" \/>\n\t<meta property=\"og:image:type\" content=\"image\/jpeg\" \/>\n<meta name=\"twitter:card\" content=\"summary_large_image\" \/>\n<script type=\"application\/ld+json\" class=\"yoast-schema-graph\">{\"@context\":\"https:\/\/schema.org\",\"@graph\":[{\"@type\":\"WebPage\",\"@id\":\"https:\/\/www.resonnance.org\/shop\/produit\/piano-et-resonances-op-1-cahier-n-3\/\",\"url\":\"https:\/\/www.resonnance.org\/shop\/produit\/piano-et-resonances-op-1-cahier-n-3\/\",\"name\":\"Piano et R\u00e9sonances Op. 1, Cahier n\u00b0 3 - La Boutique\",\"isPartOf\":{\"@id\":\"https:\/\/www.resonnance.org\/shop\/#website\"},\"primaryImageOfPage\":{\"@id\":\"https:\/\/www.resonnance.org\/shop\/produit\/piano-et-resonances-op-1-cahier-n-3\/#primaryimage\"},\"image\":{\"@id\":\"https:\/\/www.resonnance.org\/shop\/produit\/piano-et-resonances-op-1-cahier-n-3\/#primaryimage\"},\"thumbnailUrl\":\"https:\/\/www.resonnance.org\/shop\/wp-content\/uploads\/sites\/19\/2016\/11\/front-lg-39.jpg\",\"datePublished\":\"2016-11-22T16:35:12+00:00\",\"dateModified\":\"2016-11-25T21:52:12+00:00\",\"breadcrumb\":{\"@id\":\"https:\/\/www.resonnance.org\/shop\/produit\/piano-et-resonances-op-1-cahier-n-3\/#breadcrumb\"},\"inLanguage\":\"fr-FR\",\"potentialAction\":[{\"@type\":\"ReadAction\",\"target\":[\"https:\/\/www.resonnance.org\/shop\/produit\/piano-et-resonances-op-1-cahier-n-3\/\"]}]},{\"@type\":\"ImageObject\",\"inLanguage\":\"fr-FR\",\"@id\":\"https:\/\/www.resonnance.org\/shop\/produit\/piano-et-resonances-op-1-cahier-n-3\/#primaryimage\",\"url\":\"https:\/\/www.resonnance.org\/shop\/wp-content\/uploads\/sites\/19\/2016\/11\/front-lg-39.jpg\",\"contentUrl\":\"https:\/\/www.resonnance.org\/shop\/wp-content\/uploads\/sites\/19\/2016\/11\/front-lg-39.jpg\",\"width\":230,\"height\":325,\"caption\":\"Piano et R\u00e9sonances Op. 1, Cahier n\u00b0 3\"},{\"@type\":\"BreadcrumbList\",\"@id\":\"https:\/\/www.resonnance.org\/shop\/produit\/piano-et-resonances-op-1-cahier-n-3\/#breadcrumb\",\"itemListElement\":[{\"@type\":\"ListItem\",\"position\":1,\"name\":\"Accueil\",\"item\":\"https:\/\/www.resonnance.org\/shop\/\"},{\"@type\":\"ListItem\",\"position\":2,\"name\":\"Boutique\",\"item\":\"https:\/\/www.resonnance.org\/shop\/\"},{\"@type\":\"ListItem\",\"position\":3,\"name\":\"Piano et R\u00e9sonances Op. 1, Cahier n\u00b0 3\"}]},{\"@type\":\"WebSite\",\"@id\":\"https:\/\/www.resonnance.org\/shop\/#website\",\"url\":\"https:\/\/www.resonnance.org\/shop\/\",\"name\":\"La Boutique\",\"description\":\"La boutique R\u00e9sonnance\",\"potentialAction\":[{\"@type\":\"SearchAction\",\"target\":{\"@type\":\"EntryPoint\",\"urlTemplate\":\"https:\/\/www.resonnance.org\/shop\/?s={search_term_string}\"},\"query-input\":{\"@type\":\"PropertyValueSpecification\",\"valueRequired\":true,\"valueName\":\"search_term_string\"}}],\"inLanguage\":\"fr-FR\"}]}<\/script>\n<!-- \/ Yoast SEO plugin. -->","yoast_head_json":{"title":"Piano et R\u00e9sonances Op. 1, Cahier n\u00b0 3 - La Boutique","robots":{"index":"index","follow":"follow","max-snippet":"max-snippet:-1","max-image-preview":"max-image-preview:large","max-video-preview":"max-video-preview:-1"},"canonical":"https:\/\/www.resonnance.org\/shop\/produit\/piano-et-resonances-op-1-cahier-n-3\/","og_locale":"fr_FR","og_type":"article","og_title":"Piano et R\u00e9sonances Op. 1, Cahier n\u00b0 3 - La Boutique","og_description":"Piano et R\u00e9sonances Opus 1 : Gestuelle et Dynamique Pianistique Cahier n\u00b0 3 : Le Petit Equilibre La MAIN, dernier maillon d&rsquo;une longue cha\u00eene de transmission, assure toute la r\u00e9ussite du projet technique et musical. Cet ouvrage pr\u00e9cise comment positionner et construire la main, pour finaliser l&rsquo;\u00e9quilibre au piano et lib\u00e9rer le jeu. Marie-Christine Calvet [&hellip;]","og_url":"https:\/\/www.resonnance.org\/shop\/produit\/piano-et-resonances-op-1-cahier-n-3\/","og_site_name":"La Boutique","article_modified_time":"2016-11-25T21:52:12+00:00","og_image":[{"width":230,"height":325,"url":"https:\/\/www.resonnance.org\/shop\/wp-content\/uploads\/sites\/19\/2016\/11\/front-lg-39.jpg","type":"image\/jpeg"}],"twitter_card":"summary_large_image","schema":{"@context":"https:\/\/schema.org","@graph":[{"@type":"WebPage","@id":"https:\/\/www.resonnance.org\/shop\/produit\/piano-et-resonances-op-1-cahier-n-3\/","url":"https:\/\/www.resonnance.org\/shop\/produit\/piano-et-resonances-op-1-cahier-n-3\/","name":"Piano et R\u00e9sonances Op. 1, Cahier n\u00b0 3 - La Boutique","isPartOf":{"@id":"https:\/\/www.resonnance.org\/shop\/#website"},"primaryImageOfPage":{"@id":"https:\/\/www.resonnance.org\/shop\/produit\/piano-et-resonances-op-1-cahier-n-3\/#primaryimage"},"image":{"@id":"https:\/\/www.resonnance.org\/shop\/produit\/piano-et-resonances-op-1-cahier-n-3\/#primaryimage"},"thumbnailUrl":"https:\/\/www.resonnance.org\/shop\/wp-content\/uploads\/sites\/19\/2016\/11\/front-lg-39.jpg","datePublished":"2016-11-22T16:35:12+00:00","dateModified":"2016-11-25T21:52:12+00:00","breadcrumb":{"@id":"https:\/\/www.resonnance.org\/shop\/produit\/piano-et-resonances-op-1-cahier-n-3\/#breadcrumb"},"inLanguage":"fr-FR","potentialAction":[{"@type":"ReadAction","target":["https:\/\/www.resonnance.org\/shop\/produit\/piano-et-resonances-op-1-cahier-n-3\/"]}]},{"@type":"ImageObject","inLanguage":"fr-FR","@id":"https:\/\/www.resonnance.org\/shop\/produit\/piano-et-resonances-op-1-cahier-n-3\/#primaryimage","url":"https:\/\/www.resonnance.org\/shop\/wp-content\/uploads\/sites\/19\/2016\/11\/front-lg-39.jpg","contentUrl":"https:\/\/www.resonnance.org\/shop\/wp-content\/uploads\/sites\/19\/2016\/11\/front-lg-39.jpg","width":230,"height":325,"caption":"Piano et R\u00e9sonances Op. 1, Cahier n\u00b0 3"},{"@type":"BreadcrumbList","@id":"https:\/\/www.resonnance.org\/shop\/produit\/piano-et-resonances-op-1-cahier-n-3\/#breadcrumb","itemListElement":[{"@type":"ListItem","position":1,"name":"Accueil","item":"https:\/\/www.resonnance.org\/shop\/"},{"@type":"ListItem","position":2,"name":"Boutique","item":"https:\/\/www.resonnance.org\/shop\/"},{"@type":"ListItem","position":3,"name":"Piano et R\u00e9sonances Op. 1, Cahier n\u00b0 3"}]},{"@type":"WebSite","@id":"https:\/\/www.resonnance.org\/shop\/#website","url":"https:\/\/www.resonnance.org\/shop\/","name":"La Boutique","description":"La boutique R\u00e9sonnance","potentialAction":[{"@type":"SearchAction","target":{"@type":"EntryPoint","urlTemplate":"https:\/\/www.resonnance.org\/shop\/?s={search_term_string}"},"query-input":{"@type":"PropertyValueSpecification","valueRequired":true,"valueName":"search_term_string"}}],"inLanguage":"fr-FR"}]}},"_links":{"self":[{"href":"https:\/\/www.resonnance.org\/shop\/wp-json\/wp\/v2\/product\/6324","targetHints":{"allow":["GET"]}}],"collection":[{"href":"https:\/\/www.resonnance.org\/shop\/wp-json\/wp\/v2\/product"}],"about":[{"href":"https:\/\/www.resonnance.org\/shop\/wp-json\/wp\/v2\/types\/product"}],"replies":[{"embeddable":true,"href":"https:\/\/www.resonnance.org\/shop\/wp-json\/wp\/v2\/comments?post=6324"}],"wp:featuredmedia":[{"embeddable":true,"href":"https:\/\/www.resonnance.org\/shop\/wp-json\/wp\/v2\/media\/6298"}],"wp:attachment":[{"href":"https:\/\/www.resonnance.org\/shop\/wp-json\/wp\/v2\/media?parent=6324"}],"wp:term":[{"taxonomy":"product_brand","embeddable":true,"href":"https:\/\/www.resonnance.org\/shop\/wp-json\/wp\/v2\/product_brand?post=6324"},{"taxonomy":"product_cat","embeddable":true,"href":"https:\/\/www.resonnance.org\/shop\/wp-json\/wp\/v2\/product_cat?post=6324"},{"taxonomy":"product_tag","embeddable":true,"href":"https:\/\/www.resonnance.org\/shop\/wp-json\/wp\/v2\/product_tag?post=6324"}],"curies":[{"name":"wp","href":"https:\/\/api.w.org\/{rel}","templated":true}]}}