{"id":6270,"date":"2016-11-22T16:39:16","date_gmt":"2016-11-22T15:39:16","guid":{"rendered":"https:\/\/www.resonnance.org\/shop\/?post_type=product&#038;p=6270"},"modified":"2025-06-10T11:57:36","modified_gmt":"2025-06-10T09:57:36","slug":"comprendre-maurice-zundel","status":"publish","type":"product","link":"https:\/\/www.resonnance.org\/shop\/produit\/comprendre-maurice-zundel\/","title":{"rendered":"Comprendre Maurice Zundel"},"content":{"rendered":"<h5 class=\"\">Comprendre Maurice Zundel<\/h5>\n<p class=\"\">Citations, temoignages et extraits des livres<\/p>\n<p><!-- tracks --><\/p>\n","protected":false},"excerpt":{"rendered":"<p class=\"rt-teaser nomarginbottom\">CITATIONS, T\u00c9MOIGNAGES ET EXTRAITS DES LIVRES<\/p>\n<p class=\"rt-teaser nomarginbottom\">DE MAURICE ZUNDEL, PR\u00caTRE SUISSE N\u00c9 EN 1897 AVEC<\/p>\n<p class=\"rt-teaser nomarginbottom\">LA PARTICIPATION D\u2019ELIZABETH SOMBART<\/p>\n","protected":false},"featured_media":6308,"comment_status":"open","ping_status":"closed","template":"","meta":{"_acf_changed":false},"product_brand":[],"product_cat":[47,126],"product_tag":[],"class_list":{"0":"post-6270","1":"product","2":"type-product","3":"status-publish","4":"has-post-thumbnail","6":"product_cat-livres","7":"product_cat-ouvrages","10":"first","11":"outofstock","12":"shipping-taxable","13":"purchasable","14":"product-type-simple"},"acf":[],"yoast_head":"<!-- This site is optimized with the Yoast SEO plugin v23.9 - https:\/\/yoast.com\/wordpress\/plugins\/seo\/ -->\n<title>Comprendre Maurice Zundel - La Boutique<\/title>\n<meta name=\"robots\" content=\"index, follow, max-snippet:-1, max-image-preview:large, max-video-preview:-1\" \/>\n<link rel=\"canonical\" href=\"https:\/\/www.resonnance.org\/shop\/produit\/comprendre-maurice-zundel\/\" \/>\n<meta property=\"og:locale\" content=\"fr_FR\" \/>\n<meta property=\"og:type\" content=\"article\" \/>\n<meta property=\"og:title\" content=\"Comprendre Maurice Zundel - La Boutique\" \/>\n<meta property=\"og:description\" content=\"CITATIONS, T\u00c9MOIGNAGES ET EXTRAITS DES LIVRES DE MAURICE ZUNDEL, PR\u00caTRE SUISSE N\u00c9 EN 1897 AVEC LA PARTICIPATION D\u2019ELIZABETH SOMBART\" \/>\n<meta property=\"og:url\" content=\"https:\/\/www.resonnance.org\/shop\/produit\/comprendre-maurice-zundel\/\" \/>\n<meta property=\"og:site_name\" content=\"La Boutique\" \/>\n<meta property=\"article:modified_time\" content=\"2025-06-10T09:57:36+00:00\" \/>\n<meta property=\"og:image\" content=\"https:\/\/www.resonnance.org\/shop\/wp-content\/uploads\/sites\/19\/2016\/11\/comprendre-maurice-zundel.jpg\" \/>\n\t<meta property=\"og:image:width\" content=\"441\" \/>\n\t<meta property=\"og:image:height\" content=\"600\" \/>\n\t<meta property=\"og:image:type\" content=\"image\/jpeg\" \/>\n<meta name=\"twitter:card\" content=\"summary_large_image\" \/>\n<meta name=\"twitter:label1\" content=\"Dur\u00e9e de lecture estim\u00e9e\" \/>\n\t<meta name=\"twitter:data1\" content=\"1 minute\" \/>\n<script type=\"application\/ld+json\" class=\"yoast-schema-graph\">{\"@context\":\"https:\/\/schema.org\",\"@graph\":[{\"@type\":\"WebPage\",\"@id\":\"https:\/\/www.resonnance.org\/shop\/produit\/comprendre-maurice-zundel\/\",\"url\":\"https:\/\/www.resonnance.org\/shop\/produit\/comprendre-maurice-zundel\/\",\"name\":\"Comprendre Maurice Zundel - La Boutique\",\"isPartOf\":{\"@id\":\"https:\/\/www.resonnance.org\/shop\/#website\"},\"primaryImageOfPage\":{\"@id\":\"https:\/\/www.resonnance.org\/shop\/produit\/comprendre-maurice-zundel\/#primaryimage\"},\"image\":{\"@id\":\"https:\/\/www.resonnance.org\/shop\/produit\/comprendre-maurice-zundel\/#primaryimage\"},\"thumbnailUrl\":\"https:\/\/www.resonnance.org\/shop\/wp-content\/uploads\/sites\/19\/2016\/11\/comprendre-maurice-zundel.jpg\",\"datePublished\":\"2016-11-22T15:39:16+00:00\",\"dateModified\":\"2025-06-10T09:57:36+00:00\",\"breadcrumb\":{\"@id\":\"https:\/\/www.resonnance.org\/shop\/produit\/comprendre-maurice-zundel\/#breadcrumb\"},\"inLanguage\":\"fr-FR\",\"potentialAction\":[{\"@type\":\"ReadAction\",\"target\":[\"https:\/\/www.resonnance.org\/shop\/produit\/comprendre-maurice-zundel\/\"]}]},{\"@type\":\"ImageObject\",\"inLanguage\":\"fr-FR\",\"@id\":\"https:\/\/www.resonnance.org\/shop\/produit\/comprendre-maurice-zundel\/#primaryimage\",\"url\":\"https:\/\/www.resonnance.org\/shop\/wp-content\/uploads\/sites\/19\/2016\/11\/comprendre-maurice-zundel.jpg\",\"contentUrl\":\"https:\/\/www.resonnance.org\/shop\/wp-content\/uploads\/sites\/19\/2016\/11\/comprendre-maurice-zundel.jpg\",\"width\":441,\"height\":600,\"caption\":\"Comprendre Maurice Zundel\"},{\"@type\":\"BreadcrumbList\",\"@id\":\"https:\/\/www.resonnance.org\/shop\/produit\/comprendre-maurice-zundel\/#breadcrumb\",\"itemListElement\":[{\"@type\":\"ListItem\",\"position\":1,\"name\":\"Accueil\",\"item\":\"https:\/\/www.resonnance.org\/shop\/\"},{\"@type\":\"ListItem\",\"position\":2,\"name\":\"Boutique\",\"item\":\"https:\/\/www.resonnance.org\/shop\/\"},{\"@type\":\"ListItem\",\"position\":3,\"name\":\"Comprendre Maurice Zundel\"}]},{\"@type\":\"WebSite\",\"@id\":\"https:\/\/www.resonnance.org\/shop\/#website\",\"url\":\"https:\/\/www.resonnance.org\/shop\/\",\"name\":\"La Boutique\",\"description\":\"La boutique R\u00e9sonnance\",\"potentialAction\":[{\"@type\":\"SearchAction\",\"target\":{\"@type\":\"EntryPoint\",\"urlTemplate\":\"https:\/\/www.resonnance.org\/shop\/?s={search_term_string}\"},\"query-input\":{\"@type\":\"PropertyValueSpecification\",\"valueRequired\":true,\"valueName\":\"search_term_string\"}}],\"inLanguage\":\"fr-FR\"}]}<\/script>\n<!-- \/ Yoast SEO plugin. -->","yoast_head_json":{"title":"Comprendre Maurice Zundel - La Boutique","robots":{"index":"index","follow":"follow","max-snippet":"max-snippet:-1","max-image-preview":"max-image-preview:large","max-video-preview":"max-video-preview:-1"},"canonical":"https:\/\/www.resonnance.org\/shop\/produit\/comprendre-maurice-zundel\/","og_locale":"fr_FR","og_type":"article","og_title":"Comprendre Maurice Zundel - La Boutique","og_description":"CITATIONS, T\u00c9MOIGNAGES ET EXTRAITS DES LIVRES DE MAURICE ZUNDEL, PR\u00caTRE SUISSE N\u00c9 EN 1897 AVEC LA PARTICIPATION D\u2019ELIZABETH SOMBART","og_url":"https:\/\/www.resonnance.org\/shop\/produit\/comprendre-maurice-zundel\/","og_site_name":"La Boutique","article_modified_time":"2025-06-10T09:57:36+00:00","og_image":[{"width":441,"height":600,"url":"https:\/\/www.resonnance.org\/shop\/wp-content\/uploads\/sites\/19\/2016\/11\/comprendre-maurice-zundel.jpg","type":"image\/jpeg"}],"twitter_card":"summary_large_image","twitter_misc":{"Dur\u00e9e de lecture estim\u00e9e":"1 minute"},"schema":{"@context":"https:\/\/schema.org","@graph":[{"@type":"WebPage","@id":"https:\/\/www.resonnance.org\/shop\/produit\/comprendre-maurice-zundel\/","url":"https:\/\/www.resonnance.org\/shop\/produit\/comprendre-maurice-zundel\/","name":"Comprendre Maurice Zundel - La Boutique","isPartOf":{"@id":"https:\/\/www.resonnance.org\/shop\/#website"},"primaryImageOfPage":{"@id":"https:\/\/www.resonnance.org\/shop\/produit\/comprendre-maurice-zundel\/#primaryimage"},"image":{"@id":"https:\/\/www.resonnance.org\/shop\/produit\/comprendre-maurice-zundel\/#primaryimage"},"thumbnailUrl":"https:\/\/www.resonnance.org\/shop\/wp-content\/uploads\/sites\/19\/2016\/11\/comprendre-maurice-zundel.jpg","datePublished":"2016-11-22T15:39:16+00:00","dateModified":"2025-06-10T09:57:36+00:00","breadcrumb":{"@id":"https:\/\/www.resonnance.org\/shop\/produit\/comprendre-maurice-zundel\/#breadcrumb"},"inLanguage":"fr-FR","potentialAction":[{"@type":"ReadAction","target":["https:\/\/www.resonnance.org\/shop\/produit\/comprendre-maurice-zundel\/"]}]},{"@type":"ImageObject","inLanguage":"fr-FR","@id":"https:\/\/www.resonnance.org\/shop\/produit\/comprendre-maurice-zundel\/#primaryimage","url":"https:\/\/www.resonnance.org\/shop\/wp-content\/uploads\/sites\/19\/2016\/11\/comprendre-maurice-zundel.jpg","contentUrl":"https:\/\/www.resonnance.org\/shop\/wp-content\/uploads\/sites\/19\/2016\/11\/comprendre-maurice-zundel.jpg","width":441,"height":600,"caption":"Comprendre Maurice Zundel"},{"@type":"BreadcrumbList","@id":"https:\/\/www.resonnance.org\/shop\/produit\/comprendre-maurice-zundel\/#breadcrumb","itemListElement":[{"@type":"ListItem","position":1,"name":"Accueil","item":"https:\/\/www.resonnance.org\/shop\/"},{"@type":"ListItem","position":2,"name":"Boutique","item":"https:\/\/www.resonnance.org\/shop\/"},{"@type":"ListItem","position":3,"name":"Comprendre Maurice Zundel"}]},{"@type":"WebSite","@id":"https:\/\/www.resonnance.org\/shop\/#website","url":"https:\/\/www.resonnance.org\/shop\/","name":"La Boutique","description":"La boutique R\u00e9sonnance","potentialAction":[{"@type":"SearchAction","target":{"@type":"EntryPoint","urlTemplate":"https:\/\/www.resonnance.org\/shop\/?s={search_term_string}"},"query-input":{"@type":"PropertyValueSpecification","valueRequired":true,"valueName":"search_term_string"}}],"inLanguage":"fr-FR"}]}},"_links":{"self":[{"href":"https:\/\/www.resonnance.org\/shop\/wp-json\/wp\/v2\/product\/6270","targetHints":{"allow":["GET"]}}],"collection":[{"href":"https:\/\/www.resonnance.org\/shop\/wp-json\/wp\/v2\/product"}],"about":[{"href":"https:\/\/www.resonnance.org\/shop\/wp-json\/wp\/v2\/types\/product"}],"replies":[{"embeddable":true,"href":"https:\/\/www.resonnance.org\/shop\/wp-json\/wp\/v2\/comments?post=6270"}],"wp:featuredmedia":[{"embeddable":true,"href":"https:\/\/www.resonnance.org\/shop\/wp-json\/wp\/v2\/media\/6308"}],"wp:attachment":[{"href":"https:\/\/www.resonnance.org\/shop\/wp-json\/wp\/v2\/media?parent=6270"}],"wp:term":[{"taxonomy":"product_brand","embeddable":true,"href":"https:\/\/www.resonnance.org\/shop\/wp-json\/wp\/v2\/product_brand?post=6270"},{"taxonomy":"product_cat","embeddable":true,"href":"https:\/\/www.resonnance.org\/shop\/wp-json\/wp\/v2\/product_cat?post=6270"},{"taxonomy":"product_tag","embeddable":true,"href":"https:\/\/www.resonnance.org\/shop\/wp-json\/wp\/v2\/product_tag?post=6270"}],"curies":[{"name":"wp","href":"https:\/\/api.w.org\/{rel}","templated":true}]}}