{"id":6354,"date":"2016-11-22T18:32:13","date_gmt":"2016-11-22T17:32:13","guid":{"rendered":"https:\/\/www.resonnance.org\/shop\/?post_type=product&#038;p=6354"},"modified":"2016-11-25T21:22:41","modified_gmt":"2016-11-25T20:22:41","slug":"frederic-chopin-3-cds","status":"publish","type":"product","link":"http:\/\/www.resonnance.org\/shop\/produit\/frederic-chopin-3-cds\/","title":{"rendered":"Fr\u00e9d\u00e9ric Chopin: 3 CDs"},"content":{"rendered":"<h5 class=\"uppercase white\">Fr\u00e9d\u00e9ric Chopin : 3 CDs<\/h5>\n<p class=\"nomarginbottom\">Elizabeth Sombart, pianiste<br \/>\nFr\u00e9d\u00e9ric Chopin (1810-1849)<\/p>\n<div class=\"tracks\">\n<hr class=\"total-divider\" \/>\n<p><audio id=\"localAudio\"><\/audio> <!-- localAudio --><\/p>\n<h5 class=\"nomarginbottom rt-teaser\">CD 1<\/h5>\n<div class=\"mp3Player\" data-src=\"https:\/\/s3-us-west-2.amazonaws.com\/resshop\/audio\/chopin3cd\/excerpts\/track-1-01.mp3\" data-pos=\"0\">\n<p><button class=\"btnPlayPause\"><span class=\"screen-reader-text\">Play<\/span><\/button> <span class=\"pull-right\">8:48<\/span><\/p>\n<ol class=\"trackinfo\" start=\"1\">\n<li>Barcarolle en fa di\u00e8se majeur, Op.\u00a060<br \/>\nSonate en si mineur, Op.\u00a058<\/li>\n<\/ol>\n<\/div>\n<div class=\"mp3Player\" data-src=\"https:\/\/s3-us-west-2.amazonaws.com\/resshop\/audio\/chopin3cd\/excerpts\/track-1-02.mp3\" data-pos=\"0\">\n<p><button class=\"btnPlayPause\"><span class=\"screen-reader-text\">Play<\/span><\/button> <span class=\"pull-right\">10:04<\/span><\/p>\n<ol class=\"trackinfo\" start=\"2\">\n<li>1er mouvement &#8211; Allegro maestoso<\/li>\n<\/ol>\n<\/div>\n<div class=\"mp3Player\" data-src=\"https:\/\/s3-us-west-2.amazonaws.com\/resshop\/audio\/chopin3cd\/excerpts\/track-1-03.mp3\" data-pos=\"0\">\n<p><button class=\"btnPlayPause\"><span class=\"screen-reader-text\">Play<\/span><\/button> <span class=\"pull-right\">2:41<\/span><\/p>\n<ol class=\"trackinfo\" start=\"3\">\n<li>2\u00e8me mouvement &#8211; Scherzo<\/li>\n<\/ol>\n<\/div>\n<div class=\"mp3Player\" data-src=\"https:\/\/s3-us-west-2.amazonaws.com\/resshop\/audio\/chopin3cd\/excerpts\/track-1-04.mp3\" data-pos=\"0\">\n<p><button class=\"btnPlayPause\"><span class=\"screen-reader-text\">Play<\/span><\/button> <span class=\"pull-right\">9:13<\/span><\/p>\n<ol class=\"trackinfo\" start=\"4\">\n<li>3\u00e8me mouvement &#8211; Largo<\/li>\n<\/ol>\n<\/div>\n<div class=\"mp3Player\" data-src=\"https:\/\/s3-us-west-2.amazonaws.com\/resshop\/audio\/chopin3cd\/excerpts\/track-1-05.mp3\" data-pos=\"0\">\n<p><button class=\"btnPlayPause\"><span class=\"screen-reader-text\">Play<\/span><\/button> <span class=\"pull-right\">5:34<\/span><\/p>\n<ol class=\"trackinfo\" start=\"5\">\n<li>4\u00e8me mouvement &#8211; Presto<\/li>\n<\/ol>\n<\/div>\n<div class=\"mp3Player\" data-src=\"https:\/\/s3-us-west-2.amazonaws.com\/resshop\/audio\/chopin3cd\/excerpts\/track-1-06.mp3\" data-pos=\"0\">\n<p><button class=\"btnPlayPause\"><span class=\"screen-reader-text\">Play<\/span><\/button> <span class=\"pull-right\">5:23<\/span><\/p>\n<ol class=\"trackinfo\" start=\"6\">\n<li>Nocturne N\u00b0\u00a07 en do di\u00e8se mineur, Op.\u00a027 N\u00b0\u00a01 &#8211; Larghetto<\/li>\n<\/ol>\n<\/div>\n<div class=\"mp3Player\" data-src=\"https:\/\/s3-us-west-2.amazonaws.com\/resshop\/audio\/chopin3cd\/excerpts\/track-1-07.mp3\" data-pos=\"0\">\n<p><button class=\"btnPlayPause\"><span class=\"screen-reader-text\">Play<\/span><\/button> <span class=\"pull-right\">5:55<\/span><\/p>\n<ol class=\"trackinfo\" start=\"7\">\n<li>Nocturne N\u00b0\u00a08 en r\u00e9 b\u00e9mol majeur, Op.\u00a027 N\u00b0\u00a02 &#8211; Lento sostenuto<\/li>\n<\/ol>\n<\/div>\n<hr class=\"total-divider\" \/>\n<div class=\"mp3Player\"><span class=\"pull-right\">47:38<\/span> <span class=\"infoLabel\">Dur\u00e9e CD 1<\/span><\/div>\n<hr class=\"total-divider\" \/>\n<h5 class=\"nomarginbottom rt-teaser\">CD 2<\/h5>\n<div class=\"mp3Player\" data-src=\"https:\/\/s3-us-west-2.amazonaws.com\/resshop\/audio\/chopin3cd\/excerpts\/track-2-01.mp3\" data-pos=\"0\">\n<p><button class=\"btnPlayPause\"><span class=\"screen-reader-text\">Play<\/span><\/button> <span class=\"pull-right\">5:58<\/span><\/p>\n<ol class=\"trackinfo\" start=\"1\">\n<li>Fantaisie-Impromptu en do di\u00e8se mineur, Op.\u00a0posth.\u00a066 &#8211; Allegro agitato, Largo moderato cantabile<\/li>\n<\/ol>\n<\/div>\n<div class=\"mp3Player\" data-src=\"https:\/\/s3-us-west-2.amazonaws.com\/resshop\/audio\/chopin3cd\/excerpts\/track-2-02.mp3\" data-pos=\"0\">\n<p><button class=\"btnPlayPause\"><span class=\"screen-reader-text\">Play<\/span><\/button> <span class=\"pull-right\">4:15<\/span><\/p>\n<ol class=\"trackinfo\" start=\"2\">\n<li>Etude Op.\u00a025 N\u00b0\u00a011, en la mineur &#8211; Lento &#8211; Allegro con brio<\/li>\n<\/ol>\n<\/div>\n<div class=\"mp3Player\" data-src=\"https:\/\/s3-us-west-2.amazonaws.com\/resshop\/audio\/chopin3cd\/excerpts\/track-2-03.mp3\" data-pos=\"0\">\n<p><button class=\"btnPlayPause\"><span class=\"screen-reader-text\">Play<\/span><\/button> <span class=\"pull-right\">3:09<\/span><\/p>\n<ol class=\"trackinfo\" start=\"3\">\n<li>Etude Op.\u00a010 N\u00b0\u00a012, en do mineur, \u201cR\u00e9volutionnaire\u201d &#8211; Allegro con fuoco<\/li>\n<\/ol>\n<\/div>\n<div class=\"mp3Player\" data-src=\"https:\/\/s3-us-west-2.amazonaws.com\/resshop\/audio\/chopin3cd\/excerpts\/track-2-04.mp3\" data-pos=\"0\">\n<p><button class=\"btnPlayPause\"><span class=\"screen-reader-text\">Play<\/span><\/button> <span class=\"pull-right\">5:42<\/span><\/p>\n<ol class=\"trackinfo\" start=\"4\">\n<li>Nocturne N\u00b0\u00a020 en do di\u00e8se mineur, Op.\u00a0posth.\u00a01 N\u00b0\u00a016, B. 49 &#8211; Lento con gran espressione<\/li>\n<\/ol>\n<\/div>\n<div class=\"mp3Player\" data-src=\"https:\/\/s3-us-west-2.amazonaws.com\/resshop\/audio\/chopin3cd\/excerpts\/track-2-05.mp3\" data-pos=\"0\">\n<p><button class=\"btnPlayPause\"><span class=\"screen-reader-text\">Play<\/span><\/button> <span class=\"pull-right\">6:23<\/span><\/p>\n<ol class=\"trackinfo\" start=\"5\">\n<li>Nocturne N\u00b0\u00a013 en do mineur, Op.\u00a048 N\u00b0\u00a01 &#8211; Lento<\/li>\n<\/ol>\n<\/div>\n<div class=\"mp3Player\" data-src=\"https:\/\/s3-us-west-2.amazonaws.com\/resshop\/audio\/chopin3cd\/excerpts\/track-2-06.mp3\" data-pos=\"0\">\n<p><button class=\"btnPlayPause\"><span class=\"screen-reader-text\">Play<\/span><\/button> <span class=\"pull-right\">2:16<\/span><\/p>\n<ol class=\"trackinfo\" start=\"6\">\n<li>Mazurka N\u00b0\u00a04, Op.\u00a030 &#8211; Allegretto<\/li>\n<\/ol>\n<\/div>\n<div class=\"mp3Player\" data-src=\"https:\/\/s3-us-west-2.amazonaws.com\/resshop\/audio\/chopin3cd\/excerpts\/track-2-07.mp3\" data-pos=\"0\">\n<p><button class=\"btnPlayPause\"><span class=\"screen-reader-text\">Play<\/span><\/button> <span class=\"pull-right\">4:20<\/span><\/p>\n<ol class=\"trackinfo\" start=\"7\">\n<li>Mazurka N\u00b0\u00a03, Op.\u00a063.mp3 &#8211; Allegretto<\/li>\n<\/ol>\n<\/div>\n<div class=\"mp3Player\" data-src=\"https:\/\/s3-us-west-2.amazonaws.com\/resshop\/audio\/chopin3cd\/excerpts\/track-2-08.mp3\" data-pos=\"0\">\n<p><button class=\"btnPlayPause\"><span class=\"screen-reader-text\">Play<\/span><\/button> <span class=\"pull-right\">10:08<\/span><\/p>\n<ol class=\"trackinfo\" start=\"8\">\n<li>Ballade N\u00b0\u00a01 en sol mineur, Op.\u00a023 &#8211; Largo<\/li>\n<\/ol>\n<\/div>\n<div class=\"mp3Player\" data-src=\"https:\/\/s3-us-west-2.amazonaws.com\/resshop\/audio\/chopin3cd\/excerpts\/track-2-09.mp3\" data-pos=\"0\">\n<p><button class=\"btnPlayPause\"><span class=\"screen-reader-text\">Play<\/span><\/button> <span class=\"pull-right\">13:00<\/span><\/p>\n<ol class=\"trackinfo\" start=\"9\">\n<li>Ballade N\u00b0\u00a04 en fa mineur, Op.\u00a052 &#8211; Andante con moto<\/li>\n<\/ol>\n<\/div>\n<div class=\"mp3Player\" data-src=\"https:\/\/s3-us-west-2.amazonaws.com\/resshop\/audio\/chopin3cd\/excerpts\/track-2-10.mp3\" data-pos=\"0\">\n<p><button class=\"btnPlayPause\"><span class=\"screen-reader-text\">Play<\/span><\/button> <span class=\"pull-right\">2:36<\/span><\/p>\n<ol class=\"trackinfo\" start=\"10\">\n<li>Etude posth. N\u00b0\u00a01 en fa mineur &#8211; Andantino<\/li>\n<\/ol>\n<\/div>\n<div class=\"mp3Player\" data-src=\"https:\/\/s3-us-west-2.amazonaws.com\/resshop\/audio\/chopin3cd\/excerpts\/track-2-11.mp3\" data-pos=\"0\">\n<p><button class=\"btnPlayPause\"><span class=\"screen-reader-text\">Play<\/span><\/button> <span class=\"pull-right\">2:15<\/span><\/p>\n<ol class=\"trackinfo\" start=\"11\">\n<li>Etude posth. N\u00b0\u00a02 en la b\u00e9mol majeur &#8211; Allegretto<\/li>\n<\/ol>\n<\/div>\n<div class=\"mp3Player\" data-src=\"https:\/\/s3-us-west-2.amazonaws.com\/resshop\/audio\/chopin3cd\/excerpts\/track-2-12.mp3\" data-pos=\"0\">\n<p><button class=\"btnPlayPause\"><span class=\"screen-reader-text\">Play<\/span><\/button> <span class=\"pull-right\">14:10<\/span><\/p>\n<ol class=\"trackinfo\" start=\"12\">\n<li>Polonaise-Fantaisie N\u00b0\u00a07 en la b\u00e9mol majeur, Op.\u00a061 &#8211; Allegro maestoso<\/li>\n<\/ol>\n<\/div>\n<hr class=\"total-divider\" \/>\n<div class=\"mp3Player\"><span class=\"pull-right\">1:14:12<\/span> <span class=\"infoLabel\">Dur\u00e9e CD 2<\/span><\/div>\n<hr class=\"total-divider\" \/>\n<h5 class=\"nomarginbottom rt-teaser\">CD 3<\/h5>\n<p class=\"nomarginbottom rt-teaser\">Sonate N\u00b0\u00a02 en r\u00e9 b\u00e9mol majeur, Op.\u00a035<\/p>\n<div class=\"mp3Player\" data-src=\"https:\/\/s3-us-west-2.amazonaws.com\/resshop\/audio\/chopin3cd\/excerpts\/track-3-01.mp3\" data-pos=\"0\">\n<p><button class=\"btnPlayPause\"><span class=\"screen-reader-text\">Play<\/span><\/button> <span class=\"pull-right\">6:13<\/span><\/p>\n<ol class=\"trackinfo\" start=\"1\">\n<li>1er mouvement &#8211; Grave &#8211; Doppio movimento<\/li>\n<\/ol>\n<\/div>\n<div class=\"mp3Player\" data-src=\"https:\/\/s3-us-west-2.amazonaws.com\/resshop\/audio\/chopin3cd\/excerpts\/track-3-02.mp3\" data-pos=\"0\">\n<p><button class=\"btnPlayPause\"><span class=\"screen-reader-text\">Play<\/span><\/button> <span class=\"pull-right\">7:06<\/span><\/p>\n<ol class=\"trackinfo\" start=\"2\">\n<li>2\u00e8me mouvement &#8211; Scherzo<\/li>\n<\/ol>\n<\/div>\n<div class=\"mp3Player\" data-src=\"https:\/\/s3-us-west-2.amazonaws.com\/resshop\/audio\/chopin3cd\/excerpts\/track-3-03.mp3\" data-pos=\"0\">\n<p><button class=\"btnPlayPause\"><span class=\"screen-reader-text\">Play<\/span><\/button> <span class=\"pull-right\">8:35<\/span><\/p>\n<ol class=\"trackinfo\" start=\"3\">\n<li>3\u00e8me mouvement &#8211; Marche fun\u00e8bre &#8211; Lento<\/li>\n<\/ol>\n<\/div>\n<div class=\"mp3Player\" data-src=\"https:\/\/s3-us-west-2.amazonaws.com\/resshop\/audio\/chopin3cd\/excerpts\/track-3-04.mp3\" data-pos=\"0\">\n<p><button class=\"btnPlayPause\"><span class=\"screen-reader-text\">Play<\/span><\/button> <span class=\"pull-right\">1:28<\/span><\/p>\n<ol class=\"trackinfo\" start=\"4\">\n<li>4\u00e8me mouvement &#8211; Finale &#8211; Presto<\/li>\n<\/ol>\n<\/div>\n<div class=\"mp3Player\" data-src=\"https:\/\/s3-us-west-2.amazonaws.com\/resshop\/audio\/chopin3cd\/excerpts\/track-3-05.mp3\" data-pos=\"0\">\n<p><button class=\"btnPlayPause\"><span class=\"screen-reader-text\">Play<\/span><\/button> <span class=\"pull-right\">4:58<\/span><\/p>\n<ol class=\"trackinfo\" start=\"5\">\n<li>Berceuse en r\u00e9 b\u00e9mol majeur, Op.\u00a057<\/li>\n<\/ol>\n<\/div>\n<hr class=\"total-divider\" \/>\n<div class=\"mp3Player\"><span class=\"pull-right\">28:20<\/span> <span class=\"infoLabel\">Dur\u00e9e CD 3<\/span><\/div>\n<hr class=\"total-divider\" \/>\n<div class=\"mp3Player\"><span class=\"pull-right\">2:30:10<\/span> <span class=\"infoLabel\">Dur\u00e9e totale<\/span><\/div>\n<\/div>\n<p><!-- tracks --><\/p>\n","protected":false},"excerpt":{"rendered":"<p>Fr\u00e9d\u00e9ric Chopin : 3 CDs Elizabeth Sombart, pianiste Fr\u00e9d\u00e9ric Chopin (1810-1849) CD 1 Play 8:48 Barcarolle en fa di\u00e8se majeur, Op.\u00a060 Sonate en si mineur, Op.\u00a058 Play 10:04 1er mouvement &#8211; Allegro maestoso Play 2:41 2\u00e8me mouvement &#8211; Scherzo Play 9:13 3\u00e8me mouvement &#8211; Largo Play 5:34 4\u00e8me mouvement &#8211; Presto Play 5:23 Nocturne N\u00b0\u00a07 [&hellip;]<\/p>\n","protected":false},"featured_media":6225,"comment_status":"open","ping_status":"closed","template":"","meta":{"_acf_changed":false},"product_brand":[],"product_cat":[48,50],"product_tag":[],"class_list":{"0":"post-6354","1":"product","2":"type-product","3":"status-publish","4":"has-post-thumbnail","6":"product_cat-cd","7":"product_cat-elizabeth-sombart","10":"first","11":"instock","12":"shipping-taxable","13":"purchasable","14":"product-type-simple"},"acf":[],"yoast_head":"<!-- This site is optimized with the Yoast SEO plugin v23.9 - https:\/\/yoast.com\/wordpress\/plugins\/seo\/ -->\n<title>Fr\u00e9d\u00e9ric Chopin: 3 CDs - La Boutique<\/title>\n<meta name=\"robots\" content=\"index, follow, max-snippet:-1, max-image-preview:large, max-video-preview:-1\" \/>\n<link rel=\"canonical\" href=\"https:\/\/www.resonnance.org\/shop\/produit\/frederic-chopin-3-cds\/\" \/>\n<meta property=\"og:locale\" content=\"fr_FR\" \/>\n<meta property=\"og:type\" content=\"article\" \/>\n<meta property=\"og:title\" content=\"Fr\u00e9d\u00e9ric Chopin: 3 CDs - La Boutique\" \/>\n<meta property=\"og:description\" content=\"Fr\u00e9d\u00e9ric Chopin : 3 CDs Elizabeth Sombart, pianiste Fr\u00e9d\u00e9ric Chopin (1810-1849) CD 1 Play 8:48 Barcarolle en fa di\u00e8se majeur, Op.\u00a060 Sonate en si mineur, Op.\u00a058 Play 10:04 1er mouvement &#8211; Allegro maestoso Play 2:41 2\u00e8me mouvement &#8211; Scherzo Play 9:13 3\u00e8me mouvement &#8211; Largo Play 5:34 4\u00e8me mouvement &#8211; Presto Play 5:23 Nocturne N\u00b0\u00a07 [&hellip;]\" \/>\n<meta property=\"og:url\" content=\"https:\/\/www.resonnance.org\/shop\/produit\/frederic-chopin-3-cds\/\" \/>\n<meta property=\"og:site_name\" content=\"La Boutique\" \/>\n<meta property=\"article:modified_time\" content=\"2016-11-25T20:22:41+00:00\" \/>\n<meta property=\"og:image\" content=\"https:\/\/www.resonnance.org\/shop\/wp-content\/uploads\/sites\/19\/2016\/11\/front-lg-3.jpg\" \/>\n\t<meta property=\"og:image:width\" content=\"230\" \/>\n\t<meta property=\"og:image:height\" content=\"230\" \/>\n\t<meta property=\"og:image:type\" content=\"image\/jpeg\" \/>\n<meta name=\"twitter:card\" content=\"summary_large_image\" \/>\n<meta name=\"twitter:label1\" content=\"Dur\u00e9e de lecture estim\u00e9e\" \/>\n\t<meta name=\"twitter:data1\" content=\"1 minute\" \/>\n<script type=\"application\/ld+json\" class=\"yoast-schema-graph\">{\"@context\":\"https:\/\/schema.org\",\"@graph\":[{\"@type\":\"WebPage\",\"@id\":\"https:\/\/www.resonnance.org\/shop\/produit\/frederic-chopin-3-cds\/\",\"url\":\"https:\/\/www.resonnance.org\/shop\/produit\/frederic-chopin-3-cds\/\",\"name\":\"Fr\u00e9d\u00e9ric Chopin: 3 CDs - La Boutique\",\"isPartOf\":{\"@id\":\"https:\/\/www.resonnance.org\/shop\/#website\"},\"primaryImageOfPage\":{\"@id\":\"https:\/\/www.resonnance.org\/shop\/produit\/frederic-chopin-3-cds\/#primaryimage\"},\"image\":{\"@id\":\"https:\/\/www.resonnance.org\/shop\/produit\/frederic-chopin-3-cds\/#primaryimage\"},\"thumbnailUrl\":\"http:\/\/www.resonnance.org\/shop\/wp-content\/uploads\/sites\/19\/2016\/11\/front-lg-3.jpg\",\"datePublished\":\"2016-11-22T17:32:13+00:00\",\"dateModified\":\"2016-11-25T20:22:41+00:00\",\"breadcrumb\":{\"@id\":\"https:\/\/www.resonnance.org\/shop\/produit\/frederic-chopin-3-cds\/#breadcrumb\"},\"inLanguage\":\"fr-FR\",\"potentialAction\":[{\"@type\":\"ReadAction\",\"target\":[\"https:\/\/www.resonnance.org\/shop\/produit\/frederic-chopin-3-cds\/\"]}]},{\"@type\":\"ImageObject\",\"inLanguage\":\"fr-FR\",\"@id\":\"https:\/\/www.resonnance.org\/shop\/produit\/frederic-chopin-3-cds\/#primaryimage\",\"url\":\"http:\/\/www.resonnance.org\/shop\/wp-content\/uploads\/sites\/19\/2016\/11\/front-lg-3.jpg\",\"contentUrl\":\"http:\/\/www.resonnance.org\/shop\/wp-content\/uploads\/sites\/19\/2016\/11\/front-lg-3.jpg\",\"width\":230,\"height\":230,\"caption\":\"Fr\u00e9d\u00e9ric Chopin: 3 CDs\"},{\"@type\":\"BreadcrumbList\",\"@id\":\"https:\/\/www.resonnance.org\/shop\/produit\/frederic-chopin-3-cds\/#breadcrumb\",\"itemListElement\":[{\"@type\":\"ListItem\",\"position\":1,\"name\":\"Accueil\",\"item\":\"https:\/\/www.resonnance.org\/shop\/\"},{\"@type\":\"ListItem\",\"position\":2,\"name\":\"Boutique\",\"item\":\"https:\/\/www.resonnance.org\/shop\/\"},{\"@type\":\"ListItem\",\"position\":3,\"name\":\"Fr\u00e9d\u00e9ric Chopin: 3 CDs\"}]},{\"@type\":\"WebSite\",\"@id\":\"https:\/\/www.resonnance.org\/shop\/#website\",\"url\":\"https:\/\/www.resonnance.org\/shop\/\",\"name\":\"La Boutique\",\"description\":\"La boutique R\u00e9sonnance\",\"potentialAction\":[{\"@type\":\"SearchAction\",\"target\":{\"@type\":\"EntryPoint\",\"urlTemplate\":\"https:\/\/www.resonnance.org\/shop\/?s={search_term_string}\"},\"query-input\":{\"@type\":\"PropertyValueSpecification\",\"valueRequired\":true,\"valueName\":\"search_term_string\"}}],\"inLanguage\":\"fr-FR\"}]}<\/script>\n<!-- \/ Yoast SEO plugin. -->","yoast_head_json":{"title":"Fr\u00e9d\u00e9ric Chopin: 3 CDs - La Boutique","robots":{"index":"index","follow":"follow","max-snippet":"max-snippet:-1","max-image-preview":"max-image-preview:large","max-video-preview":"max-video-preview:-1"},"canonical":"https:\/\/www.resonnance.org\/shop\/produit\/frederic-chopin-3-cds\/","og_locale":"fr_FR","og_type":"article","og_title":"Fr\u00e9d\u00e9ric Chopin: 3 CDs - La Boutique","og_description":"Fr\u00e9d\u00e9ric Chopin : 3 CDs Elizabeth Sombart, pianiste Fr\u00e9d\u00e9ric Chopin (1810-1849) CD 1 Play 8:48 Barcarolle en fa di\u00e8se majeur, Op.\u00a060 Sonate en si mineur, Op.\u00a058 Play 10:04 1er mouvement &#8211; Allegro maestoso Play 2:41 2\u00e8me mouvement &#8211; Scherzo Play 9:13 3\u00e8me mouvement &#8211; Largo Play 5:34 4\u00e8me mouvement &#8211; Presto Play 5:23 Nocturne N\u00b0\u00a07 [&hellip;]","og_url":"https:\/\/www.resonnance.org\/shop\/produit\/frederic-chopin-3-cds\/","og_site_name":"La Boutique","article_modified_time":"2016-11-25T20:22:41+00:00","og_image":[{"width":230,"height":230,"url":"https:\/\/www.resonnance.org\/shop\/wp-content\/uploads\/sites\/19\/2016\/11\/front-lg-3.jpg","type":"image\/jpeg"}],"twitter_card":"summary_large_image","twitter_misc":{"Dur\u00e9e de lecture estim\u00e9e":"1 minute"},"schema":{"@context":"https:\/\/schema.org","@graph":[{"@type":"WebPage","@id":"https:\/\/www.resonnance.org\/shop\/produit\/frederic-chopin-3-cds\/","url":"https:\/\/www.resonnance.org\/shop\/produit\/frederic-chopin-3-cds\/","name":"Fr\u00e9d\u00e9ric Chopin: 3 CDs - La Boutique","isPartOf":{"@id":"https:\/\/www.resonnance.org\/shop\/#website"},"primaryImageOfPage":{"@id":"https:\/\/www.resonnance.org\/shop\/produit\/frederic-chopin-3-cds\/#primaryimage"},"image":{"@id":"https:\/\/www.resonnance.org\/shop\/produit\/frederic-chopin-3-cds\/#primaryimage"},"thumbnailUrl":"http:\/\/www.resonnance.org\/shop\/wp-content\/uploads\/sites\/19\/2016\/11\/front-lg-3.jpg","datePublished":"2016-11-22T17:32:13+00:00","dateModified":"2016-11-25T20:22:41+00:00","breadcrumb":{"@id":"https:\/\/www.resonnance.org\/shop\/produit\/frederic-chopin-3-cds\/#breadcrumb"},"inLanguage":"fr-FR","potentialAction":[{"@type":"ReadAction","target":["https:\/\/www.resonnance.org\/shop\/produit\/frederic-chopin-3-cds\/"]}]},{"@type":"ImageObject","inLanguage":"fr-FR","@id":"https:\/\/www.resonnance.org\/shop\/produit\/frederic-chopin-3-cds\/#primaryimage","url":"http:\/\/www.resonnance.org\/shop\/wp-content\/uploads\/sites\/19\/2016\/11\/front-lg-3.jpg","contentUrl":"http:\/\/www.resonnance.org\/shop\/wp-content\/uploads\/sites\/19\/2016\/11\/front-lg-3.jpg","width":230,"height":230,"caption":"Fr\u00e9d\u00e9ric Chopin: 3 CDs"},{"@type":"BreadcrumbList","@id":"https:\/\/www.resonnance.org\/shop\/produit\/frederic-chopin-3-cds\/#breadcrumb","itemListElement":[{"@type":"ListItem","position":1,"name":"Accueil","item":"https:\/\/www.resonnance.org\/shop\/"},{"@type":"ListItem","position":2,"name":"Boutique","item":"https:\/\/www.resonnance.org\/shop\/"},{"@type":"ListItem","position":3,"name":"Fr\u00e9d\u00e9ric Chopin: 3 CDs"}]},{"@type":"WebSite","@id":"https:\/\/www.resonnance.org\/shop\/#website","url":"https:\/\/www.resonnance.org\/shop\/","name":"La Boutique","description":"La boutique R\u00e9sonnance","potentialAction":[{"@type":"SearchAction","target":{"@type":"EntryPoint","urlTemplate":"https:\/\/www.resonnance.org\/shop\/?s={search_term_string}"},"query-input":{"@type":"PropertyValueSpecification","valueRequired":true,"valueName":"search_term_string"}}],"inLanguage":"fr-FR"}]}},"_links":{"self":[{"href":"http:\/\/www.resonnance.org\/shop\/wp-json\/wp\/v2\/product\/6354","targetHints":{"allow":["GET"]}}],"collection":[{"href":"http:\/\/www.resonnance.org\/shop\/wp-json\/wp\/v2\/product"}],"about":[{"href":"http:\/\/www.resonnance.org\/shop\/wp-json\/wp\/v2\/types\/product"}],"replies":[{"embeddable":true,"href":"http:\/\/www.resonnance.org\/shop\/wp-json\/wp\/v2\/comments?post=6354"}],"wp:featuredmedia":[{"embeddable":true,"href":"http:\/\/www.resonnance.org\/shop\/wp-json\/wp\/v2\/media\/6225"}],"wp:attachment":[{"href":"http:\/\/www.resonnance.org\/shop\/wp-json\/wp\/v2\/media?parent=6354"}],"wp:term":[{"taxonomy":"product_brand","embeddable":true,"href":"http:\/\/www.resonnance.org\/shop\/wp-json\/wp\/v2\/product_brand?post=6354"},{"taxonomy":"product_cat","embeddable":true,"href":"http:\/\/www.resonnance.org\/shop\/wp-json\/wp\/v2\/product_cat?post=6354"},{"taxonomy":"product_tag","embeddable":true,"href":"http:\/\/www.resonnance.org\/shop\/wp-json\/wp\/v2\/product_tag?post=6354"}],"curies":[{"name":"wp","href":"https:\/\/api.w.org\/{rel}","templated":true}]}}