{"id":6351,"date":"2016-11-22T18:27:54","date_gmt":"2016-11-22T17:27:54","guid":{"rendered":"https:\/\/www.resonnance.org\/shop\/?post_type=product&#038;p=6351"},"modified":"2017-01-19T16:31:19","modified_gmt":"2017-01-19T15:31:19","slug":"la-musique-au-coeur-du-silence","status":"publish","type":"product","link":"http:\/\/www.resonnance.org\/shop\/produit\/la-musique-au-coeur-du-silence\/","title":{"rendered":"La musique au c\u0153ur du silence"},"content":{"rendered":"<h5 class=\"uppercase white\">La musique au c\u0153ur du silence<\/h5>\n<p class=\"nomarginbottom\">Elizabeth Sombart, pianiste<\/p>\n<div class=\"tracks\">\n<hr class=\"total-divider\" \/>\n<p><audio id=\"localAudio\"><\/audio> <!-- localAudio --><\/p>\n<div class=\"mp3Player\">\n<p><button class=\"btnPlayPause\"><span class=\"screen-reader-text\">Play<\/span><\/button> <span class=\"pull-right\">5:57<\/span><\/p>\n<ol class=\"trackinfo\" start=\"1\">\n<li>Fantaisie-Impromptu en do di\u00e8se mineur, Op.\u00a0posth.\u00a066 &#8211; Allegro agitato, Largo moderato cantabile<br \/>\n Fr\u00e9d\u00e9ric Chopin (1810-1849)<\/li>\n<\/ol>\n<\/div>\n<div class=\"mp3Player\">\n<p><button class=\"btnPlayPause\"><span class=\"screen-reader-text\">Play<\/span><\/button> <span class=\"pull-right\">5:54<\/span><\/p>\n<ol class=\"trackinfo\" start=\"2\">\n<li>Nocturne N\u00b0\u00a08 en r\u00e9 b\u00e9mol majeur, Op.\u00a027 N\u00b0\u00a02 &#8211; Lento sostenuto<br \/>\n Fr\u00e9d\u00e9ric Chopin (1810-1849)<\/li>\n<\/ol>\n<\/div>\n<div class=\"mp3Player\">\n<p><button class=\"btnPlayPause\"><span class=\"screen-reader-text\">Play<\/span><\/button> <span class=\"pull-right\">4:17<\/span><\/p>\n<ol class=\"trackinfo\" start=\"3\">\n<li>Etude Op.\u00a025 N\u00b0\u00a011, en la mineur &#8211; Lento<br \/>\n Fr\u00e9d\u00e9ric Chopin (1810-1849)<\/li>\n<\/ol>\n<\/div>\n<div class=\"mp3Player\">\n<p><button class=\"btnPlayPause\"><span class=\"screen-reader-text\">Play<\/span><\/button> <span class=\"pull-right\">10:07<\/span><\/p>\n<ol class=\"trackinfo\" start=\"4\">\n<li>Ballade N\u00b01 en sol mineur, Op.\u00a023 &#8211; Largo<br \/>\n Fr\u00e9d\u00e9ric Chopin (1810-1849)<\/li>\n<\/ol>\n<\/div>\n<div class=\"mp3Player\">\n<p><button class=\"btnPlayPause\"><span class=\"screen-reader-text\">Play<\/span><\/button> <span class=\"pull-right\">2:39<\/span><\/p>\n<ol class=\"trackinfo\" start=\"5\">\n<li>Sc\u00e8nes de la for\u00eat, Op.\u00a082 N\u00b0\u00a07\u00a0: L\u2019Oiseau proph\u00e8te<br \/>\n Robert Schumann (1810-1856)<\/li>\n<\/ol>\n<\/div>\n<div class=\"mp3Player\">\n<p><button class=\"btnPlayPause\"><span class=\"screen-reader-text\">Play<\/span><\/button> <span class=\"pull-right\">2:13<\/span><\/p>\n<ol class=\"trackinfo\" start=\"6\">\n<li>Variation posthume N\u00b0\u00a01<br \/>\n Robert Schumann (1810-1856)<\/li>\n<\/ol>\n<\/div>\n<div class=\"mp3Player\">\n<p><button class=\"btnPlayPause\"><span class=\"screen-reader-text\">Play<\/span><\/button> <span class=\"pull-right\">2:50<\/span><\/p>\n<ol class=\"trackinfo\" start=\"7\">\n<li>Variation posthume N\u00b0\u00a02<br \/>\n Robert Schumann (1810-1856)<\/li>\n<\/ol>\n<\/div>\n<div class=\"mp3Player\">\n<p><button class=\"btnPlayPause\"><span class=\"screen-reader-text\">Play<\/span><\/button> <span class=\"pull-right\">1:56<\/span><\/p>\n<ol class=\"trackinfo\" start=\"8\">\n<li>Variation posthume N\u00b0\u00a03<br \/>\n Robert Schumann (1810-1856)<\/li>\n<\/ol>\n<\/div>\n<div class=\"mp3Player\">\n<p><button class=\"btnPlayPause\"><span class=\"screen-reader-text\">Play<\/span><\/button> <span class=\"pull-right\">3:11<\/span><\/p>\n<ol class=\"trackinfo\" start=\"9\">\n<li>Variation posthume N\u00b0\u00a04<br \/>\n Robert Schumann (1810-1856)<\/li>\n<\/ol>\n<\/div>\n<div class=\"mp3Player\">\n<p><button class=\"btnPlayPause\"><span class=\"screen-reader-text\">Play<\/span><\/button> <span class=\"pull-right\">2:33<\/span><\/p>\n<ol class=\"trackinfo\" start=\"10\">\n<li>Variation posthume N\u00b0\u00a05<br \/>\n Robert Schumann (1810-1856)<\/li>\n<\/ol>\n<\/div>\n<div class=\"mp3Player\">\n<p><button class=\"btnPlayPause\"><span class=\"screen-reader-text\">Play<\/span><\/button> <span class=\"pull-right\">2:41<\/span><\/p>\n<ol class=\"trackinfo\" start=\"11\">\n<li>Carnaval de Vienne, Op.\u00a026 &#8211; 4\u00e8me mouvement\u00a0: Intermezzo<br \/>\n Robert Schumann (1810-1856)<\/li>\n<\/ol>\n<\/div>\n<div class=\"mp3Player\">\n<p><button class=\"btnPlayPause\"><span class=\"screen-reader-text\">Play<\/span><\/button> <span class=\"pull-right\">4:51<\/span><\/p>\n<ol class=\"trackinfo\" start=\"12\">\n<li>Lied\u00a0: Liebeslied<br \/>\n Robert Schumann (1810-1856)<\/li>\n<\/ol>\n<\/div>\n<div class=\"mp3Player\">\n<p><button class=\"btnPlayPause\"><span class=\"screen-reader-text\">Play<\/span><\/button> <span class=\"pull-right\">3:36<\/span><\/p>\n<ol class=\"trackinfo\" start=\"13\">\n<li>Lied\u00a0: Fr\u00fchlingsnacht<br \/>\n Robert Schumann (1810-1856)<\/li>\n<\/ol>\n<\/div>\n<div class=\"mp3Player\">\n<p><button class=\"btnPlayPause\"><span class=\"screen-reader-text\">Play<\/span><\/button> <span class=\"pull-right\">10:14<\/span><\/p>\n<ol class=\"trackinfo\" start=\"14\">\n<li>Rhapsodie hongroise N\u00b0\u00a02, S. 244\/2<br \/>\n Franz Liszt (1811-1886)<\/li>\n<\/ol>\n<\/div>\n<div class=\"mp3Player\">\n<p><button class=\"btnPlayPause\"><span class=\"screen-reader-text\">Play<\/span><\/button> <span class=\"pull-right\">4:46<\/span><\/p>\n<ol class=\"trackinfo\" start=\"15\">\n<li>Consolation N\u00b0\u00a03, S. 172<br \/>\n Franz Liszt (1811-1886)<\/li>\n<\/ol>\n<\/div>\n<div class=\"mp3Player\">\n<p><button class=\"btnPlayPause\"><span class=\"screen-reader-text\">Play<\/span><\/button> <span class=\"pull-right\">6:18<\/span><\/p>\n<ol class=\"trackinfo\" start=\"16\">\n<li>Le Chant du Nautonier, Op.\u00a012<br \/>\n Louis Di\u00e9mer (1843-1919)<\/li>\n<\/ol>\n<\/div>\n<hr class=\"total-divider\" \/>\n<div class=\"mp3Player\"><span class=\"pull-right\">1:14:03<\/span> <span class=\"infoLabel\">Dur\u00e9e totale<\/span><\/div>\n<\/div>\n<p><!-- tracks --><\/p>\n","protected":false},"excerpt":{"rendered":"<p>La musique au c\u0153ur du silence Elizabeth Sombart, pianiste Play 5:57 Fantaisie-Impromptu en do di\u00e8se mineur, Op.\u00a0posth.\u00a066 &#8211; Allegro agitato, Largo moderato cantabile Fr\u00e9d\u00e9ric Chopin (1810-1849) Play 5:54 Nocturne N\u00b0\u00a08 en r\u00e9 b\u00e9mol majeur, Op.\u00a027 N\u00b0\u00a02 &#8211; Lento sostenuto Fr\u00e9d\u00e9ric Chopin (1810-1849) Play 4:17 Etude Op.\u00a025 N\u00b0\u00a011, en la mineur &#8211; Lento Fr\u00e9d\u00e9ric Chopin (1810-1849) [&hellip;]<\/p>\n","protected":false},"featured_media":6249,"comment_status":"open","ping_status":"closed","template":"","meta":{"_acf_changed":false},"product_brand":[],"product_cat":[48,50],"product_tag":[],"class_list":{"0":"post-6351","1":"product","2":"type-product","3":"status-publish","4":"has-post-thumbnail","6":"product_cat-cd","7":"product_cat-elizabeth-sombart","10":"first","11":"outofstock","12":"shipping-taxable","13":"purchasable","14":"product-type-simple"},"acf":[],"yoast_head":"<!-- This site is optimized with the Yoast SEO plugin v23.9 - https:\/\/yoast.com\/wordpress\/plugins\/seo\/ -->\n<title>La musique au c\u0153ur du silence - La Boutique<\/title>\n<meta name=\"robots\" content=\"index, follow, max-snippet:-1, max-image-preview:large, max-video-preview:-1\" \/>\n<link rel=\"canonical\" href=\"http:\/\/www.resonnance.org\/shop\/produit\/la-musique-au-coeur-du-silence\/\" \/>\n<meta property=\"og:locale\" content=\"fr_FR\" \/>\n<meta property=\"og:type\" content=\"article\" \/>\n<meta property=\"og:title\" content=\"La musique au c\u0153ur du silence - La Boutique\" \/>\n<meta property=\"og:description\" content=\"La musique au c\u0153ur du silence Elizabeth Sombart, pianiste Play 5:57 Fantaisie-Impromptu en do di\u00e8se mineur, Op.\u00a0posth.\u00a066 &#8211; Allegro agitato, Largo moderato cantabile Fr\u00e9d\u00e9ric Chopin (1810-1849) Play 5:54 Nocturne N\u00b0\u00a08 en r\u00e9 b\u00e9mol majeur, Op.\u00a027 N\u00b0\u00a02 &#8211; Lento sostenuto Fr\u00e9d\u00e9ric Chopin (1810-1849) Play 4:17 Etude Op.\u00a025 N\u00b0\u00a011, en la mineur &#8211; Lento Fr\u00e9d\u00e9ric Chopin (1810-1849) [&hellip;]\" \/>\n<meta property=\"og:url\" content=\"http:\/\/www.resonnance.org\/shop\/produit\/la-musique-au-coeur-du-silence\/\" \/>\n<meta property=\"og:site_name\" content=\"La Boutique\" \/>\n<meta property=\"article:modified_time\" content=\"2017-01-19T15:31:19+00:00\" \/>\n<meta property=\"og:image\" content=\"http:\/\/www.resonnance.org\/shop\/wp-content\/uploads\/sites\/19\/2016\/11\/front-lg-15.jpg\" \/>\n\t<meta property=\"og:image:width\" content=\"230\" \/>\n\t<meta property=\"og:image:height\" content=\"230\" \/>\n\t<meta property=\"og:image:type\" content=\"image\/jpeg\" \/>\n<meta name=\"twitter:card\" content=\"summary_large_image\" \/>\n<meta name=\"twitter:label1\" content=\"Dur\u00e9e de lecture estim\u00e9e\" \/>\n\t<meta name=\"twitter:data1\" content=\"1 minute\" \/>\n<script type=\"application\/ld+json\" class=\"yoast-schema-graph\">{\"@context\":\"https:\/\/schema.org\",\"@graph\":[{\"@type\":\"WebPage\",\"@id\":\"http:\/\/www.resonnance.org\/shop\/produit\/la-musique-au-coeur-du-silence\/\",\"url\":\"http:\/\/www.resonnance.org\/shop\/produit\/la-musique-au-coeur-du-silence\/\",\"name\":\"La musique au c\u0153ur du silence - La Boutique\",\"isPartOf\":{\"@id\":\"https:\/\/www.resonnance.org\/shop\/#website\"},\"primaryImageOfPage\":{\"@id\":\"http:\/\/www.resonnance.org\/shop\/produit\/la-musique-au-coeur-du-silence\/#primaryimage\"},\"image\":{\"@id\":\"http:\/\/www.resonnance.org\/shop\/produit\/la-musique-au-coeur-du-silence\/#primaryimage\"},\"thumbnailUrl\":\"http:\/\/www.resonnance.org\/shop\/wp-content\/uploads\/sites\/19\/2016\/11\/front-lg-15.jpg\",\"datePublished\":\"2016-11-22T17:27:54+00:00\",\"dateModified\":\"2017-01-19T15:31:19+00:00\",\"breadcrumb\":{\"@id\":\"http:\/\/www.resonnance.org\/shop\/produit\/la-musique-au-coeur-du-silence\/#breadcrumb\"},\"inLanguage\":\"fr-FR\",\"potentialAction\":[{\"@type\":\"ReadAction\",\"target\":[\"http:\/\/www.resonnance.org\/shop\/produit\/la-musique-au-coeur-du-silence\/\"]}]},{\"@type\":\"ImageObject\",\"inLanguage\":\"fr-FR\",\"@id\":\"http:\/\/www.resonnance.org\/shop\/produit\/la-musique-au-coeur-du-silence\/#primaryimage\",\"url\":\"http:\/\/www.resonnance.org\/shop\/wp-content\/uploads\/sites\/19\/2016\/11\/front-lg-15.jpg\",\"contentUrl\":\"http:\/\/www.resonnance.org\/shop\/wp-content\/uploads\/sites\/19\/2016\/11\/front-lg-15.jpg\",\"width\":230,\"height\":230,\"caption\":\"La musique au c\u0153ur du silence\"},{\"@type\":\"BreadcrumbList\",\"@id\":\"http:\/\/www.resonnance.org\/shop\/produit\/la-musique-au-coeur-du-silence\/#breadcrumb\",\"itemListElement\":[{\"@type\":\"ListItem\",\"position\":1,\"name\":\"Accueil\",\"item\":\"https:\/\/www.resonnance.org\/shop\/\"},{\"@type\":\"ListItem\",\"position\":2,\"name\":\"Boutique\",\"item\":\"https:\/\/www.resonnance.org\/shop\/\"},{\"@type\":\"ListItem\",\"position\":3,\"name\":\"La musique au c\u0153ur du silence\"}]},{\"@type\":\"WebSite\",\"@id\":\"https:\/\/www.resonnance.org\/shop\/#website\",\"url\":\"https:\/\/www.resonnance.org\/shop\/\",\"name\":\"La Boutique\",\"description\":\"La boutique R\u00e9sonnance\",\"potentialAction\":[{\"@type\":\"SearchAction\",\"target\":{\"@type\":\"EntryPoint\",\"urlTemplate\":\"https:\/\/www.resonnance.org\/shop\/?s={search_term_string}\"},\"query-input\":{\"@type\":\"PropertyValueSpecification\",\"valueRequired\":true,\"valueName\":\"search_term_string\"}}],\"inLanguage\":\"fr-FR\"}]}<\/script>\n<!-- \/ Yoast SEO plugin. -->","yoast_head_json":{"title":"La musique au c\u0153ur du silence - La Boutique","robots":{"index":"index","follow":"follow","max-snippet":"max-snippet:-1","max-image-preview":"max-image-preview:large","max-video-preview":"max-video-preview:-1"},"canonical":"http:\/\/www.resonnance.org\/shop\/produit\/la-musique-au-coeur-du-silence\/","og_locale":"fr_FR","og_type":"article","og_title":"La musique au c\u0153ur du silence - La Boutique","og_description":"La musique au c\u0153ur du silence Elizabeth Sombart, pianiste Play 5:57 Fantaisie-Impromptu en do di\u00e8se mineur, Op.\u00a0posth.\u00a066 &#8211; Allegro agitato, Largo moderato cantabile Fr\u00e9d\u00e9ric Chopin (1810-1849) Play 5:54 Nocturne N\u00b0\u00a08 en r\u00e9 b\u00e9mol majeur, Op.\u00a027 N\u00b0\u00a02 &#8211; Lento sostenuto Fr\u00e9d\u00e9ric Chopin (1810-1849) Play 4:17 Etude Op.\u00a025 N\u00b0\u00a011, en la mineur &#8211; Lento Fr\u00e9d\u00e9ric Chopin (1810-1849) [&hellip;]","og_url":"http:\/\/www.resonnance.org\/shop\/produit\/la-musique-au-coeur-du-silence\/","og_site_name":"La Boutique","article_modified_time":"2017-01-19T15:31:19+00:00","og_image":[{"width":230,"height":230,"url":"http:\/\/www.resonnance.org\/shop\/wp-content\/uploads\/sites\/19\/2016\/11\/front-lg-15.jpg","type":"image\/jpeg"}],"twitter_card":"summary_large_image","twitter_misc":{"Dur\u00e9e de lecture estim\u00e9e":"1 minute"},"schema":{"@context":"https:\/\/schema.org","@graph":[{"@type":"WebPage","@id":"http:\/\/www.resonnance.org\/shop\/produit\/la-musique-au-coeur-du-silence\/","url":"http:\/\/www.resonnance.org\/shop\/produit\/la-musique-au-coeur-du-silence\/","name":"La musique au c\u0153ur du silence - La Boutique","isPartOf":{"@id":"https:\/\/www.resonnance.org\/shop\/#website"},"primaryImageOfPage":{"@id":"http:\/\/www.resonnance.org\/shop\/produit\/la-musique-au-coeur-du-silence\/#primaryimage"},"image":{"@id":"http:\/\/www.resonnance.org\/shop\/produit\/la-musique-au-coeur-du-silence\/#primaryimage"},"thumbnailUrl":"http:\/\/www.resonnance.org\/shop\/wp-content\/uploads\/sites\/19\/2016\/11\/front-lg-15.jpg","datePublished":"2016-11-22T17:27:54+00:00","dateModified":"2017-01-19T15:31:19+00:00","breadcrumb":{"@id":"http:\/\/www.resonnance.org\/shop\/produit\/la-musique-au-coeur-du-silence\/#breadcrumb"},"inLanguage":"fr-FR","potentialAction":[{"@type":"ReadAction","target":["http:\/\/www.resonnance.org\/shop\/produit\/la-musique-au-coeur-du-silence\/"]}]},{"@type":"ImageObject","inLanguage":"fr-FR","@id":"http:\/\/www.resonnance.org\/shop\/produit\/la-musique-au-coeur-du-silence\/#primaryimage","url":"http:\/\/www.resonnance.org\/shop\/wp-content\/uploads\/sites\/19\/2016\/11\/front-lg-15.jpg","contentUrl":"http:\/\/www.resonnance.org\/shop\/wp-content\/uploads\/sites\/19\/2016\/11\/front-lg-15.jpg","width":230,"height":230,"caption":"La musique au c\u0153ur du silence"},{"@type":"BreadcrumbList","@id":"http:\/\/www.resonnance.org\/shop\/produit\/la-musique-au-coeur-du-silence\/#breadcrumb","itemListElement":[{"@type":"ListItem","position":1,"name":"Accueil","item":"https:\/\/www.resonnance.org\/shop\/"},{"@type":"ListItem","position":2,"name":"Boutique","item":"https:\/\/www.resonnance.org\/shop\/"},{"@type":"ListItem","position":3,"name":"La musique au c\u0153ur du silence"}]},{"@type":"WebSite","@id":"https:\/\/www.resonnance.org\/shop\/#website","url":"https:\/\/www.resonnance.org\/shop\/","name":"La Boutique","description":"La boutique R\u00e9sonnance","potentialAction":[{"@type":"SearchAction","target":{"@type":"EntryPoint","urlTemplate":"https:\/\/www.resonnance.org\/shop\/?s={search_term_string}"},"query-input":{"@type":"PropertyValueSpecification","valueRequired":true,"valueName":"search_term_string"}}],"inLanguage":"fr-FR"}]}},"_links":{"self":[{"href":"http:\/\/www.resonnance.org\/shop\/wp-json\/wp\/v2\/product\/6351","targetHints":{"allow":["GET"]}}],"collection":[{"href":"http:\/\/www.resonnance.org\/shop\/wp-json\/wp\/v2\/product"}],"about":[{"href":"http:\/\/www.resonnance.org\/shop\/wp-json\/wp\/v2\/types\/product"}],"replies":[{"embeddable":true,"href":"http:\/\/www.resonnance.org\/shop\/wp-json\/wp\/v2\/comments?post=6351"}],"wp:featuredmedia":[{"embeddable":true,"href":"http:\/\/www.resonnance.org\/shop\/wp-json\/wp\/v2\/media\/6249"}],"wp:attachment":[{"href":"http:\/\/www.resonnance.org\/shop\/wp-json\/wp\/v2\/media?parent=6351"}],"wp:term":[{"taxonomy":"product_brand","embeddable":true,"href":"http:\/\/www.resonnance.org\/shop\/wp-json\/wp\/v2\/product_brand?post=6351"},{"taxonomy":"product_cat","embeddable":true,"href":"http:\/\/www.resonnance.org\/shop\/wp-json\/wp\/v2\/product_cat?post=6351"},{"taxonomy":"product_tag","embeddable":true,"href":"http:\/\/www.resonnance.org\/shop\/wp-json\/wp\/v2\/product_tag?post=6351"}],"curies":[{"name":"wp","href":"https:\/\/api.w.org\/{rel}","templated":true}]}}