{"id":6348,"date":"2016-11-22T18:23:53","date_gmt":"2016-11-22T17:23:53","guid":{"rendered":"https:\/\/www.resonnance.org\/shop\/?post_type=product&#038;p=6348"},"modified":"2016-11-25T21:51:49","modified_gmt":"2016-11-25T20:51:49","slug":"musique-francaise","status":"publish","type":"product","link":"http:\/\/www.resonnance.org\/shop\/produit\/musique-francaise\/","title":{"rendered":"Musique fran\u00e7aise"},"content":{"rendered":"<h5 class=\"uppercase white\">Musique fran\u00e7aise<\/h5>\n<p class=\"nomarginbottom\">Elizabeth Sombart, pianiste<\/p>\n<div class=\"tracks\">\n<hr class=\"total-divider\" \/>\n<p><audio id=\"localAudio\"><\/audio> <!-- localAudio --><\/p>\n<div class=\"mp3Player\" data-src=\"https:\/\/s3-us-west-2.amazonaws.com\/resshop\/audio\/musiquefrancaisei\/excerpts\/track-01.mp3\" data-pos=\"0\">\n<p><button class=\"btnPlayPause\"><span class=\"screen-reader-text\">Play<\/span><\/button> <span class=\"pull-right\">3:17<\/span><\/p>\n<ol class=\"trackinfo\" start=\"1\">\n<li>Gnossienne N\u00b0 1<br \/>\n Erik Satie (1866-1925)<\/li>\n<\/ol>\n<\/div>\n<div class=\"mp3Player\" data-src=\"https:\/\/s3-us-west-2.amazonaws.com\/resshop\/audio\/musiquefrancaisei\/excerpts\/track-02.mp3\" data-pos=\"0\">\n<p><button class=\"btnPlayPause\"><span class=\"screen-reader-text\">Play<\/span><\/button> <span class=\"pull-right\">2:14<\/span><\/p>\n<ol class=\"trackinfo\" start=\"2\">\n<li>Gnossienne N\u00b0 2<br \/>\n Erik Satie (1866-1925)<\/li>\n<\/ol>\n<\/div>\n<div class=\"mp3Player\" data-src=\"https:\/\/s3-us-west-2.amazonaws.com\/resshop\/audio\/musiquefrancaisei\/excerpts\/track-03.mp3\" data-pos=\"0\">\n<p><button class=\"btnPlayPause\"><span class=\"screen-reader-text\">Play<\/span><\/button> <span class=\"pull-right\">3:10<\/span><\/p>\n<ol class=\"trackinfo\" start=\"3\">\n<li>Gnossienne N\u00b0 3<br \/>\n Erik Satie (1866-1925)<\/li>\n<\/ol>\n<\/div>\n<div class=\"mp3Player\" data-src=\"https:\/\/s3-us-west-2.amazonaws.com\/resshop\/audio\/musiquefrancaisei\/excerpts\/track-04.mp3\" data-pos=\"0\">\n<p><button class=\"btnPlayPause\"><span class=\"screen-reader-text\">Play<\/span><\/button> <span class=\"pull-right\">6:09<\/span><\/p>\n<ol class=\"trackinfo\" start=\"4\">\n<li>Jeux d\u2019eau<br \/>\n Maurice Ravel (1875-1937)<\/li>\n<\/ol>\n<\/div>\n<div class=\"mp3Player\" data-src=\"https:\/\/s3-us-west-2.amazonaws.com\/resshop\/audio\/musiquefrancaisei\/excerpts\/track-05.mp3\" data-pos=\"0\">\n<p><button class=\"btnPlayPause\"><span class=\"screen-reader-text\">Play<\/span><\/button> <span class=\"pull-right\">3:51<\/span><\/p>\n<ol class=\"trackinfo\" start=\"5\">\n<li>Pr\u00e9lude, Fugue et Variation, Op\u00a018\u00a0: Pr\u00e9lude<br \/>\n C\u00e9sar Franck (1822-1890)<\/li>\n<\/ol>\n<\/div>\n<div class=\"mp3Player\" data-src=\"https:\/\/s3-us-west-2.amazonaws.com\/resshop\/audio\/musiquefrancaisei\/excerpts\/track-06.mp3\" data-pos=\"0\">\n<p><button class=\"btnPlayPause\"><span class=\"screen-reader-text\">Play<\/span><\/button> <span class=\"pull-right\">3:20<\/span><\/p>\n<ol class=\"trackinfo\" start=\"6\">\n<li>Pr\u00e9lude, Fugue et Variation, Op\u00a018\u00a0: Fugue<br \/>\n C\u00e9sar Franck (1822-1890)<\/li>\n<\/ol>\n<\/div>\n<div class=\"mp3Player\" data-src=\"https:\/\/s3-us-west-2.amazonaws.com\/resshop\/audio\/musiquefrancaisei\/excerpts\/track-07.mp3\" data-pos=\"0\">\n<p><button class=\"btnPlayPause\"><span class=\"screen-reader-text\">Play<\/span><\/button> <span class=\"pull-right\">3:35<\/span><\/p>\n<ol class=\"trackinfo\" start=\"7\">\n<li>Pr\u00e9lude, Fugue et Variation, Op\u00a018\u00a0: Variation<br \/>\n C\u00e9sar Franck (1822-1890)<\/li>\n<\/ol>\n<\/div>\n<div class=\"mp3Player\" data-src=\"https:\/\/s3-us-west-2.amazonaws.com\/resshop\/audio\/musiquefrancaisei\/excerpts\/track-08.mp3\" data-pos=\"0\">\n<p><button class=\"btnPlayPause\"><span class=\"screen-reader-text\">Play<\/span><\/button> <span class=\"pull-right\">10:04<\/span><\/p>\n<ol class=\"trackinfo\" start=\"8\">\n<li>Nocturne N\u00b0 6 en r\u00e9 b\u00e9mol majeur, Op. 63<br \/>\n Gabriel Faur\u00e9 (1845-1924)<\/li>\n<\/ol>\n<\/div>\n<div class=\"mp3Player\" data-src=\"https:\/\/s3-us-west-2.amazonaws.com\/resshop\/audio\/musiquefrancaisei\/excerpts\/track-09.mp3\" data-pos=\"0\">\n<p><button class=\"btnPlayPause\"><span class=\"screen-reader-text\">Play<\/span><\/button> <span class=\"pull-right\">20:37<\/span><\/p>\n<ol class=\"trackinfo\" start=\"9\">\n<li>Variations sur un th\u00e8me classique<br \/>\n Jacques Desbri\u00e8re (1925- )<\/li>\n<\/ol>\n<\/div>\n<hr class=\"total-divider\" \/>\n<div class=\"mp3Player\"><span class=\"pull-right\">56:17<\/span> <span class=\"infoLabel\">Dur\u00e9e totale<\/span><\/div>\n<\/div>\n<p><!-- tracks --><\/p>\n","protected":false},"excerpt":{"rendered":"<p>Musique fran\u00e7aise Elizabeth Sombart, pianiste Play 3:17 Gnossienne N\u00b0 1 Erik Satie (1866-1925) Play 2:14 Gnossienne N\u00b0 2 Erik Satie (1866-1925) Play 3:10 Gnossienne N\u00b0 3 Erik Satie (1866-1925) Play 6:09 Jeux d\u2019eau Maurice Ravel (1875-1937) Play 3:51 Pr\u00e9lude, Fugue et Variation, Op\u00a018\u00a0: Pr\u00e9lude C\u00e9sar Franck (1822-1890) Play 3:20 Pr\u00e9lude, Fugue et Variation, Op\u00a018\u00a0: Fugue [&hellip;]<\/p>\n","protected":false},"featured_media":6252,"comment_status":"open","ping_status":"closed","template":"","meta":{"_acf_changed":false},"product_brand":[],"product_cat":[48,50],"product_tag":[],"class_list":{"0":"post-6348","1":"product","2":"type-product","3":"status-publish","4":"has-post-thumbnail","6":"product_cat-cd","7":"product_cat-elizabeth-sombart","10":"first","11":"instock","12":"shipping-taxable","13":"purchasable","14":"product-type-simple"},"acf":[],"yoast_head":"<!-- This site is optimized with the Yoast SEO plugin v23.9 - https:\/\/yoast.com\/wordpress\/plugins\/seo\/ -->\n<title>Musique fran\u00e7aise - La Boutique<\/title>\n<meta name=\"robots\" content=\"index, follow, max-snippet:-1, max-image-preview:large, max-video-preview:-1\" \/>\n<link rel=\"canonical\" href=\"http:\/\/www.resonnance.org\/shop\/produit\/musique-francaise\/\" \/>\n<meta property=\"og:locale\" content=\"fr_FR\" \/>\n<meta property=\"og:type\" content=\"article\" \/>\n<meta property=\"og:title\" content=\"Musique fran\u00e7aise - La Boutique\" \/>\n<meta property=\"og:description\" content=\"Musique fran\u00e7aise Elizabeth Sombart, pianiste Play 3:17 Gnossienne N\u00b0 1 Erik Satie (1866-1925) Play 2:14 Gnossienne N\u00b0 2 Erik Satie (1866-1925) Play 3:10 Gnossienne N\u00b0 3 Erik Satie (1866-1925) Play 6:09 Jeux d\u2019eau Maurice Ravel (1875-1937) Play 3:51 Pr\u00e9lude, Fugue et Variation, Op\u00a018\u00a0: Pr\u00e9lude C\u00e9sar Franck (1822-1890) Play 3:20 Pr\u00e9lude, Fugue et Variation, Op\u00a018\u00a0: Fugue [&hellip;]\" \/>\n<meta property=\"og:url\" content=\"http:\/\/www.resonnance.org\/shop\/produit\/musique-francaise\/\" \/>\n<meta property=\"og:site_name\" content=\"La Boutique\" \/>\n<meta property=\"article:modified_time\" content=\"2016-11-25T20:51:49+00:00\" \/>\n<meta property=\"og:image\" content=\"http:\/\/www.resonnance.org\/shop\/wp-content\/uploads\/sites\/19\/2016\/11\/front-lg-16.jpg\" \/>\n\t<meta property=\"og:image:width\" content=\"230\" \/>\n\t<meta property=\"og:image:height\" content=\"230\" \/>\n\t<meta property=\"og:image:type\" content=\"image\/jpeg\" \/>\n<meta name=\"twitter:card\" content=\"summary_large_image\" \/>\n<script type=\"application\/ld+json\" class=\"yoast-schema-graph\">{\"@context\":\"https:\/\/schema.org\",\"@graph\":[{\"@type\":\"WebPage\",\"@id\":\"http:\/\/www.resonnance.org\/shop\/produit\/musique-francaise\/\",\"url\":\"http:\/\/www.resonnance.org\/shop\/produit\/musique-francaise\/\",\"name\":\"Musique fran\u00e7aise - La Boutique\",\"isPartOf\":{\"@id\":\"https:\/\/www.resonnance.org\/shop\/#website\"},\"primaryImageOfPage\":{\"@id\":\"http:\/\/www.resonnance.org\/shop\/produit\/musique-francaise\/#primaryimage\"},\"image\":{\"@id\":\"http:\/\/www.resonnance.org\/shop\/produit\/musique-francaise\/#primaryimage\"},\"thumbnailUrl\":\"http:\/\/www.resonnance.org\/shop\/wp-content\/uploads\/sites\/19\/2016\/11\/front-lg-16.jpg\",\"datePublished\":\"2016-11-22T17:23:53+00:00\",\"dateModified\":\"2016-11-25T20:51:49+00:00\",\"breadcrumb\":{\"@id\":\"http:\/\/www.resonnance.org\/shop\/produit\/musique-francaise\/#breadcrumb\"},\"inLanguage\":\"fr-FR\",\"potentialAction\":[{\"@type\":\"ReadAction\",\"target\":[\"http:\/\/www.resonnance.org\/shop\/produit\/musique-francaise\/\"]}]},{\"@type\":\"ImageObject\",\"inLanguage\":\"fr-FR\",\"@id\":\"http:\/\/www.resonnance.org\/shop\/produit\/musique-francaise\/#primaryimage\",\"url\":\"http:\/\/www.resonnance.org\/shop\/wp-content\/uploads\/sites\/19\/2016\/11\/front-lg-16.jpg\",\"contentUrl\":\"http:\/\/www.resonnance.org\/shop\/wp-content\/uploads\/sites\/19\/2016\/11\/front-lg-16.jpg\",\"width\":230,\"height\":230,\"caption\":\"Musique fran\u00e7aise\"},{\"@type\":\"BreadcrumbList\",\"@id\":\"http:\/\/www.resonnance.org\/shop\/produit\/musique-francaise\/#breadcrumb\",\"itemListElement\":[{\"@type\":\"ListItem\",\"position\":1,\"name\":\"Accueil\",\"item\":\"https:\/\/www.resonnance.org\/shop\/\"},{\"@type\":\"ListItem\",\"position\":2,\"name\":\"Boutique\",\"item\":\"https:\/\/www.resonnance.org\/shop\/\"},{\"@type\":\"ListItem\",\"position\":3,\"name\":\"Musique fran\u00e7aise\"}]},{\"@type\":\"WebSite\",\"@id\":\"https:\/\/www.resonnance.org\/shop\/#website\",\"url\":\"https:\/\/www.resonnance.org\/shop\/\",\"name\":\"La Boutique\",\"description\":\"La boutique R\u00e9sonnance\",\"potentialAction\":[{\"@type\":\"SearchAction\",\"target\":{\"@type\":\"EntryPoint\",\"urlTemplate\":\"https:\/\/www.resonnance.org\/shop\/?s={search_term_string}\"},\"query-input\":{\"@type\":\"PropertyValueSpecification\",\"valueRequired\":true,\"valueName\":\"search_term_string\"}}],\"inLanguage\":\"fr-FR\"}]}<\/script>\n<!-- \/ Yoast SEO plugin. -->","yoast_head_json":{"title":"Musique fran\u00e7aise - La Boutique","robots":{"index":"index","follow":"follow","max-snippet":"max-snippet:-1","max-image-preview":"max-image-preview:large","max-video-preview":"max-video-preview:-1"},"canonical":"http:\/\/www.resonnance.org\/shop\/produit\/musique-francaise\/","og_locale":"fr_FR","og_type":"article","og_title":"Musique fran\u00e7aise - La Boutique","og_description":"Musique fran\u00e7aise Elizabeth Sombart, pianiste Play 3:17 Gnossienne N\u00b0 1 Erik Satie (1866-1925) Play 2:14 Gnossienne N\u00b0 2 Erik Satie (1866-1925) Play 3:10 Gnossienne N\u00b0 3 Erik Satie (1866-1925) Play 6:09 Jeux d\u2019eau Maurice Ravel (1875-1937) Play 3:51 Pr\u00e9lude, Fugue et Variation, Op\u00a018\u00a0: Pr\u00e9lude C\u00e9sar Franck (1822-1890) Play 3:20 Pr\u00e9lude, Fugue et Variation, Op\u00a018\u00a0: Fugue [&hellip;]","og_url":"http:\/\/www.resonnance.org\/shop\/produit\/musique-francaise\/","og_site_name":"La Boutique","article_modified_time":"2016-11-25T20:51:49+00:00","og_image":[{"width":230,"height":230,"url":"http:\/\/www.resonnance.org\/shop\/wp-content\/uploads\/sites\/19\/2016\/11\/front-lg-16.jpg","type":"image\/jpeg"}],"twitter_card":"summary_large_image","schema":{"@context":"https:\/\/schema.org","@graph":[{"@type":"WebPage","@id":"http:\/\/www.resonnance.org\/shop\/produit\/musique-francaise\/","url":"http:\/\/www.resonnance.org\/shop\/produit\/musique-francaise\/","name":"Musique fran\u00e7aise - La Boutique","isPartOf":{"@id":"https:\/\/www.resonnance.org\/shop\/#website"},"primaryImageOfPage":{"@id":"http:\/\/www.resonnance.org\/shop\/produit\/musique-francaise\/#primaryimage"},"image":{"@id":"http:\/\/www.resonnance.org\/shop\/produit\/musique-francaise\/#primaryimage"},"thumbnailUrl":"http:\/\/www.resonnance.org\/shop\/wp-content\/uploads\/sites\/19\/2016\/11\/front-lg-16.jpg","datePublished":"2016-11-22T17:23:53+00:00","dateModified":"2016-11-25T20:51:49+00:00","breadcrumb":{"@id":"http:\/\/www.resonnance.org\/shop\/produit\/musique-francaise\/#breadcrumb"},"inLanguage":"fr-FR","potentialAction":[{"@type":"ReadAction","target":["http:\/\/www.resonnance.org\/shop\/produit\/musique-francaise\/"]}]},{"@type":"ImageObject","inLanguage":"fr-FR","@id":"http:\/\/www.resonnance.org\/shop\/produit\/musique-francaise\/#primaryimage","url":"http:\/\/www.resonnance.org\/shop\/wp-content\/uploads\/sites\/19\/2016\/11\/front-lg-16.jpg","contentUrl":"http:\/\/www.resonnance.org\/shop\/wp-content\/uploads\/sites\/19\/2016\/11\/front-lg-16.jpg","width":230,"height":230,"caption":"Musique fran\u00e7aise"},{"@type":"BreadcrumbList","@id":"http:\/\/www.resonnance.org\/shop\/produit\/musique-francaise\/#breadcrumb","itemListElement":[{"@type":"ListItem","position":1,"name":"Accueil","item":"https:\/\/www.resonnance.org\/shop\/"},{"@type":"ListItem","position":2,"name":"Boutique","item":"https:\/\/www.resonnance.org\/shop\/"},{"@type":"ListItem","position":3,"name":"Musique fran\u00e7aise"}]},{"@type":"WebSite","@id":"https:\/\/www.resonnance.org\/shop\/#website","url":"https:\/\/www.resonnance.org\/shop\/","name":"La Boutique","description":"La boutique R\u00e9sonnance","potentialAction":[{"@type":"SearchAction","target":{"@type":"EntryPoint","urlTemplate":"https:\/\/www.resonnance.org\/shop\/?s={search_term_string}"},"query-input":{"@type":"PropertyValueSpecification","valueRequired":true,"valueName":"search_term_string"}}],"inLanguage":"fr-FR"}]}},"_links":{"self":[{"href":"http:\/\/www.resonnance.org\/shop\/wp-json\/wp\/v2\/product\/6348","targetHints":{"allow":["GET"]}}],"collection":[{"href":"http:\/\/www.resonnance.org\/shop\/wp-json\/wp\/v2\/product"}],"about":[{"href":"http:\/\/www.resonnance.org\/shop\/wp-json\/wp\/v2\/types\/product"}],"replies":[{"embeddable":true,"href":"http:\/\/www.resonnance.org\/shop\/wp-json\/wp\/v2\/comments?post=6348"}],"wp:featuredmedia":[{"embeddable":true,"href":"http:\/\/www.resonnance.org\/shop\/wp-json\/wp\/v2\/media\/6252"}],"wp:attachment":[{"href":"http:\/\/www.resonnance.org\/shop\/wp-json\/wp\/v2\/media?parent=6348"}],"wp:term":[{"taxonomy":"product_brand","embeddable":true,"href":"http:\/\/www.resonnance.org\/shop\/wp-json\/wp\/v2\/product_brand?post=6348"},{"taxonomy":"product_cat","embeddable":true,"href":"http:\/\/www.resonnance.org\/shop\/wp-json\/wp\/v2\/product_cat?post=6348"},{"taxonomy":"product_tag","embeddable":true,"href":"http:\/\/www.resonnance.org\/shop\/wp-json\/wp\/v2\/product_tag?post=6348"}],"curies":[{"name":"wp","href":"https:\/\/api.w.org\/{rel}","templated":true}]}}