{"id":6346,"date":"2016-11-22T18:22:12","date_gmt":"2016-11-22T17:22:12","guid":{"rendered":"https:\/\/www.resonnance.org\/shop\/?post_type=product&#038;p=6346"},"modified":"2016-11-25T21:53:30","modified_gmt":"2016-11-25T20:53:30","slug":"les-plus-belles-berceuses-classiques","status":"publish","type":"product","link":"http:\/\/www.resonnance.org\/shop\/produit\/les-plus-belles-berceuses-classiques\/","title":{"rendered":"Les plus belles berceuses classiques"},"content":{"rendered":"<h5 class=\"uppercase white\">Les plus belles berceuses classiques<\/h5>\n<p class=\"nomarginbottom\">Elizabeth Sombart, pianiste<\/p>\n<div class=\"tracks\">\n<hr class=\"total-divider\" \/><audio id=\"localAudio\"><\/audio> <!-- localAudio --><\/p>\n<div class=\"mp3Player\" data-src=\"https:\/\/s3-us-west-2.amazonaws.com\/resshop\/audio\/berceuses\/excerpts\/track-01.mp3\" data-pos=\"0\"><button class=\"btnPlayPause\"><span class=\"screen-reader-text\">Play<\/span><\/button> <span class=\"pull-right\">1:12<\/span><\/p>\n<ol class=\"trackinfo\" start=\"1\">\n<li>La valse, Op. 39 N\u00b0 15<br \/>\nJohannes Brahms (1833-1897)<\/li>\n<\/ol>\n<\/div>\n<div class=\"mp3Player\" data-src=\"https:\/\/s3-us-west-2.amazonaws.com\/resshop\/audio\/berceuses\/excerpts\/track-02.mp3\" data-pos=\"0\"><button class=\"btnPlayPause\"><span class=\"screen-reader-text\">Play<\/span><\/button> <span class=\"pull-right\">2:38<\/span><\/p>\n<ol class=\"trackinfo\" start=\"2\">\n<li>R\u00eaverie<br \/>\nRobert Schumann (1810-1856)<\/li>\n<\/ol>\n<\/div>\n<div class=\"mp3Player\" data-src=\"https:\/\/s3-us-west-2.amazonaws.com\/resshop\/audio\/berceuses\/excerpts\/track-03.mp3\" data-pos=\"0\"><button class=\"btnPlayPause\"><span class=\"screen-reader-text\">Play<\/span><\/button> <span class=\"pull-right\">5:02<\/span><\/p>\n<ol class=\"trackinfo\" start=\"3\">\n<li>S\u00e9r\u00e9nade (arrangement F. Liszt)<br \/>\nFranz Schubert (1797-1828)<br \/>\nFranz Liszt (1811-1886)<\/li>\n<\/ol>\n<\/div>\n<div class=\"mp3Player\" data-src=\"https:\/\/s3-us-west-2.amazonaws.com\/resshop\/audio\/berceuses\/excerpts\/track-04.mp3\" data-pos=\"0\"><button class=\"btnPlayPause\"><span class=\"screen-reader-text\">Play<\/span><\/button> <span class=\"pull-right\">4:05<\/span><\/p>\n<ol class=\"trackinfo\" start=\"4\">\n<li>Larme<br \/>\nModest Petrovich Mussorgsky (1839-1881)<\/li>\n<\/ol>\n<\/div>\n<div class=\"mp3Player\" data-src=\"https:\/\/s3-us-west-2.amazonaws.com\/resshop\/audio\/berceuses\/excerpts\/track-05.mp3\" data-pos=\"0\"><button class=\"btnPlayPause\"><span class=\"screen-reader-text\">Play<\/span><\/button> <span class=\"pull-right\">2:42<\/span><\/p>\n<ol class=\"trackinfo\" start=\"5\">\n<li>Le D\u00e9sir<br \/>\nLudwig van Beethoven (1770-1827)<\/li>\n<\/ol>\n<\/div>\n<div class=\"mp3Player\" data-src=\"https:\/\/s3-us-west-2.amazonaws.com\/resshop\/audio\/berceuses\/excerpts\/track-06.mp3\" data-pos=\"0\"><button class=\"btnPlayPause\"><span class=\"screen-reader-text\">Play<\/span><\/button> <span class=\"pull-right\">3:54<\/span><\/p>\n<ol class=\"trackinfo\" start=\"6\">\n<li>Arioso (arrangement A. Cortot)<br \/>\nJohann Sebastian Bach (1685-1750)<br \/>\nAlfred Cortot (1877-1962)<\/li>\n<\/ol>\n<\/div>\n<div class=\"mp3Player\" data-src=\"https:\/\/s3-us-west-2.amazonaws.com\/resshop\/audio\/berceuses\/excerpts\/track-07.mp3\" data-pos=\"0\"><button class=\"btnPlayPause\"><span class=\"screen-reader-text\">Play<\/span><\/button> <span class=\"pull-right\">3:50<\/span><\/p>\n<ol class=\"trackinfo\" start=\"7\">\n<li>Berceuse<br \/>\nPyotr Ilyich Tchaikovsky (1840-1893)<\/li>\n<\/ol>\n<\/div>\n<div class=\"mp3Player\" data-src=\"https:\/\/s3-us-west-2.amazonaws.com\/resshop\/audio\/berceuses\/excerpts\/track-08.mp3\" data-pos=\"0\"><button class=\"btnPlayPause\"><span class=\"screen-reader-text\">Play<\/span><\/button> <span class=\"pull-right\">4:45<\/span><\/p>\n<ol class=\"trackinfo\" start=\"8\">\n<li>Ave Maria<br \/>\nFranz Schubert (1797-1828)<\/li>\n<\/ol>\n<\/div>\n<div class=\"mp3Player\" data-src=\"https:\/\/s3-us-west-2.amazonaws.com\/resshop\/audio\/berceuses\/excerpts\/track-09.mp3\" data-pos=\"0\"><button class=\"btnPlayPause\"><span class=\"screen-reader-text\">Play<\/span><\/button> <span class=\"pull-right\">2:05<\/span><\/p>\n<ol class=\"trackinfo\" start=\"9\">\n<li>Th\u00e8me &#8211; Andante (Sonate KV 331)<br \/>\nWolfgang Amadeus Mozart (1759-1791)<\/li>\n<\/ol>\n<\/div>\n<div class=\"mp3Player\" data-src=\"https:\/\/s3-us-west-2.amazonaws.com\/resshop\/audio\/berceuses\/excerpts\/track-10.mp3\" data-pos=\"0\"><button class=\"btnPlayPause\"><span class=\"screen-reader-text\">Play<\/span><\/button> <span class=\"pull-right\">3:37<\/span><\/p>\n<ol class=\"trackinfo\" start=\"10\">\n<li>Chant du berceau<br \/>\nJohannes Brahms (1833-1897)<\/li>\n<\/ol>\n<\/div>\n<div class=\"mp3Player\" data-src=\"https:\/\/s3-us-west-2.amazonaws.com\/resshop\/audio\/berceuses\/excerpts\/track-11.mp3\" data-pos=\"0\"><button class=\"btnPlayPause\"><span class=\"screen-reader-text\">Play<\/span><\/button> <span class=\"pull-right\">2:08<\/span><\/p>\n<ol class=\"trackinfo\" start=\"11\">\n<li>Sc\u00e8ne d\u2019enfant<br \/>\nRobert Schumann (1810-1856)<\/li>\n<\/ol>\n<\/div>\n<div class=\"mp3Player\" data-src=\"https:\/\/s3-us-west-2.amazonaws.com\/resshop\/audio\/berceuses\/excerpts\/track-12.mp3\" data-pos=\"0\"><button class=\"btnPlayPause\"><span class=\"screen-reader-text\">Play<\/span><\/button> <span class=\"pull-right\">1:40<\/span><\/p>\n<ol class=\"trackinfo\" start=\"12\">\n<li>La Poup\u00e9e malade<br \/>\nPyotr Ilyich Tchaikovsky (1840-1893)<\/li>\n<\/ol>\n<\/div>\n<div class=\"mp3Player\" data-src=\"https:\/\/s3-us-west-2.amazonaws.com\/resshop\/audio\/berceuses\/excerpts\/track-13.mp3\" data-pos=\"0\"><button class=\"btnPlayPause\"><span class=\"screen-reader-text\">Play<\/span><\/button> <span class=\"pull-right\">2:37<\/span><\/p>\n<ol class=\"trackinfo\" start=\"13\">\n<li>Presque trop s\u00e9rieux<br \/>\nRobert Schumann (1810-1856)<\/li>\n<\/ol>\n<\/div>\n<div class=\"mp3Player\" data-src=\"https:\/\/s3-us-west-2.amazonaws.com\/resshop\/audio\/berceuses\/excerpts\/track-14.mp3\" data-pos=\"0\"><button class=\"btnPlayPause\"><span class=\"screen-reader-text\">Play<\/span><\/button> <span class=\"pull-right\">4:30<\/span><\/p>\n<ol class=\"trackinfo\" start=\"14\">\n<li>Consolation N\u00b0 2, S. 172<br \/>\nFranz Liszt (1811-1886)<\/li>\n<\/ol>\n<\/div>\n<div class=\"mp3Player\" data-src=\"https:\/\/s3-us-west-2.amazonaws.com\/resshop\/audio\/berceuses\/excerpts\/track-15.mp3\" data-pos=\"0\"><button class=\"btnPlayPause\"><span class=\"screen-reader-text\">Play<\/span><\/button> <span class=\"pull-right\">2:14<\/span><\/p>\n<ol class=\"trackinfo\" start=\"15\">\n<li>L\u2019enfant s\u2019endort<br \/>\nRobert Schumann (1810-1856)<\/li>\n<\/ol>\n<\/div>\n<div class=\"mp3Player\" data-src=\"https:\/\/s3-us-west-2.amazonaws.com\/resshop\/audio\/berceuses\/excerpts\/track-16.mp3\" data-pos=\"0\"><button class=\"btnPlayPause\"><span class=\"screen-reader-text\">Play<\/span><\/button> <span class=\"pull-right\">2:53<\/span><\/p>\n<ol class=\"trackinfo\" start=\"16\">\n<li>Berceuse<br \/>\nJacques Desbri\u00e8re (1925- )<\/li>\n<\/ol>\n<\/div>\n<div class=\"mp3Player\" data-src=\"https:\/\/s3-us-west-2.amazonaws.com\/resshop\/audio\/berceuses\/excerpts\/track-17.mp3\" data-pos=\"0\"><button class=\"btnPlayPause\"><span class=\"screen-reader-text\">Play<\/span><\/button> <span class=\"pull-right\">4:18<\/span><\/p>\n<ol class=\"trackinfo\" start=\"17\">\n<li>Grossienne N\u00b0 4<br \/>\nErik Satie (1866-1925)<\/li>\n<\/ol>\n<\/div>\n<div class=\"mp3Player\" data-src=\"https:\/\/s3-us-west-2.amazonaws.com\/resshop\/audio\/berceuses\/excerpts\/track-18.mp3\" data-pos=\"0\"><button class=\"btnPlayPause\"><span class=\"screen-reader-text\">Play<\/span><\/button> <span class=\"pull-right\">2:28<\/span><\/p>\n<ol class=\"trackinfo\" start=\"18\">\n<li>Etude posthume<br \/>\nRobert Schumann (1810-1856)<\/li>\n<\/ol>\n<\/div>\n<hr class=\"total-divider\" \/>\n<div class=\"mp3Player\"><span class=\"pull-right\">56:38<\/span> <span class=\"infoLabel\">Dur\u00e9e totale<\/span><\/div>\n<\/div>\n<p><!-- tracks --><\/p>\n","protected":false},"excerpt":{"rendered":"<p>Les plus belles berceuses classiques Elizabeth Sombart, pianiste Play 1:12 La valse, Op. 39 N\u00b0 15 Johannes Brahms (1833-1897) Play 2:38 R\u00eaverie Robert Schumann (1810-1856) Play 5:02 S\u00e9r\u00e9nade (arrangement F. Liszt) Franz Schubert (1797-1828) Franz Liszt (1811-1886) Play 4:05 Larme Modest Petrovich Mussorgsky (1839-1881) Play 2:42 Le D\u00e9sir Ludwig van Beethoven (1770-1827) Play 3:54 Arioso [&hellip;]<\/p>\n","protected":false},"featured_media":6239,"comment_status":"open","ping_status":"closed","template":"","meta":{"_acf_changed":false},"product_brand":[],"product_cat":[48,50],"product_tag":[],"class_list":{"0":"post-6346","1":"product","2":"type-product","3":"status-publish","4":"has-post-thumbnail","6":"product_cat-cd","7":"product_cat-elizabeth-sombart","10":"first","11":"instock","12":"shipping-taxable","13":"purchasable","14":"product-type-simple"},"acf":[],"yoast_head":"<!-- This site is optimized with the Yoast SEO plugin v23.9 - https:\/\/yoast.com\/wordpress\/plugins\/seo\/ -->\n<title>Les plus belles berceuses classiques - La Boutique<\/title>\n<meta name=\"robots\" content=\"index, follow, max-snippet:-1, max-image-preview:large, max-video-preview:-1\" \/>\n<link rel=\"canonical\" href=\"http:\/\/www.resonnance.org\/shop\/produit\/les-plus-belles-berceuses-classiques\/\" \/>\n<meta property=\"og:locale\" content=\"fr_FR\" \/>\n<meta property=\"og:type\" content=\"article\" \/>\n<meta property=\"og:title\" content=\"Les plus belles berceuses classiques - La Boutique\" \/>\n<meta property=\"og:description\" content=\"Les plus belles berceuses classiques Elizabeth Sombart, pianiste Play 1:12 La valse, Op. 39 N\u00b0 15 Johannes Brahms (1833-1897) Play 2:38 R\u00eaverie Robert Schumann (1810-1856) Play 5:02 S\u00e9r\u00e9nade (arrangement F. Liszt) Franz Schubert (1797-1828) Franz Liszt (1811-1886) Play 4:05 Larme Modest Petrovich Mussorgsky (1839-1881) Play 2:42 Le D\u00e9sir Ludwig van Beethoven (1770-1827) Play 3:54 Arioso [&hellip;]\" \/>\n<meta property=\"og:url\" content=\"http:\/\/www.resonnance.org\/shop\/produit\/les-plus-belles-berceuses-classiques\/\" \/>\n<meta property=\"og:site_name\" content=\"La Boutique\" \/>\n<meta property=\"article:modified_time\" content=\"2016-11-25T20:53:30+00:00\" \/>\n<meta property=\"og:image\" content=\"http:\/\/www.resonnance.org\/shop\/wp-content\/uploads\/sites\/19\/2016\/11\/front-lg-10.jpg\" \/>\n\t<meta property=\"og:image:width\" content=\"230\" \/>\n\t<meta property=\"og:image:height\" content=\"230\" \/>\n\t<meta property=\"og:image:type\" content=\"image\/jpeg\" \/>\n<meta name=\"twitter:card\" content=\"summary_large_image\" \/>\n<meta name=\"twitter:label1\" content=\"Dur\u00e9e de lecture estim\u00e9e\" \/>\n\t<meta name=\"twitter:data1\" content=\"1 minute\" \/>\n<script type=\"application\/ld+json\" class=\"yoast-schema-graph\">{\"@context\":\"https:\/\/schema.org\",\"@graph\":[{\"@type\":\"WebPage\",\"@id\":\"http:\/\/www.resonnance.org\/shop\/produit\/les-plus-belles-berceuses-classiques\/\",\"url\":\"http:\/\/www.resonnance.org\/shop\/produit\/les-plus-belles-berceuses-classiques\/\",\"name\":\"Les plus belles berceuses classiques - La Boutique\",\"isPartOf\":{\"@id\":\"https:\/\/www.resonnance.org\/shop\/#website\"},\"primaryImageOfPage\":{\"@id\":\"http:\/\/www.resonnance.org\/shop\/produit\/les-plus-belles-berceuses-classiques\/#primaryimage\"},\"image\":{\"@id\":\"http:\/\/www.resonnance.org\/shop\/produit\/les-plus-belles-berceuses-classiques\/#primaryimage\"},\"thumbnailUrl\":\"http:\/\/www.resonnance.org\/shop\/wp-content\/uploads\/sites\/19\/2016\/11\/front-lg-10.jpg\",\"datePublished\":\"2016-11-22T17:22:12+00:00\",\"dateModified\":\"2016-11-25T20:53:30+00:00\",\"breadcrumb\":{\"@id\":\"http:\/\/www.resonnance.org\/shop\/produit\/les-plus-belles-berceuses-classiques\/#breadcrumb\"},\"inLanguage\":\"fr-FR\",\"potentialAction\":[{\"@type\":\"ReadAction\",\"target\":[\"http:\/\/www.resonnance.org\/shop\/produit\/les-plus-belles-berceuses-classiques\/\"]}]},{\"@type\":\"ImageObject\",\"inLanguage\":\"fr-FR\",\"@id\":\"http:\/\/www.resonnance.org\/shop\/produit\/les-plus-belles-berceuses-classiques\/#primaryimage\",\"url\":\"http:\/\/www.resonnance.org\/shop\/wp-content\/uploads\/sites\/19\/2016\/11\/front-lg-10.jpg\",\"contentUrl\":\"http:\/\/www.resonnance.org\/shop\/wp-content\/uploads\/sites\/19\/2016\/11\/front-lg-10.jpg\",\"width\":230,\"height\":230,\"caption\":\"Les plus belles berceuses classiques\"},{\"@type\":\"BreadcrumbList\",\"@id\":\"http:\/\/www.resonnance.org\/shop\/produit\/les-plus-belles-berceuses-classiques\/#breadcrumb\",\"itemListElement\":[{\"@type\":\"ListItem\",\"position\":1,\"name\":\"Accueil\",\"item\":\"https:\/\/www.resonnance.org\/shop\/\"},{\"@type\":\"ListItem\",\"position\":2,\"name\":\"Boutique\",\"item\":\"https:\/\/www.resonnance.org\/shop\/\"},{\"@type\":\"ListItem\",\"position\":3,\"name\":\"Les plus belles berceuses classiques\"}]},{\"@type\":\"WebSite\",\"@id\":\"https:\/\/www.resonnance.org\/shop\/#website\",\"url\":\"https:\/\/www.resonnance.org\/shop\/\",\"name\":\"La Boutique\",\"description\":\"La boutique R\u00e9sonnance\",\"potentialAction\":[{\"@type\":\"SearchAction\",\"target\":{\"@type\":\"EntryPoint\",\"urlTemplate\":\"https:\/\/www.resonnance.org\/shop\/?s={search_term_string}\"},\"query-input\":{\"@type\":\"PropertyValueSpecification\",\"valueRequired\":true,\"valueName\":\"search_term_string\"}}],\"inLanguage\":\"fr-FR\"}]}<\/script>\n<!-- \/ Yoast SEO plugin. -->","yoast_head_json":{"title":"Les plus belles berceuses classiques - La Boutique","robots":{"index":"index","follow":"follow","max-snippet":"max-snippet:-1","max-image-preview":"max-image-preview:large","max-video-preview":"max-video-preview:-1"},"canonical":"http:\/\/www.resonnance.org\/shop\/produit\/les-plus-belles-berceuses-classiques\/","og_locale":"fr_FR","og_type":"article","og_title":"Les plus belles berceuses classiques - La Boutique","og_description":"Les plus belles berceuses classiques Elizabeth Sombart, pianiste Play 1:12 La valse, Op. 39 N\u00b0 15 Johannes Brahms (1833-1897) Play 2:38 R\u00eaverie Robert Schumann (1810-1856) Play 5:02 S\u00e9r\u00e9nade (arrangement F. Liszt) Franz Schubert (1797-1828) Franz Liszt (1811-1886) Play 4:05 Larme Modest Petrovich Mussorgsky (1839-1881) Play 2:42 Le D\u00e9sir Ludwig van Beethoven (1770-1827) Play 3:54 Arioso [&hellip;]","og_url":"http:\/\/www.resonnance.org\/shop\/produit\/les-plus-belles-berceuses-classiques\/","og_site_name":"La Boutique","article_modified_time":"2016-11-25T20:53:30+00:00","og_image":[{"width":230,"height":230,"url":"http:\/\/www.resonnance.org\/shop\/wp-content\/uploads\/sites\/19\/2016\/11\/front-lg-10.jpg","type":"image\/jpeg"}],"twitter_card":"summary_large_image","twitter_misc":{"Dur\u00e9e de lecture estim\u00e9e":"1 minute"},"schema":{"@context":"https:\/\/schema.org","@graph":[{"@type":"WebPage","@id":"http:\/\/www.resonnance.org\/shop\/produit\/les-plus-belles-berceuses-classiques\/","url":"http:\/\/www.resonnance.org\/shop\/produit\/les-plus-belles-berceuses-classiques\/","name":"Les plus belles berceuses classiques - La Boutique","isPartOf":{"@id":"https:\/\/www.resonnance.org\/shop\/#website"},"primaryImageOfPage":{"@id":"http:\/\/www.resonnance.org\/shop\/produit\/les-plus-belles-berceuses-classiques\/#primaryimage"},"image":{"@id":"http:\/\/www.resonnance.org\/shop\/produit\/les-plus-belles-berceuses-classiques\/#primaryimage"},"thumbnailUrl":"http:\/\/www.resonnance.org\/shop\/wp-content\/uploads\/sites\/19\/2016\/11\/front-lg-10.jpg","datePublished":"2016-11-22T17:22:12+00:00","dateModified":"2016-11-25T20:53:30+00:00","breadcrumb":{"@id":"http:\/\/www.resonnance.org\/shop\/produit\/les-plus-belles-berceuses-classiques\/#breadcrumb"},"inLanguage":"fr-FR","potentialAction":[{"@type":"ReadAction","target":["http:\/\/www.resonnance.org\/shop\/produit\/les-plus-belles-berceuses-classiques\/"]}]},{"@type":"ImageObject","inLanguage":"fr-FR","@id":"http:\/\/www.resonnance.org\/shop\/produit\/les-plus-belles-berceuses-classiques\/#primaryimage","url":"http:\/\/www.resonnance.org\/shop\/wp-content\/uploads\/sites\/19\/2016\/11\/front-lg-10.jpg","contentUrl":"http:\/\/www.resonnance.org\/shop\/wp-content\/uploads\/sites\/19\/2016\/11\/front-lg-10.jpg","width":230,"height":230,"caption":"Les plus belles berceuses classiques"},{"@type":"BreadcrumbList","@id":"http:\/\/www.resonnance.org\/shop\/produit\/les-plus-belles-berceuses-classiques\/#breadcrumb","itemListElement":[{"@type":"ListItem","position":1,"name":"Accueil","item":"https:\/\/www.resonnance.org\/shop\/"},{"@type":"ListItem","position":2,"name":"Boutique","item":"https:\/\/www.resonnance.org\/shop\/"},{"@type":"ListItem","position":3,"name":"Les plus belles berceuses classiques"}]},{"@type":"WebSite","@id":"https:\/\/www.resonnance.org\/shop\/#website","url":"https:\/\/www.resonnance.org\/shop\/","name":"La Boutique","description":"La boutique R\u00e9sonnance","potentialAction":[{"@type":"SearchAction","target":{"@type":"EntryPoint","urlTemplate":"https:\/\/www.resonnance.org\/shop\/?s={search_term_string}"},"query-input":{"@type":"PropertyValueSpecification","valueRequired":true,"valueName":"search_term_string"}}],"inLanguage":"fr-FR"}]}},"_links":{"self":[{"href":"http:\/\/www.resonnance.org\/shop\/wp-json\/wp\/v2\/product\/6346","targetHints":{"allow":["GET"]}}],"collection":[{"href":"http:\/\/www.resonnance.org\/shop\/wp-json\/wp\/v2\/product"}],"about":[{"href":"http:\/\/www.resonnance.org\/shop\/wp-json\/wp\/v2\/types\/product"}],"replies":[{"embeddable":true,"href":"http:\/\/www.resonnance.org\/shop\/wp-json\/wp\/v2\/comments?post=6346"}],"wp:featuredmedia":[{"embeddable":true,"href":"http:\/\/www.resonnance.org\/shop\/wp-json\/wp\/v2\/media\/6239"}],"wp:attachment":[{"href":"http:\/\/www.resonnance.org\/shop\/wp-json\/wp\/v2\/media?parent=6346"}],"wp:term":[{"taxonomy":"product_brand","embeddable":true,"href":"http:\/\/www.resonnance.org\/shop\/wp-json\/wp\/v2\/product_brand?post=6346"},{"taxonomy":"product_cat","embeddable":true,"href":"http:\/\/www.resonnance.org\/shop\/wp-json\/wp\/v2\/product_cat?post=6346"},{"taxonomy":"product_tag","embeddable":true,"href":"http:\/\/www.resonnance.org\/shop\/wp-json\/wp\/v2\/product_tag?post=6346"}],"curies":[{"name":"wp","href":"https:\/\/api.w.org\/{rel}","templated":true}]}}