{"id":6345,"date":"2016-11-22T18:20:58","date_gmt":"2016-11-22T17:20:58","guid":{"rendered":"https:\/\/www.resonnance.org\/shop\/?post_type=product&#038;p=6345"},"modified":"2016-11-25T21:54:30","modified_gmt":"2016-11-25T20:54:30","slug":"frederic-chopin-21-nocturnes","status":"publish","type":"product","link":"http:\/\/www.resonnance.org\/shop\/produit\/frederic-chopin-21-nocturnes\/","title":{"rendered":"Fr\u00e9d\u00e9ric Chopin &#8211; 21 Nocturnes"},"content":{"rendered":"<h5 class=\"uppercase white\">Fr\u00e9d\u00e9ric Chopin : 21 Nocturnes<\/h5>\n<p class=\"nomarginbottom\">Elizabeth Sombart, pianiste<br \/>\nFr\u00e9d\u00e9ric Chopin (1810-1849)<\/p>\n<div class=\"tracks\">\n<hr class=\"total-divider\" \/><audio id=\"localAudio\"><\/audio> <!-- localAudio --><\/p>\n<h5 class=\"nomarginbottom rt-teaser\">CD 1<\/h5>\n<div class=\"mp3Player\" data-src=\"https:\/\/s3-us-west-2.amazonaws.com\/resshop\/audio\/21nocturnes\/excerpts\/track-1-01.mp3\" data-pos=\"0\"><button class=\"btnPlayPause\"> <span class=\"screen-reader-text\">Play<\/span> <\/button> <span class=\"pull-right\">6:35<\/span><\/p>\n<ol class=\"trackinfo\" start=\"1\">\n<li>N\u00b0 1 en si b\u00e9mol mineur\/in B flat minor, Op.\u00a09 N\u00b0\u00a01 &#8211; Larghetto<\/li>\n<\/ol>\n<p><span class=\"infoLabel\"><!-- trackinfo --> <\/span> <!-- infoLabel --><\/div>\n<div class=\"mp3Player\" data-src=\"https:\/\/s3-us-west-2.amazonaws.com\/resshop\/audio\/21nocturnes\/excerpts\/track-1-02.mp3\" data-pos=\"0\"><button class=\"btnPlayPause\"> <span class=\"screen-reader-text\">Play<\/span> <\/button> <span class=\"pull-right\">4:42<\/span><\/p>\n<ol class=\"trackinfo\" start=\"2\">\n<li>N\u00b0 2 en mi b\u00e9mol majeur\/in E flat major, Op.\u00a09 N\u00b0\u00a02 &#8211; Andante<\/li>\n<\/ol>\n<p><span class=\"infoLabel\"><!-- trackinfo --> <\/span> <!-- infoLabel --><\/div>\n<div class=\"mp3Player\" data-src=\"https:\/\/s3-us-west-2.amazonaws.com\/resshop\/audio\/21nocturnes\/excerpts\/track-1-03.mp3\" data-pos=\"0\"><button class=\"btnPlayPause\"> <span class=\"screen-reader-text\">Play<\/span> <\/button> <span class=\"pull-right\">6:54<\/span><\/p>\n<ol class=\"trackinfo\" start=\"3\">\n<li>N\u00b0 3 en si majeur\/in B major, Op.\u00a09<br \/>\nN\u00b0\u00a03 &#8211; Allegretto<\/li>\n<\/ol>\n<p><span class=\"infoLabel\"><!-- trackinfo --> <\/span> <!-- infoLabel --><\/div>\n<div class=\"mp3Player\" data-src=\"https:\/\/s3-us-west-2.amazonaws.com\/resshop\/audio\/21nocturnes\/excerpts\/track-1-04.mp3\" data-pos=\"0\"><button class=\"btnPlayPause\"> <span class=\"screen-reader-text\">Play<\/span> <\/button> <span class=\"pull-right\">4:49<\/span><\/p>\n<ol class=\"trackinfo\" start=\"4\">\n<li>N\u00b0 4 en fa majeur\/in F major, Op.\u00a015 N\u00b0\u00a01 &#8211; Andante cantabile<\/li>\n<\/ol>\n<p><span class=\"infoLabel\"><!-- trackinfo --> <\/span> <!-- infoLabel --><\/div>\n<div class=\"mp3Player\" data-src=\"https:\/\/s3-us-west-2.amazonaws.com\/resshop\/audio\/21nocturnes\/excerpts\/track-1-05.mp3\" data-pos=\"0\"><button class=\"btnPlayPause\"> <span class=\"screen-reader-text\">Play<\/span> <\/button> <span class=\"pull-right\">3:48<\/span><\/p>\n<ol class=\"trackinfo\" start=\"5\">\n<li>N\u00b0 5 en fa di\u00e8se majeur\/in F sharp major, Op.\u00a015 N\u00b0\u00a02 &#8211; Larghetto<\/li>\n<\/ol>\n<p><span class=\"infoLabel\"><!-- trackinfo --> <\/span> <!-- infoLabel --><\/div>\n<div class=\"mp3Player\" data-src=\"https:\/\/s3-us-west-2.amazonaws.com\/resshop\/audio\/21nocturnes\/excerpts\/track-1-06.mp3\" data-pos=\"0\"><button class=\"btnPlayPause\"> <span class=\"screen-reader-text\">Play<\/span> <\/button> <span class=\"pull-right\">4:38<\/span><\/p>\n<ol class=\"trackinfo\" start=\"6\">\n<li>N\u00b0 6 en sol mineur\/in G minor, Op.\u00a015 N\u00b0\u00a03 &#8211; Lento<\/li>\n<\/ol>\n<p><span class=\"infoLabel\"><!-- trackinfo --> <\/span> <!-- infoLabel --><\/div>\n<div class=\"mp3Player\" data-src=\"https:\/\/s3-us-west-2.amazonaws.com\/resshop\/audio\/21nocturnes\/excerpts\/track-1-07.mp3\" data-pos=\"0\"><button class=\"btnPlayPause\"> <span class=\"screen-reader-text\">Play<\/span> <\/button> <span class=\"pull-right\">5:33<\/span><\/p>\n<ol class=\"trackinfo\" start=\"7\">\n<li>N\u00b0 7 en do di\u00e8se mineur\/in C sharp minor, Op.\u00a027 N\u00b0\u00a01 &#8211; Larghetto<\/li>\n<\/ol>\n<p><span class=\"infoLabel\"><!-- trackinfo --> <\/span> <!-- infoLabel --><\/div>\n<div class=\"mp3Player\" data-src=\"https:\/\/s3-us-west-2.amazonaws.com\/resshop\/audio\/21nocturnes\/excerpts\/track-1-08.mp3\" data-pos=\"0\"><button class=\"btnPlayPause\"> <span class=\"screen-reader-text\">Play<\/span> <\/button> <span class=\"pull-right\">6:05<\/span><\/p>\n<ol class=\"trackinfo\" start=\"8\">\n<li>N\u00b0 8 en r\u00e9 b\u00e9mol majeur\/in D flat major, Op.\u00a027 N\u00b0\u00a02 &#8211; Lento sostenuto<\/li>\n<\/ol>\n<p><span class=\"infoLabel\"><!-- trackinfo --> <\/span> <!-- infoLabel --><\/div>\n<div class=\"mp3Player\" data-src=\"https:\/\/s3-us-west-2.amazonaws.com\/resshop\/audio\/21nocturnes\/excerpts\/track-1-09.mp3\" data-pos=\"0\"><button class=\"btnPlayPause\"> <span class=\"screen-reader-text\">Play<\/span> <\/button> <span class=\"pull-right\">5:07<\/span><\/p>\n<ol class=\"trackinfo\" start=\"9\">\n<li>N\u00b0 9 en si majeur\/in B major, Op.\u00a032 N\u00b0\u00a01 &#8211; Andante sostenuto<\/li>\n<\/ol>\n<p><span class=\"infoLabel\"><!-- trackinfo --> <\/span> <!-- infoLabel --><\/div>\n<div class=\"mp3Player\" data-src=\"https:\/\/s3-us-west-2.amazonaws.com\/resshop\/audio\/21nocturnes\/excerpts\/track-1-10.mp3\" data-pos=\"0\"><button class=\"btnPlayPause\"> <span class=\"screen-reader-text\">Play<\/span> <\/button> <span class=\"pull-right\">6:07<\/span><\/p>\n<ol class=\"trackinfo\" start=\"10\">\n<li>N\u00b0 10 en la b\u00e9mol majeur\/in A flat major, Op.\u00a032 N\u00b0\u00a02 &#8211; Lento<\/li>\n<\/ol>\n<p><span class=\"infoLabel\"><!-- trackinfo --> <\/span> <!-- infoLabel --><\/div>\n<div class=\"mp3Player\" data-src=\"https:\/\/s3-us-west-2.amazonaws.com\/resshop\/audio\/21nocturnes\/excerpts\/track-1-11.mp3\" data-pos=\"0\"><button class=\"btnPlayPause\"> <span class=\"screen-reader-text\">Play<\/span> <\/button> <span class=\"pull-right\">7:41<\/span><\/p>\n<ol class=\"trackinfo\" start=\"11\">\n<li>N\u00b0 11 en sol mineur\/in G minor, Op.\u00a037 N\u00b0\u00a01 &#8211; Andante sostenuto<\/li>\n<\/ol>\n<p><span class=\"infoLabel\"><!-- trackinfo --> <\/span> <!-- infoLabel --><\/div>\n<hr class=\"total-divider\" \/>\n<div class=\"mp3Player\"><span class=\"pull-right\">1:01:59<\/span> <span class=\"infoLabel\">Dur\u00e9e CD 1<\/span><\/div>\n<hr class=\"total-divider\" \/>\n<h5 class=\"nomarginbottom rt-teaser\">CD 2<\/h5>\n<div class=\"mp3Player\" data-src=\"https:\/\/s3-us-west-2.amazonaws.com\/resshop\/audio\/21nocturnes\/excerpts\/track-2-01.mp3\" data-pos=\"0\"><button class=\"btnPlayPause\"> <span class=\"screen-reader-text\">Play<\/span> <\/button> <span class=\"pull-right\">6:21<\/span><\/p>\n<ol class=\"trackinfo\" start=\"1\">\n<li>N\u00b0 12 en sol majeur\/in G major, Op.\u00a037 N\u00b0\u00a02 &#8211; Andantino<\/li>\n<\/ol>\n<p><span class=\"infoLabel\"><!-- trackinfo --> <\/span> <!-- infoLabel --><\/div>\n<div class=\"mp3Player\" data-src=\"https:\/\/s3-us-west-2.amazonaws.com\/resshop\/audio\/21nocturnes\/excerpts\/track-2-02.mp3\" data-pos=\"0\"><button class=\"btnPlayPause\"> <span class=\"screen-reader-text\">Play<\/span> <\/button> <span class=\"pull-right\">6:40<\/span><\/p>\n<ol class=\"trackinfo\" start=\"2\">\n<li>N\u00b0 13 en do mineur\/in C minor, Op.\u00a048 N\u00b0\u00a01 &#8211; Lento<\/li>\n<\/ol>\n<p><span class=\"infoLabel\"><!-- trackinfo --> <\/span> <!-- infoLabel --><\/div>\n<div class=\"mp3Player\" data-src=\"https:\/\/s3-us-west-2.amazonaws.com\/resshop\/audio\/21nocturnes\/excerpts\/track-2-03.mp3\" data-pos=\"0\"><button class=\"btnPlayPause\"> <span class=\"screen-reader-text\">Play<\/span> <\/button> <span class=\"pull-right\">7:24<\/span><\/p>\n<ol class=\"trackinfo\" start=\"3\">\n<li>N\u00b0 14 en fa di\u00e8se mineur\/in F sharp minor, Op.\u00a048 N\u00b0\u00a02 &#8211; Andantino<\/li>\n<\/ol>\n<p><span class=\"infoLabel\"><!-- trackinfo --> <\/span> <!-- infoLabel --><\/div>\n<div class=\"mp3Player\" data-src=\"https:\/\/s3-us-west-2.amazonaws.com\/resshop\/audio\/21nocturnes\/excerpts\/track-2-04.mp3\" data-pos=\"0\"><button class=\"btnPlayPause\"> <span class=\"screen-reader-text\">Play<\/span> <\/button> <span class=\"pull-right\">5:25<\/span><\/p>\n<ol class=\"trackinfo\" start=\"4\">\n<li>N\u00b0 15 en fa mineur\/in F minor, Op.\u00a055 N\u00b0\u00a01 &#8211; Andante<\/li>\n<\/ol>\n<p><span class=\"infoLabel\"><!-- trackinfo --> <\/span> <!-- infoLabel --><\/div>\n<div class=\"mp3Player\" data-src=\"https:\/\/s3-us-west-2.amazonaws.com\/resshop\/audio\/21nocturnes\/excerpts\/track-2-05.mp3\" data-pos=\"0\"><button class=\"btnPlayPause\"> <span class=\"screen-reader-text\">Play<\/span> <\/button> <span class=\"pull-right\">4:52<\/span><\/p>\n<ol class=\"trackinfo\" start=\"5\">\n<li>N\u00b0 16 en mi b\u00e9mol majeur\/in E flat major, Op.\u00a055 N\u00b0\u00a02 &#8211; Lento sostenuto<\/li>\n<\/ol>\n<p><span class=\"infoLabel\"><!-- trackinfo --> <\/span> <!-- infoLabel --><\/div>\n<div class=\"mp3Player\" data-src=\"https:\/\/s3-us-west-2.amazonaws.com\/resshop\/audio\/21nocturnes\/excerpts\/track-2-06.mp3\" data-pos=\"0\"><button class=\"btnPlayPause\"> <span class=\"screen-reader-text\">Play<\/span> <\/button> <span class=\"pull-right\">7:45<\/span><\/p>\n<ol class=\"trackinfo\" start=\"6\">\n<li>N\u00b0 17 en si majeur\/in B major, Op.\u00a062 N\u00b0\u00a01 &#8211; Andante<\/li>\n<\/ol>\n<p><span class=\"infoLabel\"><!-- trackinfo --> <\/span> <!-- infoLabel --><\/div>\n<div class=\"mp3Player\" data-src=\"https:\/\/s3-us-west-2.amazonaws.com\/resshop\/audio\/21nocturnes\/excerpts\/track-2-07.mp3\" data-pos=\"0\"><button class=\"btnPlayPause\"> <span class=\"screen-reader-text\">Play<\/span> <\/button> <span class=\"pull-right\">6:18<\/span><\/p>\n<ol class=\"trackinfo\" start=\"7\">\n<li>N\u00b0 18 en mi majeur\/in E major, Op.\u00a062 N\u00b0\u00a02 &#8211; Lento<\/li>\n<\/ol>\n<p><span class=\"infoLabel\"><!-- trackinfo --> <\/span> <!-- infoLabel --><\/div>\n<div class=\"mp3Player\" data-src=\"https:\/\/s3-us-west-2.amazonaws.com\/resshop\/audio\/21nocturnes\/excerpts\/track-2-08.mp3\" data-pos=\"0\"><button class=\"btnPlayPause\"> <span class=\"screen-reader-text\">Play<\/span> <\/button> <span class=\"pull-right\">4:42<\/span><\/p>\n<ol class=\"trackinfo\" start=\"8\">\n<li>N\u00b0 19 en mi mineur\/in E minor, Op.\u00a0Op.\u00a0posth. 72 N\u00b0\u00a01 &#8211; Andante<\/li>\n<\/ol>\n<p><span class=\"infoLabel\"><!-- trackinfo --> <\/span> <!-- infoLabel --><\/div>\n<div class=\"mp3Player\" data-src=\"https:\/\/s3-us-west-2.amazonaws.com\/resshop\/audio\/21nocturnes\/excerpts\/track-2-09.mp3\" data-pos=\"0\"><button class=\"btnPlayPause\"> <span class=\"screen-reader-text\">Play<\/span> <\/button> <span class=\"pull-right\">4:48<\/span><\/p>\n<ol class=\"trackinfo\" start=\"9\">\n<li>N\u00b0 20 en do di\u00e8se mineur\/in C sharp minor, Op.\u00a0posth. 1 N\u00b0\u00a016, B.\u00a049 &#8211; Lento con gran espressione<\/li>\n<\/ol>\n<p><span class=\"infoLabel\"><!-- trackinfo --> <\/span> <!-- infoLabel --><\/div>\n<div class=\"mp3Player\" data-src=\"https:\/\/s3-us-west-2.amazonaws.com\/resshop\/audio\/21nocturnes\/excerpts\/track-2-10.mp3\" data-pos=\"0\"><button class=\"btnPlayPause\"> <span class=\"screen-reader-text\">Play<\/span> <\/button> <span class=\"pull-right\">3:03<\/span><\/p>\n<ol class=\"trackinfo\" start=\"10\">\n<li>N\u00b0 21 en do mineur\/in C minor, Op.\u00a0posth. 2 N\u00b0\u00a08, B.\u00a0108 &#8211; Andante sostenuto<\/li>\n<\/ol>\n<p><span class=\"infoLabel\"><!-- trackinfo --> <\/span> <!-- infoLabel --><\/div>\n<hr class=\"total-divider\" \/>\n<div class=\"mp3Player\"><span class=\"pull-right\">57:18<\/span> <span class=\"infoLabel\">Dur\u00e9e CD 2<\/span><\/div>\n<hr class=\"total-divider\" \/>\n<div class=\"mp3Player\"><span class=\"pull-right\">1:59:17<\/span> <span class=\"infoLabel\">Dur\u00e9e totale<\/span><\/div>\n<\/div>\n<p><!-- tracks --><\/p>\n","protected":false},"excerpt":{"rendered":"<p>Fr\u00e9d\u00e9ric Chopin : 21 Nocturnes Elizabeth Sombart, pianiste Fr\u00e9d\u00e9ric Chopin (1810-1849) CD 1 Play 6:35 N\u00b0 1 en si b\u00e9mol mineur\/in B flat minor, Op.\u00a09 N\u00b0\u00a01 &#8211; Larghetto Play 4:42 N\u00b0 2 en mi b\u00e9mol majeur\/in E flat major, Op.\u00a09 N\u00b0\u00a02 &#8211; Andante Play 6:54 N\u00b0 3 en si majeur\/in B major, Op.\u00a09 N\u00b0\u00a03 &#8211; [&hellip;]<\/p>\n","protected":false},"featured_media":6223,"comment_status":"open","ping_status":"closed","template":"","meta":{"_acf_changed":false},"product_brand":[],"product_cat":[48,50],"product_tag":[],"class_list":{"0":"post-6345","1":"product","2":"type-product","3":"status-publish","4":"has-post-thumbnail","6":"product_cat-cd","7":"product_cat-elizabeth-sombart","10":"first","11":"instock","12":"shipping-taxable","13":"purchasable","14":"product-type-simple"},"acf":[],"yoast_head":"<!-- This site is optimized with the Yoast SEO plugin v23.9 - https:\/\/yoast.com\/wordpress\/plugins\/seo\/ -->\n<title>Fr\u00e9d\u00e9ric Chopin - 21 Nocturnes - La Boutique<\/title>\n<meta name=\"robots\" content=\"index, follow, max-snippet:-1, max-image-preview:large, max-video-preview:-1\" \/>\n<link rel=\"canonical\" href=\"https:\/\/www.resonnance.org\/shop\/produit\/frederic-chopin-21-nocturnes\/\" \/>\n<meta property=\"og:locale\" content=\"fr_FR\" \/>\n<meta property=\"og:type\" content=\"article\" \/>\n<meta property=\"og:title\" content=\"Fr\u00e9d\u00e9ric Chopin - 21 Nocturnes - La Boutique\" \/>\n<meta property=\"og:description\" content=\"Fr\u00e9d\u00e9ric Chopin : 21 Nocturnes Elizabeth Sombart, pianiste Fr\u00e9d\u00e9ric Chopin (1810-1849) CD 1 Play 6:35 N\u00b0 1 en si b\u00e9mol mineur\/in B flat minor, Op.\u00a09 N\u00b0\u00a01 &#8211; Larghetto Play 4:42 N\u00b0 2 en mi b\u00e9mol majeur\/in E flat major, Op.\u00a09 N\u00b0\u00a02 &#8211; Andante Play 6:54 N\u00b0 3 en si majeur\/in B major, Op.\u00a09 N\u00b0\u00a03 &#8211; [&hellip;]\" \/>\n<meta property=\"og:url\" content=\"https:\/\/www.resonnance.org\/shop\/produit\/frederic-chopin-21-nocturnes\/\" \/>\n<meta property=\"og:site_name\" content=\"La Boutique\" \/>\n<meta property=\"article:modified_time\" content=\"2016-11-25T20:54:30+00:00\" \/>\n<meta property=\"og:image\" content=\"https:\/\/www.resonnance.org\/shop\/wp-content\/uploads\/sites\/19\/2016\/11\/front-lg-1.jpg\" \/>\n\t<meta property=\"og:image:width\" content=\"230\" \/>\n\t<meta property=\"og:image:height\" content=\"230\" \/>\n\t<meta property=\"og:image:type\" content=\"image\/jpeg\" \/>\n<meta name=\"twitter:card\" content=\"summary_large_image\" \/>\n<meta name=\"twitter:label1\" content=\"Dur\u00e9e de lecture estim\u00e9e\" \/>\n\t<meta name=\"twitter:data1\" content=\"2 minutes\" \/>\n<script type=\"application\/ld+json\" class=\"yoast-schema-graph\">{\"@context\":\"https:\/\/schema.org\",\"@graph\":[{\"@type\":\"WebPage\",\"@id\":\"https:\/\/www.resonnance.org\/shop\/produit\/frederic-chopin-21-nocturnes\/\",\"url\":\"https:\/\/www.resonnance.org\/shop\/produit\/frederic-chopin-21-nocturnes\/\",\"name\":\"Fr\u00e9d\u00e9ric Chopin - 21 Nocturnes - La Boutique\",\"isPartOf\":{\"@id\":\"https:\/\/www.resonnance.org\/shop\/#website\"},\"primaryImageOfPage\":{\"@id\":\"https:\/\/www.resonnance.org\/shop\/produit\/frederic-chopin-21-nocturnes\/#primaryimage\"},\"image\":{\"@id\":\"https:\/\/www.resonnance.org\/shop\/produit\/frederic-chopin-21-nocturnes\/#primaryimage\"},\"thumbnailUrl\":\"http:\/\/www.resonnance.org\/shop\/wp-content\/uploads\/sites\/19\/2016\/11\/front-lg-1.jpg\",\"datePublished\":\"2016-11-22T17:20:58+00:00\",\"dateModified\":\"2016-11-25T20:54:30+00:00\",\"breadcrumb\":{\"@id\":\"https:\/\/www.resonnance.org\/shop\/produit\/frederic-chopin-21-nocturnes\/#breadcrumb\"},\"inLanguage\":\"fr-FR\",\"potentialAction\":[{\"@type\":\"ReadAction\",\"target\":[\"https:\/\/www.resonnance.org\/shop\/produit\/frederic-chopin-21-nocturnes\/\"]}]},{\"@type\":\"ImageObject\",\"inLanguage\":\"fr-FR\",\"@id\":\"https:\/\/www.resonnance.org\/shop\/produit\/frederic-chopin-21-nocturnes\/#primaryimage\",\"url\":\"http:\/\/www.resonnance.org\/shop\/wp-content\/uploads\/sites\/19\/2016\/11\/front-lg-1.jpg\",\"contentUrl\":\"http:\/\/www.resonnance.org\/shop\/wp-content\/uploads\/sites\/19\/2016\/11\/front-lg-1.jpg\",\"width\":230,\"height\":230,\"caption\":\"Fr\u00e9d\u00e9ric Chopin - 21 Nocturnes\"},{\"@type\":\"BreadcrumbList\",\"@id\":\"https:\/\/www.resonnance.org\/shop\/produit\/frederic-chopin-21-nocturnes\/#breadcrumb\",\"itemListElement\":[{\"@type\":\"ListItem\",\"position\":1,\"name\":\"Accueil\",\"item\":\"https:\/\/www.resonnance.org\/shop\/\"},{\"@type\":\"ListItem\",\"position\":2,\"name\":\"Boutique\",\"item\":\"https:\/\/www.resonnance.org\/shop\/\"},{\"@type\":\"ListItem\",\"position\":3,\"name\":\"Fr\u00e9d\u00e9ric Chopin &#8211; 21 Nocturnes\"}]},{\"@type\":\"WebSite\",\"@id\":\"https:\/\/www.resonnance.org\/shop\/#website\",\"url\":\"https:\/\/www.resonnance.org\/shop\/\",\"name\":\"La Boutique\",\"description\":\"La boutique R\u00e9sonnance\",\"potentialAction\":[{\"@type\":\"SearchAction\",\"target\":{\"@type\":\"EntryPoint\",\"urlTemplate\":\"https:\/\/www.resonnance.org\/shop\/?s={search_term_string}\"},\"query-input\":{\"@type\":\"PropertyValueSpecification\",\"valueRequired\":true,\"valueName\":\"search_term_string\"}}],\"inLanguage\":\"fr-FR\"}]}<\/script>\n<!-- \/ Yoast SEO plugin. -->","yoast_head_json":{"title":"Fr\u00e9d\u00e9ric Chopin - 21 Nocturnes - La Boutique","robots":{"index":"index","follow":"follow","max-snippet":"max-snippet:-1","max-image-preview":"max-image-preview:large","max-video-preview":"max-video-preview:-1"},"canonical":"https:\/\/www.resonnance.org\/shop\/produit\/frederic-chopin-21-nocturnes\/","og_locale":"fr_FR","og_type":"article","og_title":"Fr\u00e9d\u00e9ric Chopin - 21 Nocturnes - La Boutique","og_description":"Fr\u00e9d\u00e9ric Chopin : 21 Nocturnes Elizabeth Sombart, pianiste Fr\u00e9d\u00e9ric Chopin (1810-1849) CD 1 Play 6:35 N\u00b0 1 en si b\u00e9mol mineur\/in B flat minor, Op.\u00a09 N\u00b0\u00a01 &#8211; Larghetto Play 4:42 N\u00b0 2 en mi b\u00e9mol majeur\/in E flat major, Op.\u00a09 N\u00b0\u00a02 &#8211; Andante Play 6:54 N\u00b0 3 en si majeur\/in B major, Op.\u00a09 N\u00b0\u00a03 &#8211; [&hellip;]","og_url":"https:\/\/www.resonnance.org\/shop\/produit\/frederic-chopin-21-nocturnes\/","og_site_name":"La Boutique","article_modified_time":"2016-11-25T20:54:30+00:00","og_image":[{"width":230,"height":230,"url":"https:\/\/www.resonnance.org\/shop\/wp-content\/uploads\/sites\/19\/2016\/11\/front-lg-1.jpg","type":"image\/jpeg"}],"twitter_card":"summary_large_image","twitter_misc":{"Dur\u00e9e de lecture estim\u00e9e":"2 minutes"},"schema":{"@context":"https:\/\/schema.org","@graph":[{"@type":"WebPage","@id":"https:\/\/www.resonnance.org\/shop\/produit\/frederic-chopin-21-nocturnes\/","url":"https:\/\/www.resonnance.org\/shop\/produit\/frederic-chopin-21-nocturnes\/","name":"Fr\u00e9d\u00e9ric Chopin - 21 Nocturnes - La Boutique","isPartOf":{"@id":"https:\/\/www.resonnance.org\/shop\/#website"},"primaryImageOfPage":{"@id":"https:\/\/www.resonnance.org\/shop\/produit\/frederic-chopin-21-nocturnes\/#primaryimage"},"image":{"@id":"https:\/\/www.resonnance.org\/shop\/produit\/frederic-chopin-21-nocturnes\/#primaryimage"},"thumbnailUrl":"http:\/\/www.resonnance.org\/shop\/wp-content\/uploads\/sites\/19\/2016\/11\/front-lg-1.jpg","datePublished":"2016-11-22T17:20:58+00:00","dateModified":"2016-11-25T20:54:30+00:00","breadcrumb":{"@id":"https:\/\/www.resonnance.org\/shop\/produit\/frederic-chopin-21-nocturnes\/#breadcrumb"},"inLanguage":"fr-FR","potentialAction":[{"@type":"ReadAction","target":["https:\/\/www.resonnance.org\/shop\/produit\/frederic-chopin-21-nocturnes\/"]}]},{"@type":"ImageObject","inLanguage":"fr-FR","@id":"https:\/\/www.resonnance.org\/shop\/produit\/frederic-chopin-21-nocturnes\/#primaryimage","url":"http:\/\/www.resonnance.org\/shop\/wp-content\/uploads\/sites\/19\/2016\/11\/front-lg-1.jpg","contentUrl":"http:\/\/www.resonnance.org\/shop\/wp-content\/uploads\/sites\/19\/2016\/11\/front-lg-1.jpg","width":230,"height":230,"caption":"Fr\u00e9d\u00e9ric Chopin - 21 Nocturnes"},{"@type":"BreadcrumbList","@id":"https:\/\/www.resonnance.org\/shop\/produit\/frederic-chopin-21-nocturnes\/#breadcrumb","itemListElement":[{"@type":"ListItem","position":1,"name":"Accueil","item":"https:\/\/www.resonnance.org\/shop\/"},{"@type":"ListItem","position":2,"name":"Boutique","item":"https:\/\/www.resonnance.org\/shop\/"},{"@type":"ListItem","position":3,"name":"Fr\u00e9d\u00e9ric Chopin &#8211; 21 Nocturnes"}]},{"@type":"WebSite","@id":"https:\/\/www.resonnance.org\/shop\/#website","url":"https:\/\/www.resonnance.org\/shop\/","name":"La Boutique","description":"La boutique R\u00e9sonnance","potentialAction":[{"@type":"SearchAction","target":{"@type":"EntryPoint","urlTemplate":"https:\/\/www.resonnance.org\/shop\/?s={search_term_string}"},"query-input":{"@type":"PropertyValueSpecification","valueRequired":true,"valueName":"search_term_string"}}],"inLanguage":"fr-FR"}]}},"_links":{"self":[{"href":"http:\/\/www.resonnance.org\/shop\/wp-json\/wp\/v2\/product\/6345","targetHints":{"allow":["GET"]}}],"collection":[{"href":"http:\/\/www.resonnance.org\/shop\/wp-json\/wp\/v2\/product"}],"about":[{"href":"http:\/\/www.resonnance.org\/shop\/wp-json\/wp\/v2\/types\/product"}],"replies":[{"embeddable":true,"href":"http:\/\/www.resonnance.org\/shop\/wp-json\/wp\/v2\/comments?post=6345"}],"wp:featuredmedia":[{"embeddable":true,"href":"http:\/\/www.resonnance.org\/shop\/wp-json\/wp\/v2\/media\/6223"}],"wp:attachment":[{"href":"http:\/\/www.resonnance.org\/shop\/wp-json\/wp\/v2\/media?parent=6345"}],"wp:term":[{"taxonomy":"product_brand","embeddable":true,"href":"http:\/\/www.resonnance.org\/shop\/wp-json\/wp\/v2\/product_brand?post=6345"},{"taxonomy":"product_cat","embeddable":true,"href":"http:\/\/www.resonnance.org\/shop\/wp-json\/wp\/v2\/product_cat?post=6345"},{"taxonomy":"product_tag","embeddable":true,"href":"http:\/\/www.resonnance.org\/shop\/wp-json\/wp\/v2\/product_tag?post=6345"}],"curies":[{"name":"wp","href":"https:\/\/api.w.org\/{rel}","templated":true}]}}