{"id":6343,"date":"2016-11-22T18:18:23","date_gmt":"2016-11-22T17:18:23","guid":{"rendered":"https:\/\/www.resonnance.org\/shop\/?post_type=product&#038;p=6343"},"modified":"2016-11-25T21:56:59","modified_gmt":"2016-11-25T20:56:59","slug":"franz-schubert-sonate-et-klavierstuck","status":"publish","type":"product","link":"http:\/\/www.resonnance.org\/shop\/produit\/franz-schubert-sonate-et-klavierstuck\/","title":{"rendered":"Franz Schubert &#8211; Sonate et Klavierst\u00fcck"},"content":{"rendered":"<h5 class=\"uppercase white\">Franz Schubert &#8211; Sonate et Klavierst\u00fcck<\/h5>\n<p class=\"nomarginbottom\">Elizabeth Sombart, pianiste<br \/>\nFranz Schubert (1797-1828)<\/p>\n<div class=\"tracks\">\n<hr class=\"total-divider\" \/><audio id=\"localAudio\"><\/audio> <!-- localAudio --><\/p>\n<p class=\"nomarginbottom rt-teaser\">Sonate N\u00b0 21 en si b\u00e9mol majeur, D\u00a0960<\/p>\n<div class=\"mp3Player\" data-src=\"https:\/\/s3-us-west-2.amazonaws.com\/resshop\/audio\/sonateetklav\/excerpts\/track-01.mp3\" data-pos=\"0\"><button class=\"btnPlayPause\"><span class=\"screen-reader-text\">Play<\/span><\/button> <span class=\"pull-right\">17:46<\/span><\/p>\n<ol class=\"trackinfo\" start=\"1\">\n<li>1er mouvement &#8211; Molto moderato<\/li>\n<\/ol>\n<p><!-- infoLabel --><\/div>\n<div class=\"mp3Player\" data-src=\"https:\/\/s3-us-west-2.amazonaws.com\/resshop\/audio\/sonateetklav\/excerpts\/track-02.mp3\" data-pos=\"0\"><button class=\"btnPlayPause\"><span class=\"screen-reader-text\">Play<\/span><\/button> <span class=\"pull-right\">11:00<\/span><\/p>\n<ol class=\"trackinfo\" start=\"2\">\n<li>2\u00e8me mouvement &#8211; Andante sostenuto<\/li>\n<\/ol>\n<p><!-- infoLabel --><\/div>\n<div class=\"mp3Player\" data-src=\"https:\/\/s3-us-west-2.amazonaws.com\/resshop\/audio\/sonateetklav\/excerpts\/track-03.mp3\" data-pos=\"0\"><button class=\"btnPlayPause\"><span class=\"screen-reader-text\">Play<\/span><\/button> <span class=\"pull-right\">3:25<\/span><\/p>\n<ol class=\"trackinfo\" start=\"3\">\n<li>3\u00e8me mouvement &#8211; Scherzo &#8211; Allegro vivace con delicatezza<\/li>\n<\/ol>\n<p><!-- infoLabel --><\/div>\n<div class=\"mp3Player\" data-src=\"https:\/\/s3-us-west-2.amazonaws.com\/resshop\/audio\/sonateetklav\/excerpts\/track-04.mp3\" data-pos=\"0\"><button class=\"btnPlayPause\"><span class=\"screen-reader-text\">Play<\/span><\/button> <span class=\"pull-right\">9:17<\/span><\/p>\n<ol class=\"trackinfo\" start=\"4\">\n<li>4\u00e8me mouvement &#8211; Allegro ma non troppo<\/li>\n<\/ol>\n<p><!-- infoLabel --><\/p>\n<hr class=\"total-divider\" \/><\/div>\n<div class=\"mp3Player\" data-src=\"https:\/\/s3-us-west-2.amazonaws.com\/resshop\/audio\/sonateetklav\/excerpts\/track-05.mp3\" data-pos=\"0\"><button class=\"btnPlayPause\"><span class=\"screen-reader-text\">Play<\/span><\/button> <span class=\"pull-right\">10:58<\/span><\/p>\n<ol class=\"trackinfo\" start=\"5\">\n<li>Klavierst\u00fcck N\u00b0 2 en mi b\u00e9mol majeur, D\u00a0946 &#8211; Allegro<\/li>\n<\/ol>\n<p><!-- infoLabel --><\/div>\n<hr class=\"total-divider\" \/>\n<div class=\"mp3Player\"><span class=\"pull-right\">52:26<\/span> <span class=\"infoLabel\">Dur\u00e9e totale<\/span><\/div>\n<\/div>\n<p><!-- tracks --><\/p>\n","protected":false},"excerpt":{"rendered":"<p>Franz Schubert &#8211; Sonate et Klavierst\u00fcck Elizabeth Sombart, pianiste Franz Schubert (1797-1828) Sonate N\u00b0 21 en si b\u00e9mol majeur, D\u00a0960 Play 17:46 1er mouvement &#8211; Molto moderato Play 11:00 2\u00e8me mouvement &#8211; Andante sostenuto Play 3:25 3\u00e8me mouvement &#8211; Scherzo &#8211; Allegro vivace con delicatezza Play 9:17 4\u00e8me mouvement &#8211; Allegro ma non troppo Play [&hellip;]<\/p>\n","protected":false},"featured_media":6233,"comment_status":"open","ping_status":"closed","template":"","meta":{"_acf_changed":false},"product_brand":[],"product_cat":[48,50],"product_tag":[],"class_list":{"0":"post-6343","1":"product","2":"type-product","3":"status-publish","4":"has-post-thumbnail","6":"product_cat-cd","7":"product_cat-elizabeth-sombart","10":"first","11":"instock","12":"shipping-taxable","13":"purchasable","14":"product-type-simple"},"acf":[],"yoast_head":"<!-- This site is optimized with the Yoast SEO plugin v23.9 - https:\/\/yoast.com\/wordpress\/plugins\/seo\/ -->\n<title>Franz Schubert - Sonate et Klavierst\u00fcck - La Boutique<\/title>\n<meta name=\"robots\" content=\"index, follow, max-snippet:-1, max-image-preview:large, max-video-preview:-1\" \/>\n<link rel=\"canonical\" href=\"http:\/\/www.resonnance.org\/shop\/produit\/franz-schubert-sonate-et-klavierstuck\/\" \/>\n<meta property=\"og:locale\" content=\"fr_FR\" \/>\n<meta property=\"og:type\" content=\"article\" \/>\n<meta property=\"og:title\" content=\"Franz Schubert - Sonate et Klavierst\u00fcck - La Boutique\" \/>\n<meta property=\"og:description\" content=\"Franz Schubert &#8211; Sonate et Klavierst\u00fcck Elizabeth Sombart, pianiste Franz Schubert (1797-1828) Sonate N\u00b0 21 en si b\u00e9mol majeur, D\u00a0960 Play 17:46 1er mouvement &#8211; Molto moderato Play 11:00 2\u00e8me mouvement &#8211; Andante sostenuto Play 3:25 3\u00e8me mouvement &#8211; Scherzo &#8211; Allegro vivace con delicatezza Play 9:17 4\u00e8me mouvement &#8211; Allegro ma non troppo Play [&hellip;]\" \/>\n<meta property=\"og:url\" content=\"http:\/\/www.resonnance.org\/shop\/produit\/franz-schubert-sonate-et-klavierstuck\/\" \/>\n<meta property=\"og:site_name\" content=\"La Boutique\" \/>\n<meta property=\"article:modified_time\" content=\"2016-11-25T20:56:59+00:00\" \/>\n<meta property=\"og:image\" content=\"http:\/\/www.resonnance.org\/shop\/wp-content\/uploads\/sites\/19\/2016\/11\/front-lg-7.jpg\" \/>\n\t<meta property=\"og:image:width\" content=\"230\" \/>\n\t<meta property=\"og:image:height\" content=\"230\" \/>\n\t<meta property=\"og:image:type\" content=\"image\/jpeg\" \/>\n<meta name=\"twitter:card\" content=\"summary_large_image\" \/>\n<script type=\"application\/ld+json\" class=\"yoast-schema-graph\">{\"@context\":\"https:\/\/schema.org\",\"@graph\":[{\"@type\":\"WebPage\",\"@id\":\"http:\/\/www.resonnance.org\/shop\/produit\/franz-schubert-sonate-et-klavierstuck\/\",\"url\":\"http:\/\/www.resonnance.org\/shop\/produit\/franz-schubert-sonate-et-klavierstuck\/\",\"name\":\"Franz Schubert - Sonate et Klavierst\u00fcck - La Boutique\",\"isPartOf\":{\"@id\":\"https:\/\/www.resonnance.org\/shop\/#website\"},\"primaryImageOfPage\":{\"@id\":\"http:\/\/www.resonnance.org\/shop\/produit\/franz-schubert-sonate-et-klavierstuck\/#primaryimage\"},\"image\":{\"@id\":\"http:\/\/www.resonnance.org\/shop\/produit\/franz-schubert-sonate-et-klavierstuck\/#primaryimage\"},\"thumbnailUrl\":\"http:\/\/www.resonnance.org\/shop\/wp-content\/uploads\/sites\/19\/2016\/11\/front-lg-7.jpg\",\"datePublished\":\"2016-11-22T17:18:23+00:00\",\"dateModified\":\"2016-11-25T20:56:59+00:00\",\"breadcrumb\":{\"@id\":\"http:\/\/www.resonnance.org\/shop\/produit\/franz-schubert-sonate-et-klavierstuck\/#breadcrumb\"},\"inLanguage\":\"fr-FR\",\"potentialAction\":[{\"@type\":\"ReadAction\",\"target\":[\"http:\/\/www.resonnance.org\/shop\/produit\/franz-schubert-sonate-et-klavierstuck\/\"]}]},{\"@type\":\"ImageObject\",\"inLanguage\":\"fr-FR\",\"@id\":\"http:\/\/www.resonnance.org\/shop\/produit\/franz-schubert-sonate-et-klavierstuck\/#primaryimage\",\"url\":\"http:\/\/www.resonnance.org\/shop\/wp-content\/uploads\/sites\/19\/2016\/11\/front-lg-7.jpg\",\"contentUrl\":\"http:\/\/www.resonnance.org\/shop\/wp-content\/uploads\/sites\/19\/2016\/11\/front-lg-7.jpg\",\"width\":230,\"height\":230,\"caption\":\"Franz Schubert - Sonate et Klavierst\u00fcck\"},{\"@type\":\"BreadcrumbList\",\"@id\":\"http:\/\/www.resonnance.org\/shop\/produit\/franz-schubert-sonate-et-klavierstuck\/#breadcrumb\",\"itemListElement\":[{\"@type\":\"ListItem\",\"position\":1,\"name\":\"Accueil\",\"item\":\"https:\/\/www.resonnance.org\/shop\/\"},{\"@type\":\"ListItem\",\"position\":2,\"name\":\"Boutique\",\"item\":\"https:\/\/www.resonnance.org\/shop\/\"},{\"@type\":\"ListItem\",\"position\":3,\"name\":\"Franz Schubert &#8211; Sonate et Klavierst\u00fcck\"}]},{\"@type\":\"WebSite\",\"@id\":\"https:\/\/www.resonnance.org\/shop\/#website\",\"url\":\"https:\/\/www.resonnance.org\/shop\/\",\"name\":\"La Boutique\",\"description\":\"La boutique R\u00e9sonnance\",\"potentialAction\":[{\"@type\":\"SearchAction\",\"target\":{\"@type\":\"EntryPoint\",\"urlTemplate\":\"https:\/\/www.resonnance.org\/shop\/?s={search_term_string}\"},\"query-input\":{\"@type\":\"PropertyValueSpecification\",\"valueRequired\":true,\"valueName\":\"search_term_string\"}}],\"inLanguage\":\"fr-FR\"}]}<\/script>\n<!-- \/ Yoast SEO plugin. -->","yoast_head_json":{"title":"Franz Schubert - Sonate et Klavierst\u00fcck - La Boutique","robots":{"index":"index","follow":"follow","max-snippet":"max-snippet:-1","max-image-preview":"max-image-preview:large","max-video-preview":"max-video-preview:-1"},"canonical":"http:\/\/www.resonnance.org\/shop\/produit\/franz-schubert-sonate-et-klavierstuck\/","og_locale":"fr_FR","og_type":"article","og_title":"Franz Schubert - Sonate et Klavierst\u00fcck - La Boutique","og_description":"Franz Schubert &#8211; Sonate et Klavierst\u00fcck Elizabeth Sombart, pianiste Franz Schubert (1797-1828) Sonate N\u00b0 21 en si b\u00e9mol majeur, D\u00a0960 Play 17:46 1er mouvement &#8211; Molto moderato Play 11:00 2\u00e8me mouvement &#8211; Andante sostenuto Play 3:25 3\u00e8me mouvement &#8211; Scherzo &#8211; Allegro vivace con delicatezza Play 9:17 4\u00e8me mouvement &#8211; Allegro ma non troppo Play [&hellip;]","og_url":"http:\/\/www.resonnance.org\/shop\/produit\/franz-schubert-sonate-et-klavierstuck\/","og_site_name":"La Boutique","article_modified_time":"2016-11-25T20:56:59+00:00","og_image":[{"width":230,"height":230,"url":"http:\/\/www.resonnance.org\/shop\/wp-content\/uploads\/sites\/19\/2016\/11\/front-lg-7.jpg","type":"image\/jpeg"}],"twitter_card":"summary_large_image","schema":{"@context":"https:\/\/schema.org","@graph":[{"@type":"WebPage","@id":"http:\/\/www.resonnance.org\/shop\/produit\/franz-schubert-sonate-et-klavierstuck\/","url":"http:\/\/www.resonnance.org\/shop\/produit\/franz-schubert-sonate-et-klavierstuck\/","name":"Franz Schubert - Sonate et Klavierst\u00fcck - La Boutique","isPartOf":{"@id":"https:\/\/www.resonnance.org\/shop\/#website"},"primaryImageOfPage":{"@id":"http:\/\/www.resonnance.org\/shop\/produit\/franz-schubert-sonate-et-klavierstuck\/#primaryimage"},"image":{"@id":"http:\/\/www.resonnance.org\/shop\/produit\/franz-schubert-sonate-et-klavierstuck\/#primaryimage"},"thumbnailUrl":"http:\/\/www.resonnance.org\/shop\/wp-content\/uploads\/sites\/19\/2016\/11\/front-lg-7.jpg","datePublished":"2016-11-22T17:18:23+00:00","dateModified":"2016-11-25T20:56:59+00:00","breadcrumb":{"@id":"http:\/\/www.resonnance.org\/shop\/produit\/franz-schubert-sonate-et-klavierstuck\/#breadcrumb"},"inLanguage":"fr-FR","potentialAction":[{"@type":"ReadAction","target":["http:\/\/www.resonnance.org\/shop\/produit\/franz-schubert-sonate-et-klavierstuck\/"]}]},{"@type":"ImageObject","inLanguage":"fr-FR","@id":"http:\/\/www.resonnance.org\/shop\/produit\/franz-schubert-sonate-et-klavierstuck\/#primaryimage","url":"http:\/\/www.resonnance.org\/shop\/wp-content\/uploads\/sites\/19\/2016\/11\/front-lg-7.jpg","contentUrl":"http:\/\/www.resonnance.org\/shop\/wp-content\/uploads\/sites\/19\/2016\/11\/front-lg-7.jpg","width":230,"height":230,"caption":"Franz Schubert - Sonate et Klavierst\u00fcck"},{"@type":"BreadcrumbList","@id":"http:\/\/www.resonnance.org\/shop\/produit\/franz-schubert-sonate-et-klavierstuck\/#breadcrumb","itemListElement":[{"@type":"ListItem","position":1,"name":"Accueil","item":"https:\/\/www.resonnance.org\/shop\/"},{"@type":"ListItem","position":2,"name":"Boutique","item":"https:\/\/www.resonnance.org\/shop\/"},{"@type":"ListItem","position":3,"name":"Franz Schubert &#8211; Sonate et Klavierst\u00fcck"}]},{"@type":"WebSite","@id":"https:\/\/www.resonnance.org\/shop\/#website","url":"https:\/\/www.resonnance.org\/shop\/","name":"La Boutique","description":"La boutique R\u00e9sonnance","potentialAction":[{"@type":"SearchAction","target":{"@type":"EntryPoint","urlTemplate":"https:\/\/www.resonnance.org\/shop\/?s={search_term_string}"},"query-input":{"@type":"PropertyValueSpecification","valueRequired":true,"valueName":"search_term_string"}}],"inLanguage":"fr-FR"}]}},"_links":{"self":[{"href":"http:\/\/www.resonnance.org\/shop\/wp-json\/wp\/v2\/product\/6343","targetHints":{"allow":["GET"]}}],"collection":[{"href":"http:\/\/www.resonnance.org\/shop\/wp-json\/wp\/v2\/product"}],"about":[{"href":"http:\/\/www.resonnance.org\/shop\/wp-json\/wp\/v2\/types\/product"}],"replies":[{"embeddable":true,"href":"http:\/\/www.resonnance.org\/shop\/wp-json\/wp\/v2\/comments?post=6343"}],"wp:featuredmedia":[{"embeddable":true,"href":"http:\/\/www.resonnance.org\/shop\/wp-json\/wp\/v2\/media\/6233"}],"wp:attachment":[{"href":"http:\/\/www.resonnance.org\/shop\/wp-json\/wp\/v2\/media?parent=6343"}],"wp:term":[{"taxonomy":"product_brand","embeddable":true,"href":"http:\/\/www.resonnance.org\/shop\/wp-json\/wp\/v2\/product_brand?post=6343"},{"taxonomy":"product_cat","embeddable":true,"href":"http:\/\/www.resonnance.org\/shop\/wp-json\/wp\/v2\/product_cat?post=6343"},{"taxonomy":"product_tag","embeddable":true,"href":"http:\/\/www.resonnance.org\/shop\/wp-json\/wp\/v2\/product_tag?post=6343"}],"curies":[{"name":"wp","href":"https:\/\/api.w.org\/{rel}","templated":true}]}}