{"id":6322,"date":"2016-11-22T17:30:46","date_gmt":"2016-11-22T16:30:46","guid":{"rendered":"https:\/\/www.resonnance.org\/shop\/?post_type=product&#038;p=6322"},"modified":"2016-11-25T22:52:13","modified_gmt":"2016-11-25T21:52:13","slug":"piano-et-resonances-op-1-cahier-n-5","status":"publish","type":"product","link":"http:\/\/www.resonnance.org\/shop\/produit\/piano-et-resonances-op-1-cahier-n-5\/","title":{"rendered":"Piano et R\u00e9sonances Op. 1, Cahier n\u00b0 5"},"content":{"rendered":"<h5 class=\"\">Piano et R\u00e9sonances<br \/>\nOpus 1 : Gestuelle et Dynamique Pianistique<\/h5>\n<div id=\"\" class=\"\"><!-- <img decoding=\"async\" class=\"\"largeart\"\" src=\"\"files\/book\/pianoetresonances5\/art\/front-lg.jpg\"\" width=\"\"230px\"\" height=\"\"325px\"\" align=\"\"right\"\"> --><\/div>\n<p><!-- fadeitout --><\/p>\n<div class=\"\"><\/div>\n<p class=\"\">Cahier n\u00b0 5 : Le Contact<\/p>\n<p class=\"\">\n<p class=\"\">Sans un CONTACT permanent avec le clavier, le jeu devient instable et in\u00e9gal.<\/p>\n<p class=\"\">Cet ouvrage pr\u00e9cise le contenu de cette notion et la mani\u00e8re de l\u2019int\u00e9grer pour assurer une s\u00e9curit\u00e9 avec le clavier de l\u2019instrument.<\/p>\n<p class=\"\">\n<p class=\"\">Marie-Christine Calvet<\/p>\n<p class=\"\">(Edition du CREP)<\/p>\n<p><!-- tracks --><\/p>\n","protected":false},"excerpt":{"rendered":"<p>Piano et R\u00e9sonances Opus 1 : Gestuelle et Dynamique Pianistique Cahier n\u00b0 5 : Le Contact Sans un CONTACT permanent avec le clavier, le jeu devient instable et in\u00e9gal. Cet ouvrage pr\u00e9cise le contenu de cette notion et la mani\u00e8re de l\u2019int\u00e9grer pour assurer une s\u00e9curit\u00e9 avec le clavier de l\u2019instrument. Marie-Christine Calvet (Edition du [&hellip;]<\/p>\n","protected":false},"featured_media":6301,"comment_status":"open","ping_status":"closed","template":"","meta":{"_acf_changed":false},"product_brand":[],"product_cat":[47,125],"product_tag":[],"class_list":{"0":"post-6322","1":"product","2":"type-product","3":"status-publish","4":"has-post-thumbnail","6":"product_cat-livres","7":"product_cat-gestuelle-et-dynamique-pianistique","10":"first","11":"outofstock","12":"shipping-taxable","13":"product-type-simple"},"acf":[],"yoast_head":"<!-- This site is optimized with the Yoast SEO plugin v23.9 - https:\/\/yoast.com\/wordpress\/plugins\/seo\/ -->\n<title>Piano et R\u00e9sonances Op. 1, Cahier n\u00b0 5 - La Boutique<\/title>\n<meta name=\"robots\" content=\"index, follow, max-snippet:-1, max-image-preview:large, max-video-preview:-1\" \/>\n<link rel=\"canonical\" href=\"https:\/\/www.resonnance.org\/shop\/produit\/piano-et-resonances-op-1-cahier-n-5\/\" \/>\n<meta property=\"og:locale\" content=\"fr_FR\" \/>\n<meta property=\"og:type\" content=\"article\" \/>\n<meta property=\"og:title\" content=\"Piano et R\u00e9sonances Op. 1, Cahier n\u00b0 5 - La Boutique\" \/>\n<meta property=\"og:description\" content=\"Piano et R\u00e9sonances Opus 1 : Gestuelle et Dynamique Pianistique Cahier n\u00b0 5 : Le Contact Sans un CONTACT permanent avec le clavier, le jeu devient instable et in\u00e9gal. Cet ouvrage pr\u00e9cise le contenu de cette notion et la mani\u00e8re de l\u2019int\u00e9grer pour assurer une s\u00e9curit\u00e9 avec le clavier de l\u2019instrument. Marie-Christine Calvet (Edition du [&hellip;]\" \/>\n<meta property=\"og:url\" content=\"https:\/\/www.resonnance.org\/shop\/produit\/piano-et-resonances-op-1-cahier-n-5\/\" \/>\n<meta property=\"og:site_name\" content=\"La Boutique\" \/>\n<meta property=\"article:modified_time\" content=\"2016-11-25T21:52:13+00:00\" \/>\n<meta property=\"og:image\" content=\"https:\/\/www.resonnance.org\/shop\/wp-content\/uploads\/sites\/19\/2016\/11\/front-lg-40.jpg\" \/>\n\t<meta property=\"og:image:width\" content=\"230\" \/>\n\t<meta property=\"og:image:height\" content=\"325\" \/>\n\t<meta property=\"og:image:type\" content=\"image\/jpeg\" \/>\n<meta name=\"twitter:card\" content=\"summary_large_image\" \/>\n<script type=\"application\/ld+json\" class=\"yoast-schema-graph\">{\"@context\":\"https:\/\/schema.org\",\"@graph\":[{\"@type\":\"WebPage\",\"@id\":\"https:\/\/www.resonnance.org\/shop\/produit\/piano-et-resonances-op-1-cahier-n-5\/\",\"url\":\"https:\/\/www.resonnance.org\/shop\/produit\/piano-et-resonances-op-1-cahier-n-5\/\",\"name\":\"Piano et R\u00e9sonances Op. 1, Cahier n\u00b0 5 - La Boutique\",\"isPartOf\":{\"@id\":\"https:\/\/www.resonnance.org\/shop\/#website\"},\"primaryImageOfPage\":{\"@id\":\"https:\/\/www.resonnance.org\/shop\/produit\/piano-et-resonances-op-1-cahier-n-5\/#primaryimage\"},\"image\":{\"@id\":\"https:\/\/www.resonnance.org\/shop\/produit\/piano-et-resonances-op-1-cahier-n-5\/#primaryimage\"},\"thumbnailUrl\":\"http:\/\/www.resonnance.org\/shop\/wp-content\/uploads\/sites\/19\/2016\/11\/front-lg-40.jpg\",\"datePublished\":\"2016-11-22T16:30:46+00:00\",\"dateModified\":\"2016-11-25T21:52:13+00:00\",\"breadcrumb\":{\"@id\":\"https:\/\/www.resonnance.org\/shop\/produit\/piano-et-resonances-op-1-cahier-n-5\/#breadcrumb\"},\"inLanguage\":\"fr-FR\",\"potentialAction\":[{\"@type\":\"ReadAction\",\"target\":[\"https:\/\/www.resonnance.org\/shop\/produit\/piano-et-resonances-op-1-cahier-n-5\/\"]}]},{\"@type\":\"ImageObject\",\"inLanguage\":\"fr-FR\",\"@id\":\"https:\/\/www.resonnance.org\/shop\/produit\/piano-et-resonances-op-1-cahier-n-5\/#primaryimage\",\"url\":\"http:\/\/www.resonnance.org\/shop\/wp-content\/uploads\/sites\/19\/2016\/11\/front-lg-40.jpg\",\"contentUrl\":\"http:\/\/www.resonnance.org\/shop\/wp-content\/uploads\/sites\/19\/2016\/11\/front-lg-40.jpg\",\"width\":230,\"height\":325,\"caption\":\"Piano et R\u00e9sonances Op. 1, Cahier n\u00b0 5\"},{\"@type\":\"BreadcrumbList\",\"@id\":\"https:\/\/www.resonnance.org\/shop\/produit\/piano-et-resonances-op-1-cahier-n-5\/#breadcrumb\",\"itemListElement\":[{\"@type\":\"ListItem\",\"position\":1,\"name\":\"Accueil\",\"item\":\"https:\/\/www.resonnance.org\/shop\/\"},{\"@type\":\"ListItem\",\"position\":2,\"name\":\"Boutique\",\"item\":\"https:\/\/www.resonnance.org\/shop\/\"},{\"@type\":\"ListItem\",\"position\":3,\"name\":\"Piano et R\u00e9sonances Op. 1, Cahier n\u00b0 5\"}]},{\"@type\":\"WebSite\",\"@id\":\"https:\/\/www.resonnance.org\/shop\/#website\",\"url\":\"https:\/\/www.resonnance.org\/shop\/\",\"name\":\"La Boutique\",\"description\":\"La boutique R\u00e9sonnance\",\"potentialAction\":[{\"@type\":\"SearchAction\",\"target\":{\"@type\":\"EntryPoint\",\"urlTemplate\":\"https:\/\/www.resonnance.org\/shop\/?s={search_term_string}\"},\"query-input\":{\"@type\":\"PropertyValueSpecification\",\"valueRequired\":true,\"valueName\":\"search_term_string\"}}],\"inLanguage\":\"fr-FR\"}]}<\/script>\n<!-- \/ Yoast SEO plugin. -->","yoast_head_json":{"title":"Piano et R\u00e9sonances Op. 1, Cahier n\u00b0 5 - La Boutique","robots":{"index":"index","follow":"follow","max-snippet":"max-snippet:-1","max-image-preview":"max-image-preview:large","max-video-preview":"max-video-preview:-1"},"canonical":"https:\/\/www.resonnance.org\/shop\/produit\/piano-et-resonances-op-1-cahier-n-5\/","og_locale":"fr_FR","og_type":"article","og_title":"Piano et R\u00e9sonances Op. 1, Cahier n\u00b0 5 - La Boutique","og_description":"Piano et R\u00e9sonances Opus 1 : Gestuelle et Dynamique Pianistique Cahier n\u00b0 5 : Le Contact Sans un CONTACT permanent avec le clavier, le jeu devient instable et in\u00e9gal. Cet ouvrage pr\u00e9cise le contenu de cette notion et la mani\u00e8re de l\u2019int\u00e9grer pour assurer une s\u00e9curit\u00e9 avec le clavier de l\u2019instrument. Marie-Christine Calvet (Edition du [&hellip;]","og_url":"https:\/\/www.resonnance.org\/shop\/produit\/piano-et-resonances-op-1-cahier-n-5\/","og_site_name":"La Boutique","article_modified_time":"2016-11-25T21:52:13+00:00","og_image":[{"width":230,"height":325,"url":"https:\/\/www.resonnance.org\/shop\/wp-content\/uploads\/sites\/19\/2016\/11\/front-lg-40.jpg","type":"image\/jpeg"}],"twitter_card":"summary_large_image","schema":{"@context":"https:\/\/schema.org","@graph":[{"@type":"WebPage","@id":"https:\/\/www.resonnance.org\/shop\/produit\/piano-et-resonances-op-1-cahier-n-5\/","url":"https:\/\/www.resonnance.org\/shop\/produit\/piano-et-resonances-op-1-cahier-n-5\/","name":"Piano et R\u00e9sonances Op. 1, Cahier n\u00b0 5 - La Boutique","isPartOf":{"@id":"https:\/\/www.resonnance.org\/shop\/#website"},"primaryImageOfPage":{"@id":"https:\/\/www.resonnance.org\/shop\/produit\/piano-et-resonances-op-1-cahier-n-5\/#primaryimage"},"image":{"@id":"https:\/\/www.resonnance.org\/shop\/produit\/piano-et-resonances-op-1-cahier-n-5\/#primaryimage"},"thumbnailUrl":"http:\/\/www.resonnance.org\/shop\/wp-content\/uploads\/sites\/19\/2016\/11\/front-lg-40.jpg","datePublished":"2016-11-22T16:30:46+00:00","dateModified":"2016-11-25T21:52:13+00:00","breadcrumb":{"@id":"https:\/\/www.resonnance.org\/shop\/produit\/piano-et-resonances-op-1-cahier-n-5\/#breadcrumb"},"inLanguage":"fr-FR","potentialAction":[{"@type":"ReadAction","target":["https:\/\/www.resonnance.org\/shop\/produit\/piano-et-resonances-op-1-cahier-n-5\/"]}]},{"@type":"ImageObject","inLanguage":"fr-FR","@id":"https:\/\/www.resonnance.org\/shop\/produit\/piano-et-resonances-op-1-cahier-n-5\/#primaryimage","url":"http:\/\/www.resonnance.org\/shop\/wp-content\/uploads\/sites\/19\/2016\/11\/front-lg-40.jpg","contentUrl":"http:\/\/www.resonnance.org\/shop\/wp-content\/uploads\/sites\/19\/2016\/11\/front-lg-40.jpg","width":230,"height":325,"caption":"Piano et R\u00e9sonances Op. 1, Cahier n\u00b0 5"},{"@type":"BreadcrumbList","@id":"https:\/\/www.resonnance.org\/shop\/produit\/piano-et-resonances-op-1-cahier-n-5\/#breadcrumb","itemListElement":[{"@type":"ListItem","position":1,"name":"Accueil","item":"https:\/\/www.resonnance.org\/shop\/"},{"@type":"ListItem","position":2,"name":"Boutique","item":"https:\/\/www.resonnance.org\/shop\/"},{"@type":"ListItem","position":3,"name":"Piano et R\u00e9sonances Op. 1, Cahier n\u00b0 5"}]},{"@type":"WebSite","@id":"https:\/\/www.resonnance.org\/shop\/#website","url":"https:\/\/www.resonnance.org\/shop\/","name":"La Boutique","description":"La boutique R\u00e9sonnance","potentialAction":[{"@type":"SearchAction","target":{"@type":"EntryPoint","urlTemplate":"https:\/\/www.resonnance.org\/shop\/?s={search_term_string}"},"query-input":{"@type":"PropertyValueSpecification","valueRequired":true,"valueName":"search_term_string"}}],"inLanguage":"fr-FR"}]}},"_links":{"self":[{"href":"http:\/\/www.resonnance.org\/shop\/wp-json\/wp\/v2\/product\/6322","targetHints":{"allow":["GET"]}}],"collection":[{"href":"http:\/\/www.resonnance.org\/shop\/wp-json\/wp\/v2\/product"}],"about":[{"href":"http:\/\/www.resonnance.org\/shop\/wp-json\/wp\/v2\/types\/product"}],"replies":[{"embeddable":true,"href":"http:\/\/www.resonnance.org\/shop\/wp-json\/wp\/v2\/comments?post=6322"}],"wp:featuredmedia":[{"embeddable":true,"href":"http:\/\/www.resonnance.org\/shop\/wp-json\/wp\/v2\/media\/6301"}],"wp:attachment":[{"href":"http:\/\/www.resonnance.org\/shop\/wp-json\/wp\/v2\/media?parent=6322"}],"wp:term":[{"taxonomy":"product_brand","embeddable":true,"href":"http:\/\/www.resonnance.org\/shop\/wp-json\/wp\/v2\/product_brand?post=6322"},{"taxonomy":"product_cat","embeddable":true,"href":"http:\/\/www.resonnance.org\/shop\/wp-json\/wp\/v2\/product_cat?post=6322"},{"taxonomy":"product_tag","embeddable":true,"href":"http:\/\/www.resonnance.org\/shop\/wp-json\/wp\/v2\/product_tag?post=6322"}],"curies":[{"name":"wp","href":"https:\/\/api.w.org\/{rel}","templated":true}]}}