{"id":6319,"date":"2016-11-22T17:27:05","date_gmt":"2016-11-22T16:27:05","guid":{"rendered":"https:\/\/www.resonnance.org\/shop\/?post_type=product&#038;p=6319"},"modified":"2016-11-25T22:52:13","modified_gmt":"2016-11-25T21:52:13","slug":"piano-et-resonances-op-1-cahier-n-8","status":"publish","type":"product","link":"http:\/\/www.resonnance.org\/shop\/produit\/piano-et-resonances-op-1-cahier-n-8\/","title":{"rendered":"Piano et R\u00e9sonances Op. 1, Cahier n\u00b0 8"},"content":{"rendered":"<h5 class=\"\">Piano et R\u00e9sonances<br \/>\nOpus 1 : Gestuelle et Dynamique Pianistique<\/h5>\n<div id=\"\" class=\"\"><!-- <img decoding=\"async\" class=\"\"largeart\"\" src=\"\"files\/book\/pianoetresonances8\/art\/front-lg.jpg\"\" width=\"\"230px\"\" height=\"\"325px\"\" align=\"\"right\"\"> --><\/div>\n<p><!-- fadeitout --><\/p>\n<div class=\"\"><\/div>\n<p class=\"\">Cahier n\u00b0 8 : Texte et Gestuelle<\/p>\n<p class=\"\">\n<p class=\"\">SIGNE, SON, GESTE\u2026 La technique est inscrite dans la partition qui r\u00e9v\u00e8le toujours les gestes appropri\u00e9s aux signes textuels et aux sons.<\/p>\n<p class=\"\">Cet ouvrage propose de d\u00e9couvrir la gestuelle de l\u2019expression, acc\u00e8s au processus d\u2019interpr\u00e9tation de l\u2019\u0153uvre musicale.<\/p>\n<p class=\"\">\n<p class=\"\">Marie-Christine Calvet<\/p>\n<p class=\"\">(Edition du CREP)<\/p>\n<p><!-- tracks --><\/p>\n","protected":false},"excerpt":{"rendered":"<p>Piano et R\u00e9sonances Opus 1 : Gestuelle et Dynamique Pianistique Cahier n\u00b0 8 : Texte et Gestuelle SIGNE, SON, GESTE\u2026 La technique est inscrite dans la partition qui r\u00e9v\u00e8le toujours les gestes appropri\u00e9s aux signes textuels et aux sons. Cet ouvrage propose de d\u00e9couvrir la gestuelle de l\u2019expression, acc\u00e8s au processus d\u2019interpr\u00e9tation de l\u2019\u0153uvre musicale. [&hellip;]<\/p>\n","protected":false},"featured_media":6306,"comment_status":"open","ping_status":"closed","template":"","meta":{"_acf_changed":false},"product_brand":[],"product_cat":[47,125],"product_tag":[],"class_list":{"0":"post-6319","1":"product","2":"type-product","3":"status-publish","4":"has-post-thumbnail","6":"product_cat-livres","7":"product_cat-gestuelle-et-dynamique-pianistique","10":"first","11":"outofstock","12":"shipping-taxable","13":"product-type-simple"},"acf":[],"yoast_head":"<!-- This site is optimized with the Yoast SEO plugin v23.9 - https:\/\/yoast.com\/wordpress\/plugins\/seo\/ -->\n<title>Piano et R\u00e9sonances Op. 1, Cahier n\u00b0 8 - La Boutique<\/title>\n<meta name=\"robots\" content=\"index, follow, max-snippet:-1, max-image-preview:large, max-video-preview:-1\" \/>\n<link rel=\"canonical\" href=\"http:\/\/www.resonnance.org\/shop\/produit\/piano-et-resonances-op-1-cahier-n-8\/\" \/>\n<meta property=\"og:locale\" content=\"fr_FR\" \/>\n<meta property=\"og:type\" content=\"article\" \/>\n<meta property=\"og:title\" content=\"Piano et R\u00e9sonances Op. 1, Cahier n\u00b0 8 - La Boutique\" \/>\n<meta property=\"og:description\" content=\"Piano et R\u00e9sonances Opus 1 : Gestuelle et Dynamique Pianistique Cahier n\u00b0 8 : Texte et Gestuelle SIGNE, SON, GESTE\u2026 La technique est inscrite dans la partition qui r\u00e9v\u00e8le toujours les gestes appropri\u00e9s aux signes textuels et aux sons. Cet ouvrage propose de d\u00e9couvrir la gestuelle de l\u2019expression, acc\u00e8s au processus d\u2019interpr\u00e9tation de l\u2019\u0153uvre musicale. [&hellip;]\" \/>\n<meta property=\"og:url\" content=\"http:\/\/www.resonnance.org\/shop\/produit\/piano-et-resonances-op-1-cahier-n-8\/\" \/>\n<meta property=\"og:site_name\" content=\"La Boutique\" \/>\n<meta property=\"article:modified_time\" content=\"2016-11-25T21:52:13+00:00\" \/>\n<meta property=\"og:image\" content=\"http:\/\/www.resonnance.org\/shop\/wp-content\/uploads\/sites\/19\/2016\/11\/front-lg-43.jpg\" \/>\n\t<meta property=\"og:image:width\" content=\"230\" \/>\n\t<meta property=\"og:image:height\" content=\"325\" \/>\n\t<meta property=\"og:image:type\" content=\"image\/jpeg\" \/>\n<meta name=\"twitter:card\" content=\"summary_large_image\" \/>\n<script type=\"application\/ld+json\" class=\"yoast-schema-graph\">{\"@context\":\"https:\/\/schema.org\",\"@graph\":[{\"@type\":\"WebPage\",\"@id\":\"http:\/\/www.resonnance.org\/shop\/produit\/piano-et-resonances-op-1-cahier-n-8\/\",\"url\":\"http:\/\/www.resonnance.org\/shop\/produit\/piano-et-resonances-op-1-cahier-n-8\/\",\"name\":\"Piano et R\u00e9sonances Op. 1, Cahier n\u00b0 8 - La Boutique\",\"isPartOf\":{\"@id\":\"https:\/\/www.resonnance.org\/shop\/#website\"},\"primaryImageOfPage\":{\"@id\":\"http:\/\/www.resonnance.org\/shop\/produit\/piano-et-resonances-op-1-cahier-n-8\/#primaryimage\"},\"image\":{\"@id\":\"http:\/\/www.resonnance.org\/shop\/produit\/piano-et-resonances-op-1-cahier-n-8\/#primaryimage\"},\"thumbnailUrl\":\"http:\/\/www.resonnance.org\/shop\/wp-content\/uploads\/sites\/19\/2016\/11\/front-lg-43.jpg\",\"datePublished\":\"2016-11-22T16:27:05+00:00\",\"dateModified\":\"2016-11-25T21:52:13+00:00\",\"breadcrumb\":{\"@id\":\"http:\/\/www.resonnance.org\/shop\/produit\/piano-et-resonances-op-1-cahier-n-8\/#breadcrumb\"},\"inLanguage\":\"fr-FR\",\"potentialAction\":[{\"@type\":\"ReadAction\",\"target\":[\"http:\/\/www.resonnance.org\/shop\/produit\/piano-et-resonances-op-1-cahier-n-8\/\"]}]},{\"@type\":\"ImageObject\",\"inLanguage\":\"fr-FR\",\"@id\":\"http:\/\/www.resonnance.org\/shop\/produit\/piano-et-resonances-op-1-cahier-n-8\/#primaryimage\",\"url\":\"http:\/\/www.resonnance.org\/shop\/wp-content\/uploads\/sites\/19\/2016\/11\/front-lg-43.jpg\",\"contentUrl\":\"http:\/\/www.resonnance.org\/shop\/wp-content\/uploads\/sites\/19\/2016\/11\/front-lg-43.jpg\",\"width\":230,\"height\":325,\"caption\":\"Piano et R\u00e9sonances Op. 1, Cahier n\u00b0 8\"},{\"@type\":\"BreadcrumbList\",\"@id\":\"http:\/\/www.resonnance.org\/shop\/produit\/piano-et-resonances-op-1-cahier-n-8\/#breadcrumb\",\"itemListElement\":[{\"@type\":\"ListItem\",\"position\":1,\"name\":\"Accueil\",\"item\":\"https:\/\/www.resonnance.org\/shop\/\"},{\"@type\":\"ListItem\",\"position\":2,\"name\":\"Boutique\",\"item\":\"https:\/\/www.resonnance.org\/shop\/\"},{\"@type\":\"ListItem\",\"position\":3,\"name\":\"Piano et R\u00e9sonances Op. 1, Cahier n\u00b0 8\"}]},{\"@type\":\"WebSite\",\"@id\":\"https:\/\/www.resonnance.org\/shop\/#website\",\"url\":\"https:\/\/www.resonnance.org\/shop\/\",\"name\":\"La Boutique\",\"description\":\"La boutique R\u00e9sonnance\",\"potentialAction\":[{\"@type\":\"SearchAction\",\"target\":{\"@type\":\"EntryPoint\",\"urlTemplate\":\"https:\/\/www.resonnance.org\/shop\/?s={search_term_string}\"},\"query-input\":{\"@type\":\"PropertyValueSpecification\",\"valueRequired\":true,\"valueName\":\"search_term_string\"}}],\"inLanguage\":\"fr-FR\"}]}<\/script>\n<!-- \/ Yoast SEO plugin. -->","yoast_head_json":{"title":"Piano et R\u00e9sonances Op. 1, Cahier n\u00b0 8 - La Boutique","robots":{"index":"index","follow":"follow","max-snippet":"max-snippet:-1","max-image-preview":"max-image-preview:large","max-video-preview":"max-video-preview:-1"},"canonical":"http:\/\/www.resonnance.org\/shop\/produit\/piano-et-resonances-op-1-cahier-n-8\/","og_locale":"fr_FR","og_type":"article","og_title":"Piano et R\u00e9sonances Op. 1, Cahier n\u00b0 8 - La Boutique","og_description":"Piano et R\u00e9sonances Opus 1 : Gestuelle et Dynamique Pianistique Cahier n\u00b0 8 : Texte et Gestuelle SIGNE, SON, GESTE\u2026 La technique est inscrite dans la partition qui r\u00e9v\u00e8le toujours les gestes appropri\u00e9s aux signes textuels et aux sons. Cet ouvrage propose de d\u00e9couvrir la gestuelle de l\u2019expression, acc\u00e8s au processus d\u2019interpr\u00e9tation de l\u2019\u0153uvre musicale. [&hellip;]","og_url":"http:\/\/www.resonnance.org\/shop\/produit\/piano-et-resonances-op-1-cahier-n-8\/","og_site_name":"La Boutique","article_modified_time":"2016-11-25T21:52:13+00:00","og_image":[{"width":230,"height":325,"url":"http:\/\/www.resonnance.org\/shop\/wp-content\/uploads\/sites\/19\/2016\/11\/front-lg-43.jpg","type":"image\/jpeg"}],"twitter_card":"summary_large_image","schema":{"@context":"https:\/\/schema.org","@graph":[{"@type":"WebPage","@id":"http:\/\/www.resonnance.org\/shop\/produit\/piano-et-resonances-op-1-cahier-n-8\/","url":"http:\/\/www.resonnance.org\/shop\/produit\/piano-et-resonances-op-1-cahier-n-8\/","name":"Piano et R\u00e9sonances Op. 1, Cahier n\u00b0 8 - La Boutique","isPartOf":{"@id":"https:\/\/www.resonnance.org\/shop\/#website"},"primaryImageOfPage":{"@id":"http:\/\/www.resonnance.org\/shop\/produit\/piano-et-resonances-op-1-cahier-n-8\/#primaryimage"},"image":{"@id":"http:\/\/www.resonnance.org\/shop\/produit\/piano-et-resonances-op-1-cahier-n-8\/#primaryimage"},"thumbnailUrl":"http:\/\/www.resonnance.org\/shop\/wp-content\/uploads\/sites\/19\/2016\/11\/front-lg-43.jpg","datePublished":"2016-11-22T16:27:05+00:00","dateModified":"2016-11-25T21:52:13+00:00","breadcrumb":{"@id":"http:\/\/www.resonnance.org\/shop\/produit\/piano-et-resonances-op-1-cahier-n-8\/#breadcrumb"},"inLanguage":"fr-FR","potentialAction":[{"@type":"ReadAction","target":["http:\/\/www.resonnance.org\/shop\/produit\/piano-et-resonances-op-1-cahier-n-8\/"]}]},{"@type":"ImageObject","inLanguage":"fr-FR","@id":"http:\/\/www.resonnance.org\/shop\/produit\/piano-et-resonances-op-1-cahier-n-8\/#primaryimage","url":"http:\/\/www.resonnance.org\/shop\/wp-content\/uploads\/sites\/19\/2016\/11\/front-lg-43.jpg","contentUrl":"http:\/\/www.resonnance.org\/shop\/wp-content\/uploads\/sites\/19\/2016\/11\/front-lg-43.jpg","width":230,"height":325,"caption":"Piano et R\u00e9sonances Op. 1, Cahier n\u00b0 8"},{"@type":"BreadcrumbList","@id":"http:\/\/www.resonnance.org\/shop\/produit\/piano-et-resonances-op-1-cahier-n-8\/#breadcrumb","itemListElement":[{"@type":"ListItem","position":1,"name":"Accueil","item":"https:\/\/www.resonnance.org\/shop\/"},{"@type":"ListItem","position":2,"name":"Boutique","item":"https:\/\/www.resonnance.org\/shop\/"},{"@type":"ListItem","position":3,"name":"Piano et R\u00e9sonances Op. 1, Cahier n\u00b0 8"}]},{"@type":"WebSite","@id":"https:\/\/www.resonnance.org\/shop\/#website","url":"https:\/\/www.resonnance.org\/shop\/","name":"La Boutique","description":"La boutique R\u00e9sonnance","potentialAction":[{"@type":"SearchAction","target":{"@type":"EntryPoint","urlTemplate":"https:\/\/www.resonnance.org\/shop\/?s={search_term_string}"},"query-input":{"@type":"PropertyValueSpecification","valueRequired":true,"valueName":"search_term_string"}}],"inLanguage":"fr-FR"}]}},"_links":{"self":[{"href":"http:\/\/www.resonnance.org\/shop\/wp-json\/wp\/v2\/product\/6319","targetHints":{"allow":["GET"]}}],"collection":[{"href":"http:\/\/www.resonnance.org\/shop\/wp-json\/wp\/v2\/product"}],"about":[{"href":"http:\/\/www.resonnance.org\/shop\/wp-json\/wp\/v2\/types\/product"}],"replies":[{"embeddable":true,"href":"http:\/\/www.resonnance.org\/shop\/wp-json\/wp\/v2\/comments?post=6319"}],"wp:featuredmedia":[{"embeddable":true,"href":"http:\/\/www.resonnance.org\/shop\/wp-json\/wp\/v2\/media\/6306"}],"wp:attachment":[{"href":"http:\/\/www.resonnance.org\/shop\/wp-json\/wp\/v2\/media?parent=6319"}],"wp:term":[{"taxonomy":"product_brand","embeddable":true,"href":"http:\/\/www.resonnance.org\/shop\/wp-json\/wp\/v2\/product_brand?post=6319"},{"taxonomy":"product_cat","embeddable":true,"href":"http:\/\/www.resonnance.org\/shop\/wp-json\/wp\/v2\/product_cat?post=6319"},{"taxonomy":"product_tag","embeddable":true,"href":"http:\/\/www.resonnance.org\/shop\/wp-json\/wp\/v2\/product_tag?post=6319"}],"curies":[{"name":"wp","href":"https:\/\/api.w.org\/{rel}","templated":true}]}}