{"id":6317,"date":"2016-11-22T17:22:57","date_gmt":"2016-11-22T16:22:57","guid":{"rendered":"https:\/\/www.resonnance.org\/shop\/?post_type=product&#038;p=6317"},"modified":"2020-08-27T08:28:06","modified_gmt":"2020-08-27T06:28:06","slug":"pedagogie-synopsis","status":"publish","type":"product","link":"http:\/\/www.resonnance.org\/shop\/produit\/pedagogie-synopsis\/","title":{"rendered":"P\u00e9dagogie Synopsis"},"content":{"rendered":"<h5 class=\"\">Introduzione alla Pedagogia R\u00e9sonnance<br \/>\nFenomenologia del suono e del gesto<br \/>\nUn percorso di vita<\/h5>\n<h5 class=\"\">Introduction \u00e0 la P\u00e9dagogie R\u00e9sonnance<br \/>\nPh\u00e9nom\u00e9nologie du son et du geste<br \/>\nUn chemin de vie<\/h5>\n<div id=\"\" class=\"\"><!-- <img decoding=\"async\" class=\"\"largeart\"\" src=\"\"files\/book\/pedagogiesynopsis\/art\/front-lg.jpg\"\" width=\"\"186px\"\" height=\"\"325px\"\" align=\"\"right\"\"> --><\/div>\n<p><!-- fadeitout --><\/p>\n<p class=\"\">\u00ab\u00a0Nonostante risulti difficile mettere su carta un sapere la cui natura si manifesta soltanto nell&rsquo;esperienza e per mezzo di essa, ho voluto qui condividere alcune chiavi della <i>Pedagogia R\u00e9sonnance<\/i>, assieme ai valori che queste inducono nella nostra coscienza.\u00a0\u00bb<\/p>\n<p class=\"\">\u00ab\u00a0Bien qu&rsquo;il soit difficile de fixer sur le papier un savoir dont la nature ne se r\u00e9v\u00e8le que dans et par l&rsquo;exp\u00e9rience, j&rsquo;ai souhait\u00e9 partager ici quelques cl\u00e9s de la <i>P\u00e9dagogie R\u00e9sonnance<\/i>, et les valeurs qu&rsquo;elles induisent dans notre conscience.\u00a0\u00bb<\/p>\n<p class=\"\">Elizabeth Sombart<\/p>\n<p class=\"\">(Il Ramo Editore)<\/p>\n<p><!-- tracks --><\/p>\n","protected":false},"excerpt":{"rendered":"<p>Introduzione alla Pedagogia R\u00e9sonnance Fenomenologia del suono e del gesto Un percorso di vita Introduction \u00e0 la P\u00e9dagogie R\u00e9sonnance Ph\u00e9nom\u00e9nologie du son et du geste Un chemin de vie \u00ab\u00a0Nonostante risulti difficile mettere su carta un sapere la cui natura si manifesta soltanto nell&rsquo;esperienza e per mezzo di essa, ho voluto qui condividere alcune chiavi [&hellip;]<\/p>\n","protected":false},"featured_media":6280,"comment_status":"open","ping_status":"closed","template":"","meta":{"_acf_changed":false},"product_brand":[],"product_cat":[47,126],"product_tag":[],"class_list":{"0":"post-6317","1":"product","2":"type-product","3":"status-publish","4":"has-post-thumbnail","6":"product_cat-livres","7":"product_cat-ouvrages","10":"first","11":"instock","12":"shipping-taxable","13":"purchasable","14":"product-type-simple"},"acf":[],"yoast_head":"<!-- This site is optimized with the Yoast SEO plugin v23.9 - https:\/\/yoast.com\/wordpress\/plugins\/seo\/ -->\n<title>P\u00e9dagogie Synopsis - La Boutique<\/title>\n<meta name=\"robots\" content=\"index, follow, max-snippet:-1, max-image-preview:large, max-video-preview:-1\" \/>\n<link rel=\"canonical\" href=\"https:\/\/www.resonnance.org\/shop\/produit\/pedagogie-synopsis\/\" \/>\n<meta property=\"og:locale\" content=\"fr_FR\" \/>\n<meta property=\"og:type\" content=\"article\" \/>\n<meta property=\"og:title\" content=\"P\u00e9dagogie Synopsis - La Boutique\" \/>\n<meta property=\"og:description\" content=\"Introduzione alla Pedagogia R\u00e9sonnance Fenomenologia del suono e del gesto Un percorso di vita Introduction \u00e0 la P\u00e9dagogie R\u00e9sonnance Ph\u00e9nom\u00e9nologie du son et du geste Un chemin de vie \u00ab\u00a0Nonostante risulti difficile mettere su carta un sapere la cui natura si manifesta soltanto nell&rsquo;esperienza e per mezzo di essa, ho voluto qui condividere alcune chiavi [&hellip;]\" \/>\n<meta property=\"og:url\" content=\"https:\/\/www.resonnance.org\/shop\/produit\/pedagogie-synopsis\/\" \/>\n<meta property=\"og:site_name\" content=\"La Boutique\" \/>\n<meta property=\"article:modified_time\" content=\"2020-08-27T06:28:06+00:00\" \/>\n<meta property=\"og:image\" content=\"https:\/\/www.resonnance.org\/shop\/wp-content\/uploads\/sites\/19\/2016\/11\/front-lg-30.jpg\" \/>\n\t<meta property=\"og:image:width\" content=\"229\" \/>\n\t<meta property=\"og:image:height\" content=\"325\" \/>\n\t<meta property=\"og:image:type\" content=\"image\/jpeg\" \/>\n<meta name=\"twitter:card\" content=\"summary_large_image\" \/>\n<meta name=\"twitter:label1\" content=\"Dur\u00e9e de lecture estim\u00e9e\" \/>\n\t<meta name=\"twitter:data1\" content=\"1 minute\" \/>\n<script type=\"application\/ld+json\" class=\"yoast-schema-graph\">{\"@context\":\"https:\/\/schema.org\",\"@graph\":[{\"@type\":\"WebPage\",\"@id\":\"https:\/\/www.resonnance.org\/shop\/produit\/pedagogie-synopsis\/\",\"url\":\"https:\/\/www.resonnance.org\/shop\/produit\/pedagogie-synopsis\/\",\"name\":\"P\u00e9dagogie Synopsis - La Boutique\",\"isPartOf\":{\"@id\":\"https:\/\/www.resonnance.org\/shop\/#website\"},\"primaryImageOfPage\":{\"@id\":\"https:\/\/www.resonnance.org\/shop\/produit\/pedagogie-synopsis\/#primaryimage\"},\"image\":{\"@id\":\"https:\/\/www.resonnance.org\/shop\/produit\/pedagogie-synopsis\/#primaryimage\"},\"thumbnailUrl\":\"http:\/\/www.resonnance.org\/shop\/wp-content\/uploads\/sites\/19\/2016\/11\/front-lg-30.jpg\",\"datePublished\":\"2016-11-22T16:22:57+00:00\",\"dateModified\":\"2020-08-27T06:28:06+00:00\",\"breadcrumb\":{\"@id\":\"https:\/\/www.resonnance.org\/shop\/produit\/pedagogie-synopsis\/#breadcrumb\"},\"inLanguage\":\"fr-FR\",\"potentialAction\":[{\"@type\":\"ReadAction\",\"target\":[\"https:\/\/www.resonnance.org\/shop\/produit\/pedagogie-synopsis\/\"]}]},{\"@type\":\"ImageObject\",\"inLanguage\":\"fr-FR\",\"@id\":\"https:\/\/www.resonnance.org\/shop\/produit\/pedagogie-synopsis\/#primaryimage\",\"url\":\"http:\/\/www.resonnance.org\/shop\/wp-content\/uploads\/sites\/19\/2016\/11\/front-lg-30.jpg\",\"contentUrl\":\"http:\/\/www.resonnance.org\/shop\/wp-content\/uploads\/sites\/19\/2016\/11\/front-lg-30.jpg\",\"width\":229,\"height\":325,\"caption\":\"Introduction \u00e0 la P\u00e9dagogie R\u00e9sonnance\"},{\"@type\":\"BreadcrumbList\",\"@id\":\"https:\/\/www.resonnance.org\/shop\/produit\/pedagogie-synopsis\/#breadcrumb\",\"itemListElement\":[{\"@type\":\"ListItem\",\"position\":1,\"name\":\"Accueil\",\"item\":\"https:\/\/www.resonnance.org\/shop\/\"},{\"@type\":\"ListItem\",\"position\":2,\"name\":\"Boutique\",\"item\":\"https:\/\/www.resonnance.org\/shop\/\"},{\"@type\":\"ListItem\",\"position\":3,\"name\":\"P\u00e9dagogie Synopsis\"}]},{\"@type\":\"WebSite\",\"@id\":\"https:\/\/www.resonnance.org\/shop\/#website\",\"url\":\"https:\/\/www.resonnance.org\/shop\/\",\"name\":\"La Boutique\",\"description\":\"La boutique R\u00e9sonnance\",\"potentialAction\":[{\"@type\":\"SearchAction\",\"target\":{\"@type\":\"EntryPoint\",\"urlTemplate\":\"https:\/\/www.resonnance.org\/shop\/?s={search_term_string}\"},\"query-input\":{\"@type\":\"PropertyValueSpecification\",\"valueRequired\":true,\"valueName\":\"search_term_string\"}}],\"inLanguage\":\"fr-FR\"}]}<\/script>\n<!-- \/ Yoast SEO plugin. -->","yoast_head_json":{"title":"P\u00e9dagogie Synopsis - La Boutique","robots":{"index":"index","follow":"follow","max-snippet":"max-snippet:-1","max-image-preview":"max-image-preview:large","max-video-preview":"max-video-preview:-1"},"canonical":"https:\/\/www.resonnance.org\/shop\/produit\/pedagogie-synopsis\/","og_locale":"fr_FR","og_type":"article","og_title":"P\u00e9dagogie Synopsis - La Boutique","og_description":"Introduzione alla Pedagogia R\u00e9sonnance Fenomenologia del suono e del gesto Un percorso di vita Introduction \u00e0 la P\u00e9dagogie R\u00e9sonnance Ph\u00e9nom\u00e9nologie du son et du geste Un chemin de vie \u00ab\u00a0Nonostante risulti difficile mettere su carta un sapere la cui natura si manifesta soltanto nell&rsquo;esperienza e per mezzo di essa, ho voluto qui condividere alcune chiavi [&hellip;]","og_url":"https:\/\/www.resonnance.org\/shop\/produit\/pedagogie-synopsis\/","og_site_name":"La Boutique","article_modified_time":"2020-08-27T06:28:06+00:00","og_image":[{"width":229,"height":325,"url":"https:\/\/www.resonnance.org\/shop\/wp-content\/uploads\/sites\/19\/2016\/11\/front-lg-30.jpg","type":"image\/jpeg"}],"twitter_card":"summary_large_image","twitter_misc":{"Dur\u00e9e de lecture estim\u00e9e":"1 minute"},"schema":{"@context":"https:\/\/schema.org","@graph":[{"@type":"WebPage","@id":"https:\/\/www.resonnance.org\/shop\/produit\/pedagogie-synopsis\/","url":"https:\/\/www.resonnance.org\/shop\/produit\/pedagogie-synopsis\/","name":"P\u00e9dagogie Synopsis - La Boutique","isPartOf":{"@id":"https:\/\/www.resonnance.org\/shop\/#website"},"primaryImageOfPage":{"@id":"https:\/\/www.resonnance.org\/shop\/produit\/pedagogie-synopsis\/#primaryimage"},"image":{"@id":"https:\/\/www.resonnance.org\/shop\/produit\/pedagogie-synopsis\/#primaryimage"},"thumbnailUrl":"http:\/\/www.resonnance.org\/shop\/wp-content\/uploads\/sites\/19\/2016\/11\/front-lg-30.jpg","datePublished":"2016-11-22T16:22:57+00:00","dateModified":"2020-08-27T06:28:06+00:00","breadcrumb":{"@id":"https:\/\/www.resonnance.org\/shop\/produit\/pedagogie-synopsis\/#breadcrumb"},"inLanguage":"fr-FR","potentialAction":[{"@type":"ReadAction","target":["https:\/\/www.resonnance.org\/shop\/produit\/pedagogie-synopsis\/"]}]},{"@type":"ImageObject","inLanguage":"fr-FR","@id":"https:\/\/www.resonnance.org\/shop\/produit\/pedagogie-synopsis\/#primaryimage","url":"http:\/\/www.resonnance.org\/shop\/wp-content\/uploads\/sites\/19\/2016\/11\/front-lg-30.jpg","contentUrl":"http:\/\/www.resonnance.org\/shop\/wp-content\/uploads\/sites\/19\/2016\/11\/front-lg-30.jpg","width":229,"height":325,"caption":"Introduction \u00e0 la P\u00e9dagogie R\u00e9sonnance"},{"@type":"BreadcrumbList","@id":"https:\/\/www.resonnance.org\/shop\/produit\/pedagogie-synopsis\/#breadcrumb","itemListElement":[{"@type":"ListItem","position":1,"name":"Accueil","item":"https:\/\/www.resonnance.org\/shop\/"},{"@type":"ListItem","position":2,"name":"Boutique","item":"https:\/\/www.resonnance.org\/shop\/"},{"@type":"ListItem","position":3,"name":"P\u00e9dagogie Synopsis"}]},{"@type":"WebSite","@id":"https:\/\/www.resonnance.org\/shop\/#website","url":"https:\/\/www.resonnance.org\/shop\/","name":"La Boutique","description":"La boutique R\u00e9sonnance","potentialAction":[{"@type":"SearchAction","target":{"@type":"EntryPoint","urlTemplate":"https:\/\/www.resonnance.org\/shop\/?s={search_term_string}"},"query-input":{"@type":"PropertyValueSpecification","valueRequired":true,"valueName":"search_term_string"}}],"inLanguage":"fr-FR"}]}},"_links":{"self":[{"href":"http:\/\/www.resonnance.org\/shop\/wp-json\/wp\/v2\/product\/6317","targetHints":{"allow":["GET"]}}],"collection":[{"href":"http:\/\/www.resonnance.org\/shop\/wp-json\/wp\/v2\/product"}],"about":[{"href":"http:\/\/www.resonnance.org\/shop\/wp-json\/wp\/v2\/types\/product"}],"replies":[{"embeddable":true,"href":"http:\/\/www.resonnance.org\/shop\/wp-json\/wp\/v2\/comments?post=6317"}],"wp:featuredmedia":[{"embeddable":true,"href":"http:\/\/www.resonnance.org\/shop\/wp-json\/wp\/v2\/media\/6280"}],"wp:attachment":[{"href":"http:\/\/www.resonnance.org\/shop\/wp-json\/wp\/v2\/media?parent=6317"}],"wp:term":[{"taxonomy":"product_brand","embeddable":true,"href":"http:\/\/www.resonnance.org\/shop\/wp-json\/wp\/v2\/product_brand?post=6317"},{"taxonomy":"product_cat","embeddable":true,"href":"http:\/\/www.resonnance.org\/shop\/wp-json\/wp\/v2\/product_cat?post=6317"},{"taxonomy":"product_tag","embeddable":true,"href":"http:\/\/www.resonnance.org\/shop\/wp-json\/wp\/v2\/product_tag?post=6317"}],"curies":[{"name":"wp","href":"https:\/\/api.w.org\/{rel}","templated":true}]}}