{"id":6314,"date":"2016-11-22T16:50:04","date_gmt":"2016-11-22T15:50:04","guid":{"rendered":"https:\/\/www.resonnance.org\/shop\/?post_type=product&#038;p=6314"},"modified":"2016-11-25T22:01:32","modified_gmt":"2016-11-25T21:01:32","slug":"escapade-symphonique","status":"publish","type":"product","link":"http:\/\/www.resonnance.org\/shop\/produit\/escapade-symphonique\/","title":{"rendered":"Escapade Symphonique"},"content":{"rendered":"<h5 class=\"uppercase white \">Escapade Symphonique<\/h5>\n<p class=\"nomarginbottom \">Jacky Milliet, Fabrice Eulry<br \/>\n&amp; l&rsquo;ensemble symphonique \u00ab\u00a0Accords parfaits\u00a0\u00bb<\/p>\n<p class=\"rt-teaser \">Enregistr\u00e9 les 3, 4 et 5 octobre 2011<\/p>\n<div class=\"tracks \">\n<hr class=\"total-divider \" \/><audio id=\"localAudio \"><\/audio> <!-- localAudio --><\/p>\n<div class=\"mp3Player\" data-src=\"https:\/\/s3-us-west-2.amazonaws.com\/resshop\/audio\/fe_escapadesymph\/excerpts\/track-01.mp3\" data-pos=\"0 \"><button class=\"btnPlayPause \"><span class=\"screen-reader-text \">Play<\/span><\/button> <span class=\"pull-right \">2:57<\/span><\/p>\n<ol class=\"trackinfo\" start=\"1 \">\n<li>La v\u00e9rit\u00e9 (B\u00e9art)<\/li>\n<\/ol>\n<\/div>\n<div class=\"mp3Player\" data-src=\"https:\/\/s3-us-west-2.amazonaws.com\/resshop\/audio\/fe_escapadesymph\/excerpts\/track-02.mp3\" data-pos=\"0 \"><button class=\"btnPlayPause \"><span class=\"screen-reader-text \">Play<\/span><\/button> <span class=\"pull-right \">4:21<\/span><\/p>\n<ol class=\"trackinfo\" start=\"2 \">\n<li>Puisque vous partez en voyage (Nohain)<\/li>\n<\/ol>\n<\/div>\n<div class=\"mp3Player\" data-src=\"https:\/\/s3-us-west-2.amazonaws.com\/resshop\/audio\/fe_escapadesymph\/excerpts\/track-03.mp3\" data-pos=\"0 \"><button class=\"btnPlayPause \"><span class=\"screen-reader-text \">Play<\/span><\/button> <span class=\"pull-right \">3:11<\/span><\/p>\n<ol class=\"trackinfo\" start=\"3 \">\n<li>Quand il est mort le po\u00e8te (B\u00e9caud)<\/li>\n<\/ol>\n<\/div>\n<div class=\"mp3Player\" data-src=\"https:\/\/s3-us-west-2.amazonaws.com\/resshop\/audio\/fe_escapadesymph\/excerpts\/track-04.mp3\" data-pos=\"0 \"><button class=\"btnPlayPause \"><span class=\"screen-reader-text \">Play<\/span><\/button> <span class=\"pull-right \">3:38<\/span><\/p>\n<ol class=\"trackinfo\" start=\"4 \">\n<li>Le quatre de juin (Milliet)<\/li>\n<\/ol>\n<\/div>\n<div class=\"mp3Player\" data-src=\"https:\/\/s3-us-west-2.amazonaws.com\/resshop\/audio\/fe_escapadesymph\/excerpts\/track-05.mp3\" data-pos=\"0 \"><button class=\"btnPlayPause \"><span class=\"screen-reader-text \">Play<\/span><\/button> <span class=\"pull-right \">2:51<\/span><\/p>\n<ol class=\"trackinfo\" start=\"5 \">\n<li>Le soleil a rendez-vous avec la lune (Tr\u00e9net)<\/li>\n<\/ol>\n<\/div>\n<div class=\"mp3Player\" data-src=\"https:\/\/s3-us-west-2.amazonaws.com\/resshop\/audio\/fe_escapadesymph\/excerpts\/track-06.mp3\" data-pos=\"0 \"><button class=\"btnPlayPause \"><span class=\"screen-reader-text \">Play<\/span><\/button> <span class=\"pull-right \">4:55<\/span><\/p>\n<ol class=\"trackinfo\" start=\"6 \">\n<li>Jazz \u00e0 la cr\u00e9ole (Luter)<\/li>\n<\/ol>\n<\/div>\n<div class=\"mp3Player\" data-src=\"https:\/\/s3-us-west-2.amazonaws.com\/resshop\/audio\/fe_escapadesymph\/excerpts\/track-07.mp3\" data-pos=\"0 \"><button class=\"btnPlayPause \"><span class=\"screen-reader-text \">Play<\/span><\/button> <span class=\"pull-right \">4:13<\/span><\/p>\n<ol class=\"trackinfo\" start=\"7 \">\n<li>Les trois cloches (Villars-Gilles)<\/li>\n<\/ol>\n<\/div>\n<div class=\"mp3Player\" data-src=\"https:\/\/s3-us-west-2.amazonaws.com\/resshop\/audio\/fe_escapadesymph\/excerpts\/track-08.mp3\" data-pos=\"0 \"><button class=\"btnPlayPause \"><span class=\"screen-reader-text \">Play<\/span><\/button> <span class=\"pull-right \">3:05<\/span><\/p>\n<ol class=\"trackinfo\" start=\"8 \">\n<li>La balade des gens heureux (Lenorman)<\/li>\n<\/ol>\n<\/div>\n<div class=\"mp3Player\" data-src=\"https:\/\/s3-us-west-2.amazonaws.com\/resshop\/audio\/fe_escapadesymph\/excerpts\/track-09.mp3\" data-pos=\"0 \"><button class=\"btnPlayPause \"><span class=\"screen-reader-text \">Play<\/span><\/button> <span class=\"pull-right \">3:07<\/span><\/p>\n<ol class=\"trackinfo\" start=\"9 \">\n<li>Down Mexico way (Carr-Kennedy)<\/li>\n<\/ol>\n<\/div>\n<div class=\"mp3Player\" data-src=\"https:\/\/s3-us-west-2.amazonaws.com\/resshop\/audio\/fe_escapadesymph\/excerpts\/track-10.mp3\" data-pos=\"0 \"><button class=\"btnPlayPause \"><span class=\"screen-reader-text \">Play<\/span><\/button> <span class=\"pull-right \">5:01<\/span><\/p>\n<ol class=\"trackinfo\" start=\"10 \">\n<li>Wabash blues (Meinken-Ringle)<\/li>\n<\/ol>\n<\/div>\n<div class=\"mp3Player\" data-src=\"https:\/\/s3-us-west-2.amazonaws.com\/resshop\/audio\/fe_escapadesymph\/excerpts\/track-11.mp3\" data-pos=\"0 \"><button class=\"btnPlayPause \"><span class=\"screen-reader-text \">Play<\/span><\/button> <span class=\"pull-right \">2:50<\/span><\/p>\n<ol class=\"trackinfo\" start=\"11 \">\n<li>Eternel B\u00e9bel (Fabrice Eulry)<\/li>\n<\/ol>\n<\/div>\n<div class=\"mp3Player\" data-src=\"https:\/\/s3-us-west-2.amazonaws.com\/resshop\/audio\/fe_escapadesymph\/excerpts\/track-12.mp3\" data-pos=\"0 \"><button class=\"btnPlayPause \"><span class=\"screen-reader-text \">Play<\/span><\/button> <span class=\"pull-right \">3:12<\/span><\/p>\n<ol class=\"trackinfo\" start=\"12 \">\n<li>Petite fleur (B\u00e9chet)<\/li>\n<\/ol>\n<\/div>\n<div class=\"mp3Player\" data-src=\"https:\/\/s3-us-west-2.amazonaws.com\/resshop\/audio\/fe_escapadesymph\/excerpts\/track-13.mp3\" data-pos=\"0 \"><button class=\"btnPlayPause \"><span class=\"screen-reader-text \">Play<\/span><\/button> <span class=\"pull-right \">4:06<\/span><\/p>\n<ol class=\"trackinfo\" start=\"13 \">\n<li>Boogie casscord (Fabrice Eulry)<\/li>\n<\/ol>\n<\/div>\n<hr class=\"total-divider \" \/>\n<div class=\"mp3Player \"><span class=\"pull-right \">45:27<\/span> <span class=\"infoLabel \">Dur\u00e9e totale<\/span><\/div>\n<\/div>\n<p><!-- tracks --><\/p>\n","protected":false},"excerpt":{"rendered":"<p>Escapade Symphonique Jacky Milliet, Fabrice Eulry &amp; l&rsquo;ensemble symphonique \u00ab\u00a0Accords parfaits\u00a0\u00bb Enregistr\u00e9 les 3, 4 et 5 octobre 2011 Play 2:57 La v\u00e9rit\u00e9 (B\u00e9art) Play 4:21 Puisque vous partez en voyage (Nohain) Play 3:11 Quand il est mort le po\u00e8te (B\u00e9caud) Play 3:38 Le quatre de juin (Milliet) Play 2:51 Le soleil a rendez-vous avec [&hellip;]<\/p>\n","protected":false},"featured_media":6258,"comment_status":"open","ping_status":"closed","template":"","meta":{"_acf_changed":false},"product_brand":[],"product_cat":[48,51],"product_tag":[],"class_list":{"0":"post-6314","1":"product","2":"type-product","3":"status-publish","4":"has-post-thumbnail","6":"product_cat-cd","7":"product_cat-fabrice-eulry","10":"first","11":"instock","12":"shipping-taxable","13":"purchasable","14":"product-type-simple"},"acf":[],"yoast_head":"<!-- This site is optimized with the Yoast SEO plugin v23.9 - https:\/\/yoast.com\/wordpress\/plugins\/seo\/ -->\n<title>Escapade Symphonique - La Boutique<\/title>\n<meta name=\"robots\" content=\"index, follow, max-snippet:-1, max-image-preview:large, max-video-preview:-1\" \/>\n<link rel=\"canonical\" href=\"https:\/\/www.resonnance.org\/shop\/produit\/escapade-symphonique\/\" \/>\n<meta property=\"og:locale\" content=\"fr_FR\" \/>\n<meta property=\"og:type\" content=\"article\" \/>\n<meta property=\"og:title\" content=\"Escapade Symphonique - La Boutique\" \/>\n<meta property=\"og:description\" content=\"Escapade Symphonique Jacky Milliet, Fabrice Eulry &amp; l&rsquo;ensemble symphonique \u00ab\u00a0Accords parfaits\u00a0\u00bb Enregistr\u00e9 les 3, 4 et 5 octobre 2011 Play 2:57 La v\u00e9rit\u00e9 (B\u00e9art) Play 4:21 Puisque vous partez en voyage (Nohain) Play 3:11 Quand il est mort le po\u00e8te (B\u00e9caud) Play 3:38 Le quatre de juin (Milliet) Play 2:51 Le soleil a rendez-vous avec [&hellip;]\" \/>\n<meta property=\"og:url\" content=\"https:\/\/www.resonnance.org\/shop\/produit\/escapade-symphonique\/\" \/>\n<meta property=\"og:site_name\" content=\"La Boutique\" \/>\n<meta property=\"article:modified_time\" content=\"2016-11-25T21:01:32+00:00\" \/>\n<meta property=\"og:image\" content=\"https:\/\/www.resonnance.org\/shop\/wp-content\/uploads\/sites\/19\/2016\/11\/front-lg-19.jpg\" \/>\n\t<meta property=\"og:image:width\" content=\"230\" \/>\n\t<meta property=\"og:image:height\" content=\"230\" \/>\n\t<meta property=\"og:image:type\" content=\"image\/jpeg\" \/>\n<meta name=\"twitter:card\" content=\"summary_large_image\" \/>\n<meta name=\"twitter:label1\" content=\"Dur\u00e9e de lecture estim\u00e9e\" \/>\n\t<meta name=\"twitter:data1\" content=\"1 minute\" \/>\n<script type=\"application\/ld+json\" class=\"yoast-schema-graph\">{\"@context\":\"https:\/\/schema.org\",\"@graph\":[{\"@type\":\"WebPage\",\"@id\":\"https:\/\/www.resonnance.org\/shop\/produit\/escapade-symphonique\/\",\"url\":\"https:\/\/www.resonnance.org\/shop\/produit\/escapade-symphonique\/\",\"name\":\"Escapade Symphonique - La Boutique\",\"isPartOf\":{\"@id\":\"https:\/\/www.resonnance.org\/shop\/#website\"},\"primaryImageOfPage\":{\"@id\":\"https:\/\/www.resonnance.org\/shop\/produit\/escapade-symphonique\/#primaryimage\"},\"image\":{\"@id\":\"https:\/\/www.resonnance.org\/shop\/produit\/escapade-symphonique\/#primaryimage\"},\"thumbnailUrl\":\"http:\/\/www.resonnance.org\/shop\/wp-content\/uploads\/sites\/19\/2016\/11\/front-lg-19.jpg\",\"datePublished\":\"2016-11-22T15:50:04+00:00\",\"dateModified\":\"2016-11-25T21:01:32+00:00\",\"breadcrumb\":{\"@id\":\"https:\/\/www.resonnance.org\/shop\/produit\/escapade-symphonique\/#breadcrumb\"},\"inLanguage\":\"fr-FR\",\"potentialAction\":[{\"@type\":\"ReadAction\",\"target\":[\"https:\/\/www.resonnance.org\/shop\/produit\/escapade-symphonique\/\"]}]},{\"@type\":\"ImageObject\",\"inLanguage\":\"fr-FR\",\"@id\":\"https:\/\/www.resonnance.org\/shop\/produit\/escapade-symphonique\/#primaryimage\",\"url\":\"http:\/\/www.resonnance.org\/shop\/wp-content\/uploads\/sites\/19\/2016\/11\/front-lg-19.jpg\",\"contentUrl\":\"http:\/\/www.resonnance.org\/shop\/wp-content\/uploads\/sites\/19\/2016\/11\/front-lg-19.jpg\",\"width\":230,\"height\":230,\"caption\":\"Escapade Symphonique\"},{\"@type\":\"BreadcrumbList\",\"@id\":\"https:\/\/www.resonnance.org\/shop\/produit\/escapade-symphonique\/#breadcrumb\",\"itemListElement\":[{\"@type\":\"ListItem\",\"position\":1,\"name\":\"Accueil\",\"item\":\"https:\/\/www.resonnance.org\/shop\/\"},{\"@type\":\"ListItem\",\"position\":2,\"name\":\"Boutique\",\"item\":\"https:\/\/www.resonnance.org\/shop\/\"},{\"@type\":\"ListItem\",\"position\":3,\"name\":\"Escapade Symphonique\"}]},{\"@type\":\"WebSite\",\"@id\":\"https:\/\/www.resonnance.org\/shop\/#website\",\"url\":\"https:\/\/www.resonnance.org\/shop\/\",\"name\":\"La Boutique\",\"description\":\"La boutique R\u00e9sonnance\",\"potentialAction\":[{\"@type\":\"SearchAction\",\"target\":{\"@type\":\"EntryPoint\",\"urlTemplate\":\"https:\/\/www.resonnance.org\/shop\/?s={search_term_string}\"},\"query-input\":{\"@type\":\"PropertyValueSpecification\",\"valueRequired\":true,\"valueName\":\"search_term_string\"}}],\"inLanguage\":\"fr-FR\"}]}<\/script>\n<!-- \/ Yoast SEO plugin. -->","yoast_head_json":{"title":"Escapade Symphonique - La Boutique","robots":{"index":"index","follow":"follow","max-snippet":"max-snippet:-1","max-image-preview":"max-image-preview:large","max-video-preview":"max-video-preview:-1"},"canonical":"https:\/\/www.resonnance.org\/shop\/produit\/escapade-symphonique\/","og_locale":"fr_FR","og_type":"article","og_title":"Escapade Symphonique - La Boutique","og_description":"Escapade Symphonique Jacky Milliet, Fabrice Eulry &amp; l&rsquo;ensemble symphonique \u00ab\u00a0Accords parfaits\u00a0\u00bb Enregistr\u00e9 les 3, 4 et 5 octobre 2011 Play 2:57 La v\u00e9rit\u00e9 (B\u00e9art) Play 4:21 Puisque vous partez en voyage (Nohain) Play 3:11 Quand il est mort le po\u00e8te (B\u00e9caud) Play 3:38 Le quatre de juin (Milliet) Play 2:51 Le soleil a rendez-vous avec [&hellip;]","og_url":"https:\/\/www.resonnance.org\/shop\/produit\/escapade-symphonique\/","og_site_name":"La Boutique","article_modified_time":"2016-11-25T21:01:32+00:00","og_image":[{"width":230,"height":230,"url":"https:\/\/www.resonnance.org\/shop\/wp-content\/uploads\/sites\/19\/2016\/11\/front-lg-19.jpg","type":"image\/jpeg"}],"twitter_card":"summary_large_image","twitter_misc":{"Dur\u00e9e de lecture estim\u00e9e":"1 minute"},"schema":{"@context":"https:\/\/schema.org","@graph":[{"@type":"WebPage","@id":"https:\/\/www.resonnance.org\/shop\/produit\/escapade-symphonique\/","url":"https:\/\/www.resonnance.org\/shop\/produit\/escapade-symphonique\/","name":"Escapade Symphonique - La Boutique","isPartOf":{"@id":"https:\/\/www.resonnance.org\/shop\/#website"},"primaryImageOfPage":{"@id":"https:\/\/www.resonnance.org\/shop\/produit\/escapade-symphonique\/#primaryimage"},"image":{"@id":"https:\/\/www.resonnance.org\/shop\/produit\/escapade-symphonique\/#primaryimage"},"thumbnailUrl":"http:\/\/www.resonnance.org\/shop\/wp-content\/uploads\/sites\/19\/2016\/11\/front-lg-19.jpg","datePublished":"2016-11-22T15:50:04+00:00","dateModified":"2016-11-25T21:01:32+00:00","breadcrumb":{"@id":"https:\/\/www.resonnance.org\/shop\/produit\/escapade-symphonique\/#breadcrumb"},"inLanguage":"fr-FR","potentialAction":[{"@type":"ReadAction","target":["https:\/\/www.resonnance.org\/shop\/produit\/escapade-symphonique\/"]}]},{"@type":"ImageObject","inLanguage":"fr-FR","@id":"https:\/\/www.resonnance.org\/shop\/produit\/escapade-symphonique\/#primaryimage","url":"http:\/\/www.resonnance.org\/shop\/wp-content\/uploads\/sites\/19\/2016\/11\/front-lg-19.jpg","contentUrl":"http:\/\/www.resonnance.org\/shop\/wp-content\/uploads\/sites\/19\/2016\/11\/front-lg-19.jpg","width":230,"height":230,"caption":"Escapade Symphonique"},{"@type":"BreadcrumbList","@id":"https:\/\/www.resonnance.org\/shop\/produit\/escapade-symphonique\/#breadcrumb","itemListElement":[{"@type":"ListItem","position":1,"name":"Accueil","item":"https:\/\/www.resonnance.org\/shop\/"},{"@type":"ListItem","position":2,"name":"Boutique","item":"https:\/\/www.resonnance.org\/shop\/"},{"@type":"ListItem","position":3,"name":"Escapade Symphonique"}]},{"@type":"WebSite","@id":"https:\/\/www.resonnance.org\/shop\/#website","url":"https:\/\/www.resonnance.org\/shop\/","name":"La Boutique","description":"La boutique R\u00e9sonnance","potentialAction":[{"@type":"SearchAction","target":{"@type":"EntryPoint","urlTemplate":"https:\/\/www.resonnance.org\/shop\/?s={search_term_string}"},"query-input":{"@type":"PropertyValueSpecification","valueRequired":true,"valueName":"search_term_string"}}],"inLanguage":"fr-FR"}]}},"_links":{"self":[{"href":"http:\/\/www.resonnance.org\/shop\/wp-json\/wp\/v2\/product\/6314","targetHints":{"allow":["GET"]}}],"collection":[{"href":"http:\/\/www.resonnance.org\/shop\/wp-json\/wp\/v2\/product"}],"about":[{"href":"http:\/\/www.resonnance.org\/shop\/wp-json\/wp\/v2\/types\/product"}],"replies":[{"embeddable":true,"href":"http:\/\/www.resonnance.org\/shop\/wp-json\/wp\/v2\/comments?post=6314"}],"wp:featuredmedia":[{"embeddable":true,"href":"http:\/\/www.resonnance.org\/shop\/wp-json\/wp\/v2\/media\/6258"}],"wp:attachment":[{"href":"http:\/\/www.resonnance.org\/shop\/wp-json\/wp\/v2\/media?parent=6314"}],"wp:term":[{"taxonomy":"product_brand","embeddable":true,"href":"http:\/\/www.resonnance.org\/shop\/wp-json\/wp\/v2\/product_brand?post=6314"},{"taxonomy":"product_cat","embeddable":true,"href":"http:\/\/www.resonnance.org\/shop\/wp-json\/wp\/v2\/product_cat?post=6314"},{"taxonomy":"product_tag","embeddable":true,"href":"http:\/\/www.resonnance.org\/shop\/wp-json\/wp\/v2\/product_tag?post=6314"}],"curies":[{"name":"wp","href":"https:\/\/api.w.org\/{rel}","templated":true}]}}