{"id":2083,"date":"2016-06-17T00:18:32","date_gmt":"2016-06-16T22:18:32","guid":{"rendered":"https:\/\/www.resonnance.org\/be\/evenements\/"},"modified":"2016-08-19T12:59:16","modified_gmt":"2016-08-19T10:59:16","slug":"evenements","status":"publish","type":"page","link":"http:\/\/www.resonnance.org\/be\/evenements\/","title":{"rendered":"Prochains \u00e9v\u00e9nements"},"content":{"rendered":"<p>\u00c9v\u00e9nements pass\u00e9s<\/p>\n","protected":false},"excerpt":{"rendered":"<p>CONTENTS<\/p>\n","protected":false},"author":1,"featured_media":0,"parent":0,"menu_order":7,"comment_status":"closed","ping_status":"open","template":"page-event.php","meta":{"_acf_changed":false,"footnotes":""},"class_list":["post-2083","page","type-page","status-publish","hentry"],"acf":[],"yoast_head":"<!-- This site is optimized with the Yoast SEO plugin v23.9 - https:\/\/yoast.com\/wordpress\/plugins\/seo\/ -->\n<title>Prochains \u00e9v\u00e9nements - Belgie<\/title>\n<meta name=\"robots\" content=\"index, follow, max-snippet:-1, max-image-preview:large, max-video-preview:-1\" \/>\n<link rel=\"canonical\" href=\"http:\/\/www.resonnance.org\/be\/evenements\/\" \/>\n<meta property=\"og:locale\" content=\"fr_FR\" \/>\n<meta property=\"og:type\" content=\"article\" \/>\n<meta property=\"og:title\" content=\"Prochains \u00e9v\u00e9nements - Belgie\" \/>\n<meta property=\"og:description\" content=\"CONTENTS\" \/>\n<meta property=\"og:url\" content=\"http:\/\/www.resonnance.org\/be\/evenements\/\" \/>\n<meta property=\"og:site_name\" content=\"Belgie\" \/>\n<meta property=\"article:modified_time\" content=\"2016-08-19T10:59:16+00:00\" \/>\n<meta name=\"twitter:card\" content=\"summary_large_image\" \/>\n<script type=\"application\/ld+json\" class=\"yoast-schema-graph\">{\"@context\":\"https:\/\/schema.org\",\"@graph\":[{\"@type\":\"WebPage\",\"@id\":\"http:\/\/www.resonnance.org\/be\/evenements\/\",\"url\":\"http:\/\/www.resonnance.org\/be\/evenements\/\",\"name\":\"Prochains \u00e9v\u00e9nements - Belgie\",\"isPartOf\":{\"@id\":\"http:\/\/www.resonnance.org\/be\/#website\"},\"datePublished\":\"2016-06-16T22:18:32+00:00\",\"dateModified\":\"2016-08-19T10:59:16+00:00\",\"breadcrumb\":{\"@id\":\"http:\/\/www.resonnance.org\/be\/evenements\/#breadcrumb\"},\"inLanguage\":\"fr-FR\",\"potentialAction\":[{\"@type\":\"ReadAction\",\"target\":[\"http:\/\/www.resonnance.org\/be\/evenements\/\"]}]},{\"@type\":\"BreadcrumbList\",\"@id\":\"http:\/\/www.resonnance.org\/be\/evenements\/#breadcrumb\",\"itemListElement\":[{\"@type\":\"ListItem\",\"position\":1,\"name\":\"Accueil\",\"item\":\"http:\/\/www.resonnance.org\/be\/\"},{\"@type\":\"ListItem\",\"position\":2,\"name\":\"Prochains \u00e9v\u00e9nements\"}]},{\"@type\":\"WebSite\",\"@id\":\"http:\/\/www.resonnance.org\/be\/#website\",\"url\":\"http:\/\/www.resonnance.org\/be\/\",\"name\":\"Belgie\",\"description\":\"Un monde en R\u00e9sonnance\",\"potentialAction\":[{\"@type\":\"SearchAction\",\"target\":{\"@type\":\"EntryPoint\",\"urlTemplate\":\"http:\/\/www.resonnance.org\/be\/?s={search_term_string}\"},\"query-input\":{\"@type\":\"PropertyValueSpecification\",\"valueRequired\":true,\"valueName\":\"search_term_string\"}}],\"inLanguage\":\"fr-FR\"}]}<\/script>\n<!-- \/ Yoast SEO plugin. -->","yoast_head_json":{"title":"Prochains \u00e9v\u00e9nements - Belgie","robots":{"index":"index","follow":"follow","max-snippet":"max-snippet:-1","max-image-preview":"max-image-preview:large","max-video-preview":"max-video-preview:-1"},"canonical":"http:\/\/www.resonnance.org\/be\/evenements\/","og_locale":"fr_FR","og_type":"article","og_title":"Prochains \u00e9v\u00e9nements - Belgie","og_description":"CONTENTS","og_url":"http:\/\/www.resonnance.org\/be\/evenements\/","og_site_name":"Belgie","article_modified_time":"2016-08-19T10:59:16+00:00","twitter_card":"summary_large_image","schema":{"@context":"https:\/\/schema.org","@graph":[{"@type":"WebPage","@id":"http:\/\/www.resonnance.org\/be\/evenements\/","url":"http:\/\/www.resonnance.org\/be\/evenements\/","name":"Prochains \u00e9v\u00e9nements - Belgie","isPartOf":{"@id":"http:\/\/www.resonnance.org\/be\/#website"},"datePublished":"2016-06-16T22:18:32+00:00","dateModified":"2016-08-19T10:59:16+00:00","breadcrumb":{"@id":"http:\/\/www.resonnance.org\/be\/evenements\/#breadcrumb"},"inLanguage":"fr-FR","potentialAction":[{"@type":"ReadAction","target":["http:\/\/www.resonnance.org\/be\/evenements\/"]}]},{"@type":"BreadcrumbList","@id":"http:\/\/www.resonnance.org\/be\/evenements\/#breadcrumb","itemListElement":[{"@type":"ListItem","position":1,"name":"Accueil","item":"http:\/\/www.resonnance.org\/be\/"},{"@type":"ListItem","position":2,"name":"Prochains \u00e9v\u00e9nements"}]},{"@type":"WebSite","@id":"http:\/\/www.resonnance.org\/be\/#website","url":"http:\/\/www.resonnance.org\/be\/","name":"Belgie","description":"Un monde en R\u00e9sonnance","potentialAction":[{"@type":"SearchAction","target":{"@type":"EntryPoint","urlTemplate":"http:\/\/www.resonnance.org\/be\/?s={search_term_string}"},"query-input":{"@type":"PropertyValueSpecification","valueRequired":true,"valueName":"search_term_string"}}],"inLanguage":"fr-FR"}]}},"_links":{"self":[{"href":"http:\/\/www.resonnance.org\/be\/wp-json\/wp\/v2\/pages\/2083","targetHints":{"allow":["GET"]}}],"collection":[{"href":"http:\/\/www.resonnance.org\/be\/wp-json\/wp\/v2\/pages"}],"about":[{"href":"http:\/\/www.resonnance.org\/be\/wp-json\/wp\/v2\/types\/page"}],"author":[{"embeddable":true,"href":"http:\/\/www.resonnance.org\/be\/wp-json\/wp\/v2\/users\/1"}],"replies":[{"embeddable":true,"href":"http:\/\/www.resonnance.org\/be\/wp-json\/wp\/v2\/comments?post=2083"}],"version-history":[{"count":0,"href":"http:\/\/www.resonnance.org\/be\/wp-json\/wp\/v2\/pages\/2083\/revisions"}],"wp:attachment":[{"href":"http:\/\/www.resonnance.org\/be\/wp-json\/wp\/v2\/media?parent=2083"}],"curies":[{"name":"wp","href":"https:\/\/api.w.org\/{rel}","templated":true}]}}